{"id":4407,"date":"2021-02-22T13:46:42","date_gmt":"2021-02-22T18:46:42","guid":{"rendered":"https:\/\/balanzasybasculas.com.co\/?page_id=4407"},"modified":"2025-01-24T17:32:06","modified_gmt":"2025-01-24T22:32:06","slug":"agitadores-de-helice-2","status":"publish","type":"page","link":"https:\/\/balanzasybasculas.com.co\/?page_id=4407","title":{"rendered":"Agitadores de h\u00e9lice Ohaus"},"content":{"rendered":"\t\t<div data-elementor-type=\"wp-page\" data-elementor-id=\"4407\" class=\"elementor elementor-4407\" data-elementor-post-type=\"page\">\n\t\t\t\t\t\t<section class=\"elementor-section elementor-top-section elementor-element elementor-element-e9ef351 elementor-section-boxed elementor-section-height-default elementor-section-height-default\" data-id=\"e9ef351\" data-element_type=\"section\" data-e-type=\"section\" data-settings=\"{&quot;jet_parallax_layout_list&quot;:[{&quot;jet_parallax_layout_image&quot;:{&quot;url&quot;:&quot;&quot;,&quot;id&quot;:&quot;&quot;,&quot;size&quot;:&quot;&quot;},&quot;_id&quot;:&quot;3cbe43e&quot;,&quot;jet_parallax_layout_image_tablet&quot;:{&quot;url&quot;:&quot;&quot;,&quot;id&quot;:&quot;&quot;,&quot;size&quot;:&quot;&quot;},&quot;jet_parallax_layout_image_mobile&quot;:{&quot;url&quot;:&quot;&quot;,&quot;id&quot;:&quot;&quot;,&quot;size&quot;:&quot;&quot;},&quot;jet_parallax_layout_speed&quot;:{&quot;unit&quot;:&quot;%&quot;,&quot;size&quot;:50,&quot;sizes&quot;:[]},&quot;jet_parallax_layout_type&quot;:&quot;scroll&quot;,&quot;jet_parallax_layout_direction&quot;:null,&quot;jet_parallax_layout_fx_direction&quot;:null,&quot;jet_parallax_layout_z_index&quot;:&quot;&quot;,&quot;jet_parallax_layout_bg_x&quot;:50,&quot;jet_parallax_layout_bg_x_tablet&quot;:&quot;&quot;,&quot;jet_parallax_layout_bg_x_mobile&quot;:&quot;&quot;,&quot;jet_parallax_layout_bg_y&quot;:50,&quot;jet_parallax_layout_bg_y_tablet&quot;:&quot;&quot;,&quot;jet_parallax_layout_bg_y_mobile&quot;:&quot;&quot;,&quot;jet_parallax_layout_bg_size&quot;:&quot;auto&quot;,&quot;jet_parallax_layout_bg_size_tablet&quot;:&quot;&quot;,&quot;jet_parallax_layout_bg_size_mobile&quot;:&quot;&quot;,&quot;jet_parallax_layout_animation_prop&quot;:&quot;transform&quot;,&quot;jet_parallax_layout_on&quot;:[&quot;desktop&quot;,&quot;tablet&quot;]}]}\">\n\t\t\t\t\t\t<div class=\"elementor-container elementor-column-gap-default\">\n\t\t\t\t\t<div class=\"elementor-column elementor-col-100 elementor-top-column elementor-element elementor-element-43c1313\" data-id=\"43c1313\" data-element_type=\"column\" data-e-type=\"column\">\n\t\t\t<div class=\"elementor-widget-wrap elementor-element-populated\">\n\t\t\t\t\t\t<div class=\"elementor-element elementor-element-11e2a37 elementor-widget elementor-widget-jet-slider\" data-id=\"11e2a37\" data-element_type=\"widget\" data-e-type=\"widget\" data-settings=\"{&quot;slider_height&quot;:{&quot;unit&quot;:&quot;px&quot;,&quot;size&quot;:400,&quot;sizes&quot;:[]},&quot;slider_height_tablet&quot;:{&quot;unit&quot;:&quot;px&quot;,&quot;size&quot;:&quot;&quot;,&quot;sizes&quot;:[]},&quot;slider_height_mobile&quot;:{&quot;unit&quot;:&quot;px&quot;,&quot;size&quot;:&quot;&quot;,&quot;sizes&quot;:[]}}\" data-widget_type=\"jet-slider.default\">\n\t\t\t\t<div class=\"elementor-widget-container\">\n\t\t\t\t\t<div class=\"elementor-jet-slider jet-elements\">\n<div class=\"jet-slider jet-slider__image-exact\" data-settings='{\"sliderWidth\":{\"unit\":\"%\",\"size\":100,\"sizes\":[]},\"sliderHeight\":{\"unit\":\"px\",\"size\":400,\"sizes\":[]},\"sliderNavigation\":false,\"sliderNavigationIcon\":\"jet-slider__arrow-icon-11e2a37\",\"sliderNaviOnHover\":false,\"sliderPagination\":false,\"sliderAutoplay\":true,\"sliderAutoplayDelay\":8000,\"sliderAutoplayOnHover\":\"pause\",\"sliderFullScreen\":false,\"sliderFullscreenIcon\":\"jet-slider__fullscreen-icon-11e2a37\",\"sliderShuffle\":false,\"sliderLoop\":true,\"sliderFadeMode\":false,\"slideDistance\":{\"unit\":\"px\",\"size\":0,\"sizes\":[]},\"slideDuration\":500,\"imageScaleMode\":\"exact\",\"thumbnails\":false,\"thumbnailWidth\":120,\"thumbnailHeight\":80,\"rightToLeft\":false,\"touchswipe\":true,\"fractionPag\":false}'>\n\t\n<div class=\"slider-pro\"><div class=\"jet-slider__arrow-icon-11e2a37 hidden-html\"><\/div><div class=\"jet-slider__fullscreen-icon-11e2a37 hidden-html\"><\/div><div class=\"jet-slider__items sp-slides\">\n\n<div  class=\"jet-slider__item sp-slide elementor-repeater-item-035f9c1\"><img decoding=\"async\" class=\"sp-image\" src=\"https:\/\/balanzasybasculas.com.co\/wp-content\/uploads\/2022\/09\/agitador-helicet-ohaus-avanza-internacional-group-1024x366.png\" alt=\"agitador-helicet-ohaus-avanza-internacional-group\" loading=\"lazy\"><div class=\"jet-slider__content sp-layer \" data-position=\"centerCenter\" data-width=\"100%\" data-height=\"100%\" data-horizontal=\"0%\" data-show-transition=\"up\" data-show-duration=\"400\" data-show-delay=\"400\" >\n\t\t<div class=\"jet-slider__content-item\">\n\t\t\t<div class=\"jet-slider__content-inner\"><h5 class=\"jet-slider__title\">Agitadores de H\u00e9lice<\/h5><h5 class=\"jet-slider__subtitle\">ACHIEVER\u2122 5000<\/h5><div class=\"jet-slider__desc\">ofrece una agitaci\u00f3n precisa y<br> controlada  de l\u00edquidos viscosos <br>con un  funcionamiento silencioso.<\/div>\n\t\t\t\t\t\t<div class=\"jet-slider__button-wrapper\"><a class=\"elementor-button elementor-size-md jet-slider__button jet-slider__button--primary\" href=\"https:\/\/www.youtube.com\/watch?v=tMDI1sTEGRs\">Ver video <\/a>\t\t\t\t\t\t<\/div><\/div>\n\t\t<\/div>\n\t\t\t<\/div>\n<\/div>\n\n<\/div>\n<\/div>\n<\/div>\n<\/div>\t\t\t\t<\/div>\n\t\t\t\t<\/div>\n\t\t\t\t\t<\/div>\n\t\t<\/div>\n\t\t\t\t\t<\/div>\n\t\t<\/section>\n\t\t\t\t<section class=\"elementor-section elementor-top-section elementor-element elementor-element-e7510e3 elementor-section-boxed elementor-section-height-default elementor-section-height-default\" data-id=\"e7510e3\" data-element_type=\"section\" data-e-type=\"section\" data-settings=\"{&quot;jet_parallax_layout_list&quot;:[{&quot;jet_parallax_layout_image&quot;:{&quot;url&quot;:&quot;&quot;,&quot;id&quot;:&quot;&quot;,&quot;size&quot;:&quot;&quot;},&quot;_id&quot;:&quot;67b2e0a&quot;,&quot;jet_parallax_layout_image_tablet&quot;:{&quot;url&quot;:&quot;&quot;,&quot;id&quot;:&quot;&quot;,&quot;size&quot;:&quot;&quot;},&quot;jet_parallax_layout_image_mobile&quot;:{&quot;url&quot;:&quot;&quot;,&quot;id&quot;:&quot;&quot;,&quot;size&quot;:&quot;&quot;},&quot;jet_parallax_layout_speed&quot;:{&quot;unit&quot;:&quot;%&quot;,&quot;size&quot;:50,&quot;sizes&quot;:[]},&quot;jet_parallax_layout_type&quot;:&quot;scroll&quot;,&quot;jet_parallax_layout_direction&quot;:null,&quot;jet_parallax_layout_fx_direction&quot;:null,&quot;jet_parallax_layout_z_index&quot;:&quot;&quot;,&quot;jet_parallax_layout_bg_x&quot;:50,&quot;jet_parallax_layout_bg_x_tablet&quot;:&quot;&quot;,&quot;jet_parallax_layout_bg_x_mobile&quot;:&quot;&quot;,&quot;jet_parallax_layout_bg_y&quot;:50,&quot;jet_parallax_layout_bg_y_tablet&quot;:&quot;&quot;,&quot;jet_parallax_layout_bg_y_mobile&quot;:&quot;&quot;,&quot;jet_parallax_layout_bg_size&quot;:&quot;auto&quot;,&quot;jet_parallax_layout_bg_size_tablet&quot;:&quot;&quot;,&quot;jet_parallax_layout_bg_size_mobile&quot;:&quot;&quot;,&quot;jet_parallax_layout_animation_prop&quot;:&quot;transform&quot;,&quot;jet_parallax_layout_on&quot;:[&quot;desktop&quot;,&quot;tablet&quot;]}]}\">\n\t\t\t\t\t\t<div class=\"elementor-container elementor-column-gap-default\">\n\t\t\t\t\t<div class=\"elementor-column elementor-col-100 elementor-top-column elementor-element elementor-element-25cf700\" data-id=\"25cf700\" data-element_type=\"column\" data-e-type=\"column\">\n\t\t\t<div class=\"elementor-widget-wrap elementor-element-populated\">\n\t\t\t\t\t\t<div class=\"elementor-element elementor-element-060f558 elementor-widget elementor-widget-jet-headline\" data-id=\"060f558\" data-element_type=\"widget\" data-e-type=\"widget\" data-widget_type=\"jet-headline.default\">\n\t\t\t\t<div class=\"elementor-widget-container\">\n\t\t\t\t\t<h2 class=\"jet-headline jet-headline--direction-horizontal\"><span class=\"jet-headline__part jet-headline__first\"><span class=\"jet-headline__label\">Nuestros <\/span><\/span><span class=\"jet-headline__space\">&nbsp;<\/span><span class=\"jet-headline__part jet-headline__second\"><span class=\"jet-headline__label\">AGITADORES DE H\u00c9LICE OHAUS <\/span><\/span><\/h2>\t\t\t\t<\/div>\n\t\t\t\t<\/div>\n\t\t\t\t\t<\/div>\n\t\t<\/div>\n\t\t\t\t\t<\/div>\n\t\t<\/section>\n\t\t\t\t<section class=\"elementor-section elementor-top-section elementor-element elementor-element-ba19f08 elementor-section-boxed elementor-section-height-default elementor-section-height-default\" data-id=\"ba19f08\" data-element_type=\"section\" data-e-type=\"section\" data-settings=\"{&quot;jet_parallax_layout_list&quot;:[{&quot;jet_parallax_layout_image&quot;:{&quot;url&quot;:&quot;&quot;,&quot;id&quot;:&quot;&quot;,&quot;size&quot;:&quot;&quot;},&quot;_id&quot;:&quot;8b24949&quot;,&quot;jet_parallax_layout_image_tablet&quot;:{&quot;url&quot;:&quot;&quot;,&quot;id&quot;:&quot;&quot;,&quot;size&quot;:&quot;&quot;},&quot;jet_parallax_layout_image_mobile&quot;:{&quot;url&quot;:&quot;&quot;,&quot;id&quot;:&quot;&quot;,&quot;size&quot;:&quot;&quot;},&quot;jet_parallax_layout_speed&quot;:{&quot;unit&quot;:&quot;%&quot;,&quot;size&quot;:50,&quot;sizes&quot;:[]},&quot;jet_parallax_layout_type&quot;:&quot;scroll&quot;,&quot;jet_parallax_layout_direction&quot;:null,&quot;jet_parallax_layout_fx_direction&quot;:null,&quot;jet_parallax_layout_z_index&quot;:&quot;&quot;,&quot;jet_parallax_layout_bg_x&quot;:50,&quot;jet_parallax_layout_bg_x_tablet&quot;:&quot;&quot;,&quot;jet_parallax_layout_bg_x_mobile&quot;:&quot;&quot;,&quot;jet_parallax_layout_bg_y&quot;:50,&quot;jet_parallax_layout_bg_y_tablet&quot;:&quot;&quot;,&quot;jet_parallax_layout_bg_y_mobile&quot;:&quot;&quot;,&quot;jet_parallax_layout_bg_size&quot;:&quot;auto&quot;,&quot;jet_parallax_layout_bg_size_tablet&quot;:&quot;&quot;,&quot;jet_parallax_layout_bg_size_mobile&quot;:&quot;&quot;,&quot;jet_parallax_layout_animation_prop&quot;:&quot;transform&quot;,&quot;jet_parallax_layout_on&quot;:[&quot;desktop&quot;,&quot;tablet&quot;]}]}\">\n\t\t\t\t\t\t<div class=\"elementor-container elementor-column-gap-default\">\n\t\t\t\t\t<div class=\"elementor-column elementor-col-100 elementor-top-column elementor-element elementor-element-ac91313\" data-id=\"ac91313\" data-element_type=\"column\" data-e-type=\"column\">\n\t\t\t<div class=\"elementor-widget-wrap elementor-element-populated\">\n\t\t\t\t\t\t<div class=\"elementor-element elementor-element-092dc83 elementor-grid-5 elementor-grid-tablet-3 elementor-grid-mobile-2 elementor-products-grid elementor-wc-products elementor-widget elementor-widget-woocommerce-products\" data-id=\"092dc83\" data-element_type=\"widget\" data-e-type=\"widget\" data-widget_type=\"woocommerce-products.default\">\n\t\t\t\t<div class=\"elementor-widget-container\">\n\t\t\t\t\t<div class=\"woocommerce columns-5 \"><ul class=\"products elementor-grid columns-5\">\n<li class=\"product type-product post-3735 status-publish first instock product_cat-achiever-5000 product_cat-agitadores-agitadores-de-helice-ohaus has-post-thumbnail shipping-taxable product-type-simple\">\n\t<div class=\"product-content\"><a href=\"https:\/\/balanzasybasculas.com.co\/?product=achiever-5000-e-a51st200\" class=\"woocommerce-LoopProduct-link woocommerce-loop-product__link\"><img fetchpriority=\"high\" decoding=\"async\" width=\"300\" height=\"300\" src=\"https:\/\/balanzasybasculas.com.co\/wp-content\/uploads\/2020\/10\/ACHIEVER-\u2122-5000-e-A51ST020-avanza-ohaus-300x300.png\" class=\"attachment-woocommerce_thumbnail size-woocommerce_thumbnail\" alt=\"ACHIEVER \u2122 5000 A51ST020\" srcset=\"https:\/\/balanzasybasculas.com.co\/wp-content\/uploads\/2020\/10\/ACHIEVER-\u2122-5000-e-A51ST020-avanza-ohaus-300x300.png 300w, https:\/\/balanzasybasculas.com.co\/wp-content\/uploads\/2020\/10\/ACHIEVER-\u2122-5000-e-A51ST020-avanza-ohaus-150x150.png 150w, https:\/\/balanzasybasculas.com.co\/wp-content\/uploads\/2020\/10\/ACHIEVER-\u2122-5000-e-A51ST020-avanza-ohaus-230x230.png 230w, https:\/\/balanzasybasculas.com.co\/wp-content\/uploads\/2020\/10\/ACHIEVER-\u2122-5000-e-A51ST020-avanza-ohaus-400x400.png 400w, https:\/\/balanzasybasculas.com.co\/wp-content\/uploads\/2020\/10\/ACHIEVER-\u2122-5000-e-A51ST020-avanza-ohaus-100x100.png 100w, https:\/\/balanzasybasculas.com.co\/wp-content\/uploads\/2020\/10\/ACHIEVER-\u2122-5000-e-A51ST020-avanza-ohaus.png 500w\" sizes=\"(max-width: 300px) 100vw, 300px\" \/><\/a><h2 class=\"woocommerce-loop-product__title\"><a href=\"https:\/\/balanzasybasculas.com.co\/?product=achiever-5000-e-a51st200\">ACHIEVER \u2122 5000 e-A51ST200<\/a><\/h2>\n<a href=\"https:\/\/balanzasybasculas.com.co\/?product=achiever-5000-e-a51st200\" data-quantity=\"1\" class=\"button product_type_simple\" data-product_id=\"3735\" data-product_sku=\"\" aria-label=\"Lee m\u00e1s sobre &ldquo;ACHIEVER \u2122 5000 e-A51ST200&rdquo;\" rel=\"nofollow\" data-success_message=\"\"><span class=\"button-text\">Leer m\u00e1s<\/span><\/a>\t<span id=\"woocommerce_loop_add_to_cart_link_describedby_3735\" class=\"screen-reader-text\">\n\t\t\t<\/span>\n<\/div><\/li>\n<li class=\"product type-product post-3734 status-publish instock product_cat-achiever-5000 product_cat-agitadores-agitadores-de-helice-ohaus has-post-thumbnail shipping-taxable product-type-simple\">\n\t<div class=\"product-content\"><a href=\"https:\/\/balanzasybasculas.com.co\/?product=achiever-5000-a51st100\" class=\"woocommerce-LoopProduct-link woocommerce-loop-product__link\"><img fetchpriority=\"high\" decoding=\"async\" width=\"300\" height=\"300\" src=\"https:\/\/balanzasybasculas.com.co\/wp-content\/uploads\/2020\/10\/ACHIEVER-\u2122-5000-e-A51ST020-avanza-ohaus-300x300.png\" class=\"attachment-woocommerce_thumbnail size-woocommerce_thumbnail\" alt=\"ACHIEVER \u2122 5000 A51ST020\" srcset=\"https:\/\/balanzasybasculas.com.co\/wp-content\/uploads\/2020\/10\/ACHIEVER-\u2122-5000-e-A51ST020-avanza-ohaus-300x300.png 300w, https:\/\/balanzasybasculas.com.co\/wp-content\/uploads\/2020\/10\/ACHIEVER-\u2122-5000-e-A51ST020-avanza-ohaus-150x150.png 150w, https:\/\/balanzasybasculas.com.co\/wp-content\/uploads\/2020\/10\/ACHIEVER-\u2122-5000-e-A51ST020-avanza-ohaus-230x230.png 230w, https:\/\/balanzasybasculas.com.co\/wp-content\/uploads\/2020\/10\/ACHIEVER-\u2122-5000-e-A51ST020-avanza-ohaus-400x400.png 400w, https:\/\/balanzasybasculas.com.co\/wp-content\/uploads\/2020\/10\/ACHIEVER-\u2122-5000-e-A51ST020-avanza-ohaus-100x100.png 100w, https:\/\/balanzasybasculas.com.co\/wp-content\/uploads\/2020\/10\/ACHIEVER-\u2122-5000-e-A51ST020-avanza-ohaus.png 500w\" sizes=\"(max-width: 300px) 100vw, 300px\" \/><\/a><h2 class=\"woocommerce-loop-product__title\"><a href=\"https:\/\/balanzasybasculas.com.co\/?product=achiever-5000-a51st100\">ACHIEVER \u2122 5000 A51ST100<\/a><\/h2>\n<a href=\"https:\/\/balanzasybasculas.com.co\/?product=achiever-5000-a51st100\" data-quantity=\"1\" class=\"button product_type_simple\" data-product_id=\"3734\" data-product_sku=\"\" aria-label=\"Lee m\u00e1s sobre &ldquo;ACHIEVER \u2122 5000 A51ST100&rdquo;\" rel=\"nofollow\" data-success_message=\"\"><span class=\"button-text\">Leer m\u00e1s<\/span><\/a>\t<span id=\"woocommerce_loop_add_to_cart_link_describedby_3734\" class=\"screen-reader-text\">\n\t\t\t<\/span>\n<\/div><\/li>\n<li class=\"product type-product post-3733 status-publish instock product_cat-achiever-5000 product_cat-agitadores-agitadores-de-helice-ohaus has-post-thumbnail shipping-taxable product-type-simple\">\n\t<div class=\"product-content\"><a href=\"https:\/\/balanzasybasculas.com.co\/?product=achiever-5000-e-a51st060\" class=\"woocommerce-LoopProduct-link woocommerce-loop-product__link\"><img fetchpriority=\"high\" decoding=\"async\" width=\"300\" height=\"300\" src=\"https:\/\/balanzasybasculas.com.co\/wp-content\/uploads\/2020\/10\/ACHIEVER-\u2122-5000-e-A51ST020-avanza-ohaus-300x300.png\" class=\"attachment-woocommerce_thumbnail size-woocommerce_thumbnail\" alt=\"ACHIEVER \u2122 5000 A51ST020\" srcset=\"https:\/\/balanzasybasculas.com.co\/wp-content\/uploads\/2020\/10\/ACHIEVER-\u2122-5000-e-A51ST020-avanza-ohaus-300x300.png 300w, https:\/\/balanzasybasculas.com.co\/wp-content\/uploads\/2020\/10\/ACHIEVER-\u2122-5000-e-A51ST020-avanza-ohaus-150x150.png 150w, https:\/\/balanzasybasculas.com.co\/wp-content\/uploads\/2020\/10\/ACHIEVER-\u2122-5000-e-A51ST020-avanza-ohaus-230x230.png 230w, https:\/\/balanzasybasculas.com.co\/wp-content\/uploads\/2020\/10\/ACHIEVER-\u2122-5000-e-A51ST020-avanza-ohaus-400x400.png 400w, https:\/\/balanzasybasculas.com.co\/wp-content\/uploads\/2020\/10\/ACHIEVER-\u2122-5000-e-A51ST020-avanza-ohaus-100x100.png 100w, https:\/\/balanzasybasculas.com.co\/wp-content\/uploads\/2020\/10\/ACHIEVER-\u2122-5000-e-A51ST020-avanza-ohaus.png 500w\" sizes=\"(max-width: 300px) 100vw, 300px\" \/><\/a><h2 class=\"woocommerce-loop-product__title\"><a href=\"https:\/\/balanzasybasculas.com.co\/?product=achiever-5000-e-a51st060\">ACHIEVER \u2122 5000 e-A51ST060<\/a><\/h2>\n<a href=\"https:\/\/balanzasybasculas.com.co\/?product=achiever-5000-e-a51st060\" data-quantity=\"1\" class=\"button product_type_simple\" data-product_id=\"3733\" data-product_sku=\"\" aria-label=\"Lee m\u00e1s sobre &ldquo;ACHIEVER \u2122 5000 e-A51ST060&rdquo;\" rel=\"nofollow\" data-success_message=\"\"><span class=\"button-text\">Leer m\u00e1s<\/span><\/a>\t<span id=\"woocommerce_loop_add_to_cart_link_describedby_3733\" class=\"screen-reader-text\">\n\t\t\t<\/span>\n<\/div><\/li>\n<li class=\"product type-product post-3732 status-publish instock product_cat-achiever-5000 product_cat-agitadores-agitadores-de-helice-ohaus has-post-thumbnail shipping-taxable product-type-simple\">\n\t<div class=\"product-content\"><a href=\"https:\/\/balanzasybasculas.com.co\/?product=achiever-5000-e-a51st040\" class=\"woocommerce-LoopProduct-link woocommerce-loop-product__link\"><img fetchpriority=\"high\" decoding=\"async\" width=\"300\" height=\"300\" src=\"https:\/\/balanzasybasculas.com.co\/wp-content\/uploads\/2020\/10\/ACHIEVER-\u2122-5000-e-A51ST020-avanza-ohaus-300x300.png\" class=\"attachment-woocommerce_thumbnail size-woocommerce_thumbnail\" alt=\"ACHIEVER \u2122 5000 A51ST020\" srcset=\"https:\/\/balanzasybasculas.com.co\/wp-content\/uploads\/2020\/10\/ACHIEVER-\u2122-5000-e-A51ST020-avanza-ohaus-300x300.png 300w, https:\/\/balanzasybasculas.com.co\/wp-content\/uploads\/2020\/10\/ACHIEVER-\u2122-5000-e-A51ST020-avanza-ohaus-150x150.png 150w, https:\/\/balanzasybasculas.com.co\/wp-content\/uploads\/2020\/10\/ACHIEVER-\u2122-5000-e-A51ST020-avanza-ohaus-230x230.png 230w, https:\/\/balanzasybasculas.com.co\/wp-content\/uploads\/2020\/10\/ACHIEVER-\u2122-5000-e-A51ST020-avanza-ohaus-400x400.png 400w, https:\/\/balanzasybasculas.com.co\/wp-content\/uploads\/2020\/10\/ACHIEVER-\u2122-5000-e-A51ST020-avanza-ohaus-100x100.png 100w, https:\/\/balanzasybasculas.com.co\/wp-content\/uploads\/2020\/10\/ACHIEVER-\u2122-5000-e-A51ST020-avanza-ohaus.png 500w\" sizes=\"(max-width: 300px) 100vw, 300px\" \/><\/a><h2 class=\"woocommerce-loop-product__title\"><a href=\"https:\/\/balanzasybasculas.com.co\/?product=achiever-5000-e-a51st040\">ACHIEVER \u2122 5000 e-A51ST040<\/a><\/h2>\n<a href=\"https:\/\/balanzasybasculas.com.co\/?product=achiever-5000-e-a51st040\" data-quantity=\"1\" class=\"button product_type_simple\" data-product_id=\"3732\" data-product_sku=\"\" aria-label=\"Lee m\u00e1s sobre &ldquo;ACHIEVER \u2122 5000 e-A51ST040&rdquo;\" rel=\"nofollow\" data-success_message=\"\"><span class=\"button-text\">Leer m\u00e1s<\/span><\/a>\t<span id=\"woocommerce_loop_add_to_cart_link_describedby_3732\" class=\"screen-reader-text\">\n\t\t\t<\/span>\n<\/div><\/li>\n<li class=\"product type-product post-3730 status-publish last instock product_cat-achiever-5000 product_cat-agitadores-agitadores-de-helice-ohaus has-post-thumbnail shipping-taxable product-type-simple\">\n\t<div class=\"product-content\"><a href=\"https:\/\/balanzasybasculas.com.co\/?product=achiever-5000-a51st020\" class=\"woocommerce-LoopProduct-link woocommerce-loop-product__link\"><img fetchpriority=\"high\" decoding=\"async\" width=\"300\" height=\"300\" src=\"https:\/\/balanzasybasculas.com.co\/wp-content\/uploads\/2020\/10\/ACHIEVER-\u2122-5000-e-A51ST020-avanza-ohaus-300x300.png\" class=\"attachment-woocommerce_thumbnail size-woocommerce_thumbnail\" alt=\"ACHIEVER \u2122 5000 A51ST020\" srcset=\"https:\/\/balanzasybasculas.com.co\/wp-content\/uploads\/2020\/10\/ACHIEVER-\u2122-5000-e-A51ST020-avanza-ohaus-300x300.png 300w, https:\/\/balanzasybasculas.com.co\/wp-content\/uploads\/2020\/10\/ACHIEVER-\u2122-5000-e-A51ST020-avanza-ohaus-150x150.png 150w, https:\/\/balanzasybasculas.com.co\/wp-content\/uploads\/2020\/10\/ACHIEVER-\u2122-5000-e-A51ST020-avanza-ohaus-230x230.png 230w, https:\/\/balanzasybasculas.com.co\/wp-content\/uploads\/2020\/10\/ACHIEVER-\u2122-5000-e-A51ST020-avanza-ohaus-400x400.png 400w, https:\/\/balanzasybasculas.com.co\/wp-content\/uploads\/2020\/10\/ACHIEVER-\u2122-5000-e-A51ST020-avanza-ohaus-100x100.png 100w, https:\/\/balanzasybasculas.com.co\/wp-content\/uploads\/2020\/10\/ACHIEVER-\u2122-5000-e-A51ST020-avanza-ohaus.png 500w\" sizes=\"(max-width: 300px) 100vw, 300px\" \/><\/a><h2 class=\"woocommerce-loop-product__title\"><a href=\"https:\/\/balanzasybasculas.com.co\/?product=achiever-5000-a51st020\">ACHIEVER \u2122 5000 A51ST020<\/a><\/h2>\n<a href=\"https:\/\/balanzasybasculas.com.co\/?product=achiever-5000-a51st020\" data-quantity=\"1\" class=\"button product_type_simple\" data-product_id=\"3730\" data-product_sku=\"\" aria-label=\"Lee m\u00e1s sobre &ldquo;ACHIEVER \u2122 5000 A51ST020&rdquo;\" rel=\"nofollow\" data-success_message=\"\"><span class=\"button-text\">Leer m\u00e1s<\/span><\/a>\t<span id=\"woocommerce_loop_add_to_cart_link_describedby_3730\" class=\"screen-reader-text\">\n\t\t\t<\/span>\n<\/div><\/li>\n<\/ul>\n<\/div>\t\t\t\t<\/div>\n\t\t\t\t<\/div>\n\t\t\t\t\t<\/div>\n\t\t<\/div>\n\t\t\t\t\t<\/div>\n\t\t<\/section>\n\t\t<div class=\"elementor-element elementor-element-bfb77a8 e-flex e-con-boxed e-con e-parent\" data-id=\"bfb77a8\" data-element_type=\"container\" data-e-type=\"container\" data-settings=\"{&quot;jet_parallax_layout_list&quot;:[]}\">\n\t\t\t\t\t<div class=\"e-con-inner\">\n\t\t\t\t<div class=\"elementor-element elementor-element-32da211 elementor-widget__width-auto elementor-align-center elementor-widget elementor-widget-button\" data-id=\"32da211\" data-element_type=\"widget\" data-e-type=\"widget\" data-widget_type=\"button.default\">\n\t\t\t\t<div class=\"elementor-widget-container\">\n\t\t\t\t\t\t\t\t\t<div class=\"elementor-button-wrapper\">\n\t\t\t\t\t<a class=\"elementor-button elementor-button-link elementor-size-sm\" href=\"https:\/\/balanzasybasculas.com.co\/wp-content\/uploads\/2025\/01\/US_Achiever_5000_Datasheet_ES.pdf\">\n\t\t\t\t\t\t<span class=\"elementor-button-content-wrapper\">\n\t\t\t\t\t\t\t\t\t<span class=\"elementor-button-text\">Ficha t\u00e9cnica Achiever\u2122 5000<\/span>\n\t\t\t\t\t<\/span>\n\t\t\t\t\t<\/a>\n\t\t\t\t<\/div>\n\t\t\t\t\t\t\t\t<\/div>\n\t\t\t\t<\/div>\n\t\t\t\t\t<\/div>\n\t\t\t\t<\/div>\n\t\t\t\t<\/div>\n\t\t","protected":false},"excerpt":{"rendered":"<p>Agitadores de H\u00e9lice ACHIEVER\u2122 5000 ofrece una agitaci\u00f3n precisa y controlada de l\u00edquidos viscosos con un funcionamiento silencioso. Ver video Nuestros &nbsp;AGITADORES DE H\u00c9LICE OHAUS Ficha t\u00e9cnica Achiever\u2122 5000<\/p>\n","protected":false},"author":1,"featured_media":0,"parent":0,"menu_order":0,"comment_status":"closed","ping_status":"closed","template":"","meta":{"footnotes":""},"class_list":["post-4407","page","type-page","status-publish","hentry"],"_links":{"self":[{"href":"https:\/\/balanzasybasculas.com.co\/index.php?rest_route=\/wp\/v2\/pages\/4407","targetHints":{"allow":["GET"]}}],"collection":[{"href":"https:\/\/balanzasybasculas.com.co\/index.php?rest_route=\/wp\/v2\/pages"}],"about":[{"href":"https:\/\/balanzasybasculas.com.co\/index.php?rest_route=\/wp\/v2\/types\/page"}],"author":[{"embeddable":true,"href":"https:\/\/balanzasybasculas.com.co\/index.php?rest_route=\/wp\/v2\/users\/1"}],"replies":[{"embeddable":true,"href":"https:\/\/balanzasybasculas.com.co\/index.php?rest_route=%2Fwp%2Fv2%2Fcomments&post=4407"}],"version-history":[{"count":5,"href":"https:\/\/balanzasybasculas.com.co\/index.php?rest_route=\/wp\/v2\/pages\/4407\/revisions"}],"predecessor-version":[{"id":7611,"href":"https:\/\/balanzasybasculas.com.co\/index.php?rest_route=\/wp\/v2\/pages\/4407\/revisions\/7611"}],"wp:attachment":[{"href":"https:\/\/balanzasybasculas.com.co\/index.php?rest_route=%2Fwp%2Fv2%2Fmedia&parent=4407"}],"curies":[{"name":"wp","href":"https:\/\/api.w.org\/{rel}","templated":true}]}}