{"id":1068,"date":"2020-01-21T21:55:24","date_gmt":"2020-01-21T21:55:24","guid":{"rendered":"https:\/\/avanzapesaje.space\/?post_type=product&#038;p=1068"},"modified":"2021-09-14T15:01:58","modified_gmt":"2021-09-14T20:01:58","slug":"balanzas-ohaus-adventurer-precision-ax8201n-e","status":"publish","type":"product","link":"https:\/\/balanzasybasculas.com.co\/?product=balanzas-ohaus-adventurer-precision-ax8201n-e","title":{"rendered":"Balanzas Ohaus Adventurer Precisi\u00f3n AX8201N\/E"},"content":{"rendered":"<p>La Adventurer de OHAUS logra el equilibrio ideal entre caracter\u00edsticas de invenci\u00f3n y funcionales, opciones de pesaje sin complicaciones, el incorpora adem\u00e1s todas las aplicaciones necesarias para las actividades de pesaje y medici\u00f3n de rutina. Con una pantalla t\u00e1ctil a color, opciones de cumplimiento GLP\/GMP, dos puertos USB y mucho m\u00e1s, la Adventurer es la balanza m\u00e1s completa en su clase.<\/p>\n","protected":false},"excerpt":{"rendered":"<div class=\"col-sm-16\">\n<div class=\"model-section-header\"><strong>ESPECIFICACIONES<\/strong><\/div>\n<\/div>\n<div class=\"col-sm-16\">\n<table class=\"spec-table\">\n<tbody>\n<tr>\n<td>Capacidad m\u00e1x.<\/td>\n<td>8.200 g<\/td>\n<\/tr>\n<tr>\n<td>Resoluci\u00f3n (2)<\/td>\n<td>0,1 g<\/td>\n<\/tr>\n<tr>\n<td>Lectura m\u00edn. (certificada)<\/td>\n<td>1 g<\/td>\n<\/tr>\n<tr>\n<td>Tama\u00f1o del plato<\/td>\n<td>195 mm x 175 mm<\/td>\n<\/tr>\n<tr>\n<td>Calibraci\u00f3n interna<\/td>\n<td>No aplica<\/td>\n<\/tr>\n<tr>\n<td>Protector p\/corrientes de aire<\/td>\n<td>\u2014<\/td>\n<\/tr>\n<tr>\n<td>Puerta autom\u00e1tica<\/td>\n<td>No aplica<\/td>\n<\/tr>\n<tr>\n<td>Modelo con pantalla auxiliar<\/td>\n<td>Disponible como accesorio<\/td>\n<\/tr>\n<tr>\n<td>Duraci\u00f3n de la bater\u00eda<\/td>\n<td>No aplica<\/td>\n<\/tr>\n<tr>\n<td>Comunicaci\u00f3n<\/td>\n<td>RS232 (incluido);\u00a0 USB;\u00a0 Host USB<\/td>\n<\/tr>\n<tr>\n<td>Dimensiones<\/td>\n<td>100 mm x 354 mm x 230 mm<\/td>\n<\/tr>\n<tr>\n<td>Pantalla<\/td>\n<td>Pantalla t\u00e1ctil VGA a todo color de alta resoluci\u00f3n<\/td>\n<\/tr>\n<tr>\n<td>Cubierta<\/td>\n<td>Incluido<\/td>\n<\/tr>\n<tr>\n<td>Legal para comercio<\/td>\n<td>Certificaci\u00f3n del NTEP<\/td>\n<\/tr>\n<tr>\n<td>Pesada m\u00ednima de acuerdo a USP 0,1%<\/td>\n<td>200 g<\/td>\n<\/tr>\n<tr>\n<td>Peso neto<\/td>\n<td>3,8 kg<\/td>\n<\/tr>\n<tr>\n<td>Material del plato<\/td>\n<td>Acero inoxidable<\/td>\n<\/tr>\n<tr>\n<td>Electricidad<\/td>\n<td>Adaptador de CA (incluido)<\/td>\n<\/tr>\n<tr>\n<td>Tiempo de estabilizaci\u00f3n<\/td>\n<td>1,5 s<\/td>\n<\/tr>\n<tr>\n<td>Rango de tara<\/td>\n<td>Para capacidad por diferencia<\/td>\n<\/tr>\n<tr>\n<td>Unidades de medida<\/td>\n<td>Gramo;\u00a0 Miligramo;\u00a0 Quilate;\u00a0 Onza;\u00a0 Onza troy;\u00a0 Libra;\u00a0 Pennyweight;\u00a0 Grano;\u00a0 Newton;\u00a0 Momme;\u00a0 Mesghal;\u00a0 Tael de Hong Kong;\u00a0 Tael de Singapur;\u00a0 Tael de Taiw\u00e1n;\u00a0 Tical;\u00a0 Tola;\u00a0 Baht;\u00a0 Personalizado<\/td>\n<\/tr>\n<tr>\n<td>Ambiente de trabajo<\/td>\n<td>10\u00a0\u00a0 \u00b0C \u2013 30\u00a0\u00a0 \u00b0C, 80\u00a0\u00a0 % HR, sin condensaci\u00f3n<\/td>\n<\/tr>\n<\/tbody>\n<\/table>\n<\/div>\n","protected":false},"featured_media":4791,"comment_status":"open","ping_status":"closed","template":"","meta":[],"product_brand":[],"product_cat":[90,88,98,99,100,80,101,97],"product_tag":[],"class_list":{"0":"post-1068","1":"product","2":"type-product","3":"status-publish","4":"has-post-thumbnail","6":"product_cat-balanzas-adventurer-ohaus","7":"product_cat-balanzas-adventurer-precision-ohaus","8":"product_cat-balanzas-de-laboratorio-ohaus","9":"product_cat-balanzas-industriales-ohaus","10":"product_cat-balanzas-investigacion-y-desarrollo-ohaus","11":"product_cat-balanzas-ohaus","12":"product_cat-balanzas-para-alimentos-ohaus","13":"product_cat-balanzas-precision-ohaus","15":"first","16":"instock","17":"shipping-taxable","18":"product-type-simple"},"_links":{"self":[{"href":"https:\/\/balanzasybasculas.com.co\/index.php?rest_route=\/wp\/v2\/product\/1068","targetHints":{"allow":["GET"]}}],"collection":[{"href":"https:\/\/balanzasybasculas.com.co\/index.php?rest_route=\/wp\/v2\/product"}],"about":[{"href":"https:\/\/balanzasybasculas.com.co\/index.php?rest_route=\/wp\/v2\/types\/product"}],"replies":[{"embeddable":true,"href":"https:\/\/balanzasybasculas.com.co\/index.php?rest_route=%2Fwp%2Fv2%2Fcomments&post=1068"}],"wp:featuredmedia":[{"embeddable":true,"href":"https:\/\/balanzasybasculas.com.co\/index.php?rest_route=\/wp\/v2\/media\/4791"}],"wp:attachment":[{"href":"https:\/\/balanzasybasculas.com.co\/index.php?rest_route=%2Fwp%2Fv2%2Fmedia&parent=1068"}],"wp:term":[{"taxonomy":"product_brand","embeddable":true,"href":"https:\/\/balanzasybasculas.com.co\/index.php?rest_route=%2Fwp%2Fv2%2Fproduct_brand&post=1068"},{"taxonomy":"product_cat","embeddable":true,"href":"https:\/\/balanzasybasculas.com.co\/index.php?rest_route=%2Fwp%2Fv2%2Fproduct_cat&post=1068"},{"taxonomy":"product_tag","embeddable":true,"href":"https:\/\/balanzasybasculas.com.co\/index.php?rest_route=%2Fwp%2Fv2%2Fproduct_tag&post=1068"}],"curies":[{"name":"wp","href":"https:\/\/api.w.org\/{rel}","templated":true}]}}