{"id":1104,"date":"2020-01-22T16:49:33","date_gmt":"2020-01-22T16:49:33","guid":{"rendered":"https:\/\/avanzapesaje.space\/?post_type=product&#038;p=1104"},"modified":"2021-09-16T15:50:32","modified_gmt":"2021-09-16T20:50:32","slug":"balanzas-ohaus-serie-pr-semi-analitica-pr323n-e","status":"publish","type":"product","link":"https:\/\/balanzasybasculas.com.co\/?product=balanzas-ohaus-serie-pr-semi-analitica-pr323n-e","title":{"rendered":"Balanzas Ohaus Serie PR Semi-Anal\u00edtica PR323N\/E"},"content":{"rendered":"<p>Al ofrecer precisi\u00f3n y repetibilidad en aplicaciones de pesaje esenciales en entornos de laboratorio, industriales y educativos, las balanzas anal\u00edticas y de precisi\u00f3n PR brindan un rendimiento competitivo a un precio econ\u00f3mico. Con conectividad RS232 para facilitar la comunicaci\u00f3n, una pantalla retroiluminada y una interfaz sencilla para simplificar el manejo, la PR est\u00e1 perfectamente dise\u00f1ada para su lugar de trabajo.<\/p>\n","protected":false},"excerpt":{"rendered":"<div class=\"col-sm-16\">\n<div class=\"model-section-header\"><strong>ESPECIFICACIONES<\/strong><\/div>\n<\/div>\n<div class=\"col-sm-16\">\n<table class=\"spec-table\">\n<tbody>\n<tr>\n<td>Capacidad m\u00e1x.<\/td>\n<td>320 g<\/td>\n<\/tr>\n<tr>\n<td>Resoluci\u00f3n (2)<\/td>\n<td>0,001 g<\/td>\n<\/tr>\n<tr>\n<td>Lectura m\u00edn. (certificada)<\/td>\n<td>0,01 g<\/td>\n<\/tr>\n<tr>\n<td>Tama\u00f1o del plato<\/td>\n<td>120 mm<\/td>\n<\/tr>\n<tr>\n<td>Calibraci\u00f3n interna<\/td>\n<td>No aplica<\/td>\n<\/tr>\n<tr>\n<td>Protector p\/corrientes de aire<\/td>\n<td>Incluido<\/td>\n<\/tr>\n<tr>\n<td>Modelo con pantalla auxiliar<\/td>\n<td>Disponible como accesorio<\/td>\n<\/tr>\n<tr>\n<td>Duraci\u00f3n de la bater\u00eda<\/td>\n<td>No aplica<\/td>\n<\/tr>\n<tr>\n<td>Comunicaci\u00f3n<\/td>\n<td>RS232<\/td>\n<\/tr>\n<tr>\n<td>Dimensiones<\/td>\n<td>303 mm x 317 mm x 201 mm<\/td>\n<\/tr>\n<tr>\n<td>Pantalla<\/td>\n<td>LCD con luz de fondo<\/td>\n<\/tr>\n<tr>\n<td>Cubierta<\/td>\n<td>No<\/td>\n<\/tr>\n<tr>\n<td>Legal para comercio<\/td>\n<td>Certificaci\u00f3n del NTEP<\/td>\n<\/tr>\n<tr>\n<td>Peso neto<\/td>\n<td>4,5 kg<\/td>\n<\/tr>\n<tr>\n<td>Material del plato<\/td>\n<td>Acero inoxidable<\/td>\n<\/tr>\n<tr>\n<td>Electricidad<\/td>\n<td>Adaptador de CA (incluido)<\/td>\n<\/tr>\n<tr>\n<td>Tiempo de estabilizaci\u00f3n<\/td>\n<td>2 s<\/td>\n<\/tr>\n<tr>\n<td>Rango de tara<\/td>\n<td>Para capacidad por diferencia<\/td>\n<\/tr>\n<tr>\n<td>Unidades de medida<\/td>\n<td>Quilate;\u00a0 Grano;\u00a0 Gramo;\u00a0 Miligramo;\u00a0 Onza;\u00a0 Onza troy;\u00a0 Pennyweight<\/td>\n<\/tr>\n<tr>\n<td>Ambiente de trabajo<\/td>\n<td>10\u00a0\u00a0 \u00b0C \u2013 30\u00a0\u00a0 \u00b0C, 80\u00a0\u00a0 % HR, sin condensaci\u00f3n;\u00a0 10\u00a0\u00a0 \u00b0C \u2013 40\u00a0\u00a0 \u00b0C, 80\u00a0\u00a0 % de HR, sin condensaci\u00f3n<\/td>\n<\/tr>\n<\/tbody>\n<\/table>\n<\/div>\n","protected":false},"featured_media":4827,"comment_status":"open","ping_status":"closed","template":"","meta":[],"product_brand":[],"product_cat":[95,98,99,100,80,101,102,104],"product_tag":[],"class_list":{"0":"post-1104","1":"product","2":"type-product","3":"status-publish","4":"has-post-thumbnail","6":"product_cat-balanzas-analiticas","7":"product_cat-balanzas-de-laboratorio-ohaus","8":"product_cat-balanzas-industriales-ohaus","9":"product_cat-balanzas-investigacion-y-desarrollo-ohaus","10":"product_cat-balanzas-ohaus","11":"product_cat-balanzas-para-alimentos-ohaus","12":"product_cat-balanzas-serie-pr-ohaus","13":"product_cat-balanzas-serie-pr-semi-analiticas-ohaus","15":"first","16":"instock","17":"shipping-taxable","18":"product-type-simple"},"_links":{"self":[{"href":"https:\/\/balanzasybasculas.com.co\/index.php?rest_route=\/wp\/v2\/product\/1104","targetHints":{"allow":["GET"]}}],"collection":[{"href":"https:\/\/balanzasybasculas.com.co\/index.php?rest_route=\/wp\/v2\/product"}],"about":[{"href":"https:\/\/balanzasybasculas.com.co\/index.php?rest_route=\/wp\/v2\/types\/product"}],"replies":[{"embeddable":true,"href":"https:\/\/balanzasybasculas.com.co\/index.php?rest_route=%2Fwp%2Fv2%2Fcomments&post=1104"}],"wp:featuredmedia":[{"embeddable":true,"href":"https:\/\/balanzasybasculas.com.co\/index.php?rest_route=\/wp\/v2\/media\/4827"}],"wp:attachment":[{"href":"https:\/\/balanzasybasculas.com.co\/index.php?rest_route=%2Fwp%2Fv2%2Fmedia&parent=1104"}],"wp:term":[{"taxonomy":"product_brand","embeddable":true,"href":"https:\/\/balanzasybasculas.com.co\/index.php?rest_route=%2Fwp%2Fv2%2Fproduct_brand&post=1104"},{"taxonomy":"product_cat","embeddable":true,"href":"https:\/\/balanzasybasculas.com.co\/index.php?rest_route=%2Fwp%2Fv2%2Fproduct_cat&post=1104"},{"taxonomy":"product_tag","embeddable":true,"href":"https:\/\/balanzasybasculas.com.co\/index.php?rest_route=%2Fwp%2Fv2%2Fproduct_tag&post=1104"}],"curies":[{"name":"wp","href":"https:\/\/api.w.org\/{rel}","templated":true}]}}