{"id":1167,"date":"2020-01-23T19:21:19","date_gmt":"2020-01-23T19:21:19","guid":{"rendered":"https:\/\/avanzapesaje.space\/?post_type=product&#038;p=1167"},"modified":"2021-09-16T16:04:47","modified_gmt":"2021-09-16T21:04:47","slug":"balanzas-ohaus-scout-portatiles-stx223","status":"publish","type":"product","link":"https:\/\/balanzasybasculas.com.co\/?product=balanzas-ohaus-scout-portatiles-stx223","title":{"rendered":"Balanzas Ohaus Scout Port\u00e1tiles STX223"},"content":{"rendered":"<p>Ideal para aplicaciones de laboratorio e industriales, la Scout de OHAUS consta de una pantalla t\u00e1ctil a color de f\u00e1cil navegaci\u00f3n y un dise\u00f1o delgado que permite el almacenamiento apilable. Dise\u00f1adas para un desempe\u00f1o superior con tiempo r\u00e1pido de estabilizaci\u00f3n y resultados de pesaje de alta resoluci\u00f3n, estas balanzas port\u00e1tiles establecen un nuevo est\u00e1ndar para una amplia variedad de aplicaciones de pesaje. Dentro de sus caracter\u00edsticas tambi\u00e9n incluye una protecci\u00f3n de sobrecarga superior y opciones de conectividad ampliadas.<\/p>\n","protected":false},"excerpt":{"rendered":"<div class=\"col-sm-16\">\n<div class=\"model-section-header\"><strong>ESPECIFICACIONES<\/strong><\/div>\n<\/div>\n<div class=\"col-sm-16\">\n<table class=\"spec-table\">\n<tbody>\n<tr>\n<td>Capacidad m\u00e1x.<\/td>\n<td>220 g<\/td>\n<\/tr>\n<tr>\n<td>Resoluci\u00f3n (2)<\/td>\n<td>0,001 g<\/td>\n<\/tr>\n<tr>\n<td>Tama\u00f1o del plat<\/td>\n<td>93 mm<\/td>\n<\/tr>\n<tr>\n<td>Duraci\u00f3n de la bater\u00eda<\/td>\n<td>6 horas con bater\u00edas desechables<\/td>\n<\/tr>\n<tr>\n<td>Comunicaci\u00f3n<\/td>\n<td>RS232 (disponible como accesorio);\u00a0 Host USB (disponible como accesorio);\u00a0 Dispositivo USB (disponible como accesorio);\u00a0 Ethernet (disponible como accesorio)<\/td>\n<\/tr>\n<tr>\n<td>Dimensiones<\/td>\n<td>103 mm x 222 mm x 202 mm<\/td>\n<\/tr>\n<tr>\n<td>Pantalla<\/td>\n<td>Pantalla t\u00e1ctil a color WQVGA de 4.3\u201d<\/td>\n<\/tr>\n<tr>\n<td>Cubierta<\/td>\n<td>Disponible como accesorio<\/td>\n<\/tr>\n<tr>\n<td>Legal para comercio<\/td>\n<td>No aplica<\/td>\n<\/tr>\n<tr>\n<td>Peso neto<\/td>\n<td>1 kg<\/td>\n<\/tr>\n<tr>\n<td>Material del plato<\/td>\n<td>Acero inoxidable<\/td>\n<\/tr>\n<tr>\n<td>Electricidad<\/td>\n<td>Adaptador de CA (incluido);\u00a0 4 bater\u00edas AA (LR6) (no incluidas)<\/td>\n<\/tr>\n<tr>\n<td>Tiempo de estabilizaci\u00f3n<\/td>\n<td>1,5 s<\/td>\n<\/tr>\n<tr>\n<td>Rango de tara<\/td>\n<td>Para capacidad por diferencia<\/td>\n<\/tr>\n<tr>\n<td>Estuche de transportaci\u00f3n<\/td>\n<td>Disponible como accesorio<\/td>\n<\/tr>\n<tr>\n<td>Unidades de medida<\/td>\n<td>Quilate;\u00a0 Personalizado;\u00a0 Grano;\u00a0 Gramo;\u00a0 Tael de Hong Kong;\u00a0 Miligramo;\u00a0 Newton;\u00a0 Onza;\u00a0 Onza troy;\u00a0 Pennyweight;\u00a0 Tael de Singapur;\u00a0 Tael de Taiw\u00e1n;\u00a0 Tical;\u00a0 Tola<\/td>\n<\/tr>\n<tr>\n<td>Ambiente de trabajo<\/td>\n<td>10\u00a0\u00a0 \u00b0C \u2013 40\u00a0\u00a0 \u00b0C, 80\u00a0\u00a0 % de HR, sin condensaci\u00f3n<\/td>\n<\/tr>\n<tr>\n<td>Modelo con pantalla auxiliar<\/td>\n<td>Disponible como accesorio<\/td>\n<\/tr>\n<\/tbody>\n<\/table>\n<\/div>\n","protected":false},"featured_media":4837,"comment_status":"open","ping_status":"closed","template":"","meta":[],"product_brand":[],"product_cat":[98,100,111,80,110,106,107],"product_tag":[],"class_list":{"0":"post-1167","1":"product","2":"type-product","3":"status-publish","4":"has-post-thumbnail","6":"product_cat-balanzas-de-laboratorio-ohaus","7":"product_cat-balanzas-investigacion-y-desarrollo-ohaus","8":"product_cat-balanzas-joyeria-ohaus","9":"product_cat-balanzas-ohaus","10":"product_cat-balanzas-portatiles-ohaus","11":"product_cat-balanzas-scout-ohaus","12":"product_cat-balanzas-scout-stx-ohaus","14":"first","15":"instock","16":"shipping-taxable","17":"product-type-simple"},"_links":{"self":[{"href":"https:\/\/balanzasybasculas.com.co\/index.php?rest_route=\/wp\/v2\/product\/1167","targetHints":{"allow":["GET"]}}],"collection":[{"href":"https:\/\/balanzasybasculas.com.co\/index.php?rest_route=\/wp\/v2\/product"}],"about":[{"href":"https:\/\/balanzasybasculas.com.co\/index.php?rest_route=\/wp\/v2\/types\/product"}],"replies":[{"embeddable":true,"href":"https:\/\/balanzasybasculas.com.co\/index.php?rest_route=%2Fwp%2Fv2%2Fcomments&post=1167"}],"wp:featuredmedia":[{"embeddable":true,"href":"https:\/\/balanzasybasculas.com.co\/index.php?rest_route=\/wp\/v2\/media\/4837"}],"wp:attachment":[{"href":"https:\/\/balanzasybasculas.com.co\/index.php?rest_route=%2Fwp%2Fv2%2Fmedia&parent=1167"}],"wp:term":[{"taxonomy":"product_brand","embeddable":true,"href":"https:\/\/balanzasybasculas.com.co\/index.php?rest_route=%2Fwp%2Fv2%2Fproduct_brand&post=1167"},{"taxonomy":"product_cat","embeddable":true,"href":"https:\/\/balanzasybasculas.com.co\/index.php?rest_route=%2Fwp%2Fv2%2Fproduct_cat&post=1167"},{"taxonomy":"product_tag","embeddable":true,"href":"https:\/\/balanzasybasculas.com.co\/index.php?rest_route=%2Fwp%2Fv2%2Fproduct_tag&post=1167"}],"curies":[{"name":"wp","href":"https:\/\/api.w.org\/{rel}","templated":true}]}}