{"id":1222,"date":"2020-01-24T15:17:48","date_gmt":"2020-01-24T15:17:48","guid":{"rendered":"https:\/\/avanzapesaje.space\/?post_type=product&#038;p=1222"},"modified":"2021-09-17T17:02:21","modified_gmt":"2021-09-17T22:02:21","slug":"balanzas-ohaus-scout-portatiles-sjx322-e","status":"publish","type":"product","link":"https:\/\/balanzasybasculas.com.co\/?product=balanzas-ohaus-scout-portatiles-sjx322-e","title":{"rendered":"Balanzas Ohaus Scout Port\u00e1tiles SJX322\/E"},"content":{"rendered":"<p>II SJX, Series Carat &amp; Gold son ideales para el pesaje de joyas, metales preciosos, gemas, etc. Equipadas con protecci\u00f3n de sobrecarga superior, una gran pantalla retro-iluminada, tiempo r\u00e1pido de estabilizaci\u00f3n, m\u00faltiples unidades de pesaje, modos de aplicaci\u00f3n y opciones de conectividad, estas balanzas planas ofrecen una experiencia de pesaje verdaderamente intuitiva para el usuario.<\/p>\n","protected":false},"excerpt":{"rendered":"<div class=\"col-sm-16\">\n<div class=\"model-section-header\"><strong>ESPECIFICACIONES<\/strong><\/div>\n<\/div>\n<div class=\"col-sm-16\">\n<table class=\"spec-table\">\n<tbody>\n<tr>\n<td>Capacidad m\u00e1x.<\/td>\n<td>320 g<\/td>\n<\/tr>\n<tr>\n<td>Resoluci\u00f3n (2)<\/td>\n<td>0,01 g<\/td>\n<\/tr>\n<tr>\n<td>Tama\u00f1o del plat<\/td>\n<td>120 mm<\/td>\n<\/tr>\n<tr>\n<td>Duraci\u00f3n de la bater\u00eda<\/td>\n<td>80 horas con bater\u00edas desechables<\/td>\n<\/tr>\n<tr>\n<td>Comunicaci\u00f3n<\/td>\n<td>RS232 (disponible como accesorio);\u00a0 Host USB (disponible como accesorio);\u00a0 Dispositivo USB (disponible como accesorio);\u00a0 Ethernet (disponible como accesorio)<\/td>\n<\/tr>\n<tr>\n<td>Modelo con pantalla auxiliar<\/td>\n<td>Disponible como accesorio<\/td>\n<\/tr>\n<tr>\n<td>Dimensiones<\/td>\n<td>54 mm x 224 mm x 202 mm<\/td>\n<\/tr>\n<tr>\n<td>Pantalla<\/td>\n<td>Amplia LCD con luz de fondo<\/td>\n<\/tr>\n<tr>\n<td>Calibraci\u00f3n interna<\/td>\n<td>No aplica<\/td>\n<\/tr>\n<tr>\n<td>Cubierta<\/td>\n<td>Disponible como accesorio<\/td>\n<\/tr>\n<tr>\n<td>Legal para comercio<\/td>\n<td>No aplica<\/td>\n<\/tr>\n<tr>\n<td>Peso neto<\/td>\n<td>1 kg<\/td>\n<\/tr>\n<tr>\n<td>Material del plato<\/td>\n<td>Acero inoxidable<\/td>\n<\/tr>\n<tr>\n<td>Electricidad<\/td>\n<td>Adaptador de CA (incluido);\u00a0 4 bater\u00edas AA (LR6) (no incluidas)<\/td>\n<\/tr>\n<tr>\n<td>Tiempo de estabilizaci\u00f3n<\/td>\n<td>1 s<\/td>\n<\/tr>\n<tr>\n<td>Rango de tara<\/td>\n<td>Para capacidad por diferencia<\/td>\n<\/tr>\n<tr>\n<td>Estuche de transportaci\u00f3n<\/td>\n<td>Disponible como accesorio<\/td>\n<\/tr>\n<tr>\n<td>Unidades de medida<\/td>\n<td>Quilate;\u00a0 Grano;\u00a0 Gramo;\u00a0 Tael de Hong Kong;\u00a0 Onza;\u00a0 Onza troy;\u00a0 Pennyweight;\u00a0 Tael de Singapur;\u00a0 Tael de Taiw\u00e1n;\u00a0 Tical;\u00a0 Tola<\/td>\n<\/tr>\n<tr>\n<td>Ambiente de trabajo<\/td>\n<td>10\u00a0\u00a0 \u00b0C \u2013 40\u00a0\u00a0 \u00b0C, 80\u00a0\u00a0 % de HR, sin condensaci\u00f3n<\/td>\n<\/tr>\n<\/tbody>\n<\/table>\n<\/div>\n","protected":false},"featured_media":4859,"comment_status":"open","ping_status":"closed","template":"","meta":[],"product_brand":[],"product_cat":[98,100,111,80,110,106,109],"product_tag":[],"class_list":{"0":"post-1222","1":"product","2":"type-product","3":"status-publish","4":"has-post-thumbnail","6":"product_cat-balanzas-de-laboratorio-ohaus","7":"product_cat-balanzas-investigacion-y-desarrollo-ohaus","8":"product_cat-balanzas-joyeria-ohaus","9":"product_cat-balanzas-ohaus","10":"product_cat-balanzas-portatiles-ohaus","11":"product_cat-balanzas-scout-ohaus","12":"product_cat-balanzas-scout-sjx-ohaus","14":"first","15":"instock","16":"shipping-taxable","17":"product-type-simple"},"_links":{"self":[{"href":"https:\/\/balanzasybasculas.com.co\/index.php?rest_route=\/wp\/v2\/product\/1222","targetHints":{"allow":["GET"]}}],"collection":[{"href":"https:\/\/balanzasybasculas.com.co\/index.php?rest_route=\/wp\/v2\/product"}],"about":[{"href":"https:\/\/balanzasybasculas.com.co\/index.php?rest_route=\/wp\/v2\/types\/product"}],"replies":[{"embeddable":true,"href":"https:\/\/balanzasybasculas.com.co\/index.php?rest_route=%2Fwp%2Fv2%2Fcomments&post=1222"}],"wp:featuredmedia":[{"embeddable":true,"href":"https:\/\/balanzasybasculas.com.co\/index.php?rest_route=\/wp\/v2\/media\/4859"}],"wp:attachment":[{"href":"https:\/\/balanzasybasculas.com.co\/index.php?rest_route=%2Fwp%2Fv2%2Fmedia&parent=1222"}],"wp:term":[{"taxonomy":"product_brand","embeddable":true,"href":"https:\/\/balanzasybasculas.com.co\/index.php?rest_route=%2Fwp%2Fv2%2Fproduct_brand&post=1222"},{"taxonomy":"product_cat","embeddable":true,"href":"https:\/\/balanzasybasculas.com.co\/index.php?rest_route=%2Fwp%2Fv2%2Fproduct_cat&post=1222"},{"taxonomy":"product_tag","embeddable":true,"href":"https:\/\/balanzasybasculas.com.co\/index.php?rest_route=%2Fwp%2Fv2%2Fproduct_tag&post=1222"}],"curies":[{"name":"wp","href":"https:\/\/api.w.org\/{rel}","templated":true}]}}