{"id":1377,"date":"2020-01-28T16:45:50","date_gmt":"2020-01-28T21:45:50","guid":{"rendered":"https:\/\/avanzapesaje.space\/?post_type=product&#038;p=1377"},"modified":"2022-09-14T14:27:49","modified_gmt":"2022-09-14T19:27:49","slug":"basculas-ohaus-valor-para-alimentos-1000-v11p30t","status":"publish","type":"product","link":"https:\/\/balanzasybasculas.com.co\/?product=basculas-ohaus-valor-para-alimentos-1000-v11p30t","title":{"rendered":"Basculas Ohaus Valor Para Alimentos 1000 V12P2T"},"content":{"rendered":"<p>La serie Valor 1000 que cuenta con certificaciones del USDA y un dise\u00f1o seguro para alimentos con certificaci\u00f3n NSF, es una opci\u00f3n confiable para el pesaje general de alimentos. Las b\u00e1sculas Valor 1000 son f\u00e1ciles de operar, funcionan con dos botones, tienen una gran pantalla LCD retroiluminada y bater\u00eda con duraci\u00f3n de hasta 1500 horas.<\/p>\n","protected":false},"excerpt":{"rendered":"<div class=\"col-sm-16\">\n<div class=\"model-section-header\"><strong>ESPECIFICACIONES<\/strong><\/div>\n<div>\n<div id=\"model-specifications\" class=\"model-specifications grey-section\">\n<div class=\"container\">\n<div class=\"col-sm-16\">\n<table class=\"spec-table\">\n<tbody>\n<tr>\n<td>Capacidad m\u00e1xima<\/td>\n<td>2 kg<\/td>\n<\/tr>\n<tr>\n<td>Lectura m\u00ednima<\/td>\n<td>0,2 g<\/td>\n<\/tr>\n<tr>\n<td>Tama\u00f1o de plataforma (LxA)<\/td>\n<td>245 mm x 190 mm<\/td>\n<\/tr>\n<tr>\n<td>Duraci\u00f3n de la bater\u00eda<\/td>\n<td>750 horas con pilas desechables<\/td>\n<\/tr>\n<tr>\n<td>Comunicaci\u00f3n<\/td>\n<td>RS232 (disponible como accesorio)<\/td>\n<\/tr>\n<tr>\n<td>Dimensiones<\/td>\n<td>270 mm x 122 mm x 260 mm (LxAxA)<\/td>\n<\/tr>\n<tr>\n<td>Pantalla<\/td>\n<td>Pantallas duales LCD con luz de fondo (frontal y trasera)<\/td>\n<\/tr>\n<tr>\n<td>Funda de protecci\u00f3n<\/td>\n<td>Incluido<\/td>\n<\/tr>\n<tr>\n<td>Autorizada para comercio<\/td>\n<td>No aplica<\/td>\n<\/tr>\n<tr>\n<td>Linealidad \u00b1<\/td>\n<td>1 g<\/td>\n<\/tr>\n<tr>\n<td>Peso neto<\/td>\n<td>2,5 kg<\/td>\n<\/tr>\n<tr>\n<td>Construcci\u00f3n de la plataforma<\/td>\n<td>Acero inoxidable<\/td>\n<\/tr>\n<tr>\n<td>Alimentaci\u00f3n<\/td>\n<td>4 pilas D (LR20) (No incluidas);\u00a0 Adaptador de CA (incluido)<\/td>\n<\/tr>\n<tr>\n<td>Clasificaci\u00f3n de protecci\u00f3n<\/td>\n<td>No aplica<\/td>\n<\/tr>\n<tr>\n<td>Repetibilidad, t\u00edpica<\/td>\n<td>1 g<\/td>\n<\/tr>\n<tr>\n<td>Rango de tara<\/td>\n<td>Capacidad total por sustracci\u00f3n<\/td>\n<\/tr>\n<tr>\n<td>Estuche de transporte<\/td>\n<td>No<\/td>\n<\/tr>\n<tr>\n<td>Unidades de medida<\/td>\n<td>Gramo;\u00a0 Kilogramo;\u00a0 Libra;\u00a0 Onza<\/td>\n<\/tr>\n<tr>\n<td>Entorno de trabajo<\/td>\n<td>0 \u00b0C \u2013 40 \u00b0C, 80 % de HR, sin condensaci\u00f3n<\/td>\n<\/tr>\n<\/tbody>\n<\/table>\n<\/div>\n<\/div>\n<\/div>\n<\/div>\n<\/div>\n","protected":false},"featured_media":5649,"comment_status":"open","ping_status":"closed","template":"","meta":[],"product_brand":[],"product_cat":[130,101,123],"product_tag":[],"class_list":{"0":"post-1377","1":"product","2":"type-product","3":"status-publish","4":"has-post-thumbnail","6":"product_cat-balanza-valor-ohaus","7":"product_cat-balanzas-para-alimentos-ohaus","8":"product_cat-balanzas-valor-1000-ohaus","10":"first","11":"instock","12":"shipping-taxable","13":"product-type-simple"},"_links":{"self":[{"href":"https:\/\/balanzasybasculas.com.co\/index.php?rest_route=\/wp\/v2\/product\/1377","targetHints":{"allow":["GET"]}}],"collection":[{"href":"https:\/\/balanzasybasculas.com.co\/index.php?rest_route=\/wp\/v2\/product"}],"about":[{"href":"https:\/\/balanzasybasculas.com.co\/index.php?rest_route=\/wp\/v2\/types\/product"}],"replies":[{"embeddable":true,"href":"https:\/\/balanzasybasculas.com.co\/index.php?rest_route=%2Fwp%2Fv2%2Fcomments&post=1377"}],"wp:featuredmedia":[{"embeddable":true,"href":"https:\/\/balanzasybasculas.com.co\/index.php?rest_route=\/wp\/v2\/media\/5649"}],"wp:attachment":[{"href":"https:\/\/balanzasybasculas.com.co\/index.php?rest_route=%2Fwp%2Fv2%2Fmedia&parent=1377"}],"wp:term":[{"taxonomy":"product_brand","embeddable":true,"href":"https:\/\/balanzasybasculas.com.co\/index.php?rest_route=%2Fwp%2Fv2%2Fproduct_brand&post=1377"},{"taxonomy":"product_cat","embeddable":true,"href":"https:\/\/balanzasybasculas.com.co\/index.php?rest_route=%2Fwp%2Fv2%2Fproduct_cat&post=1377"},{"taxonomy":"product_tag","embeddable":true,"href":"https:\/\/balanzasybasculas.com.co\/index.php?rest_route=%2Fwp%2Fv2%2Fproduct_tag&post=1377"}],"curies":[{"name":"wp","href":"https:\/\/api.w.org\/{rel}","templated":true}]}}