{"id":1400,"date":"2020-01-28T20:57:51","date_gmt":"2020-01-28T20:57:51","guid":{"rendered":"https:\/\/avanzapesaje.space\/?post_type=product&#038;p=1400"},"modified":"2020-03-03T15:16:32","modified_gmt":"2020-03-03T15:16:32","slug":"basculas-ohaus-valor-para-alimentos-2000-v22pwe30t","status":"publish","type":"product","link":"https:\/\/balanzasybasculas.com.co\/?product=basculas-ohaus-valor-para-alimentos-2000-v22pwe30t","title":{"rendered":"Basculas Ohaus Valor Para Alimentos 2000 V22PWE30T"},"content":{"rendered":"<p>La b\u00e1scula para alimentos resistente al agua Valor 2000 de OHAUS eleva el nivel y establece un nuevo est\u00e1ndar con la mejor combinaci\u00f3n de velocidad y durabilidad. La Valor 2000 est\u00e1 disponible en dise\u00f1os con armaz\u00f3n de acero inoxidable y pl\u00e1stico, ofrece amplias pantallas (delantera y trasera) LED, seguridad a los alimentos y teclados resistentes a la punci\u00f3n, lo que la coloca en el primer lugar para uso en entornos secos y de lavado.<\/p>\n","protected":false},"excerpt":{"rendered":"<div class=\"col-sm-16\">\n<div class=\"model-section-header\"><strong>ESPECIFICACIONES<\/strong><\/div>\n<\/div>\n<div class=\"col-sm-16\">\n<table class=\"spec-table\">\n<tbody>\n<tr>\n<td>Capacidad m\u00e1x.<\/td>\n<td>30 kg<\/td>\n<\/tr>\n<tr>\n<td>Resoluci\u00f3n (2)<\/td>\n<td>5 g<\/td>\n<\/tr>\n<tr>\n<td>Tama\u00f1o de la plataforma<\/td>\n<td>190 mm x 242 mm<\/td>\n<\/tr>\n<tr>\n<td>Legal para comercio<\/td>\n<td>No aplica<\/td>\n<\/tr>\n<tr>\n<td>Electricidad<\/td>\n<td>Adaptador de CA (incluido);\u00a0 Bater\u00eda recargable (incluida)<\/td>\n<\/tr>\n<tr>\n<td>Duraci\u00f3n de la bater\u00eda<\/td>\n<td>50 horas con bater\u00eda recargable<\/td>\n<\/tr>\n<tr>\n<td>Comunicaci\u00f3n<\/td>\n<td>No aplica<\/td>\n<\/tr>\n<tr>\n<td>Dimensiones<\/td>\n<td>121 mm x 256 mm x 280 mm<\/td>\n<\/tr>\n<tr>\n<td>Pantalla<\/td>\n<td>Pantalla dual de LED roja<\/td>\n<\/tr>\n<tr>\n<td>Cubierta<\/td>\n<td>No<\/td>\n<\/tr>\n<tr>\n<td>Peso neto<\/td>\n<td>3 kg<\/td>\n<\/tr>\n<tr>\n<td>Material de la plataforma<\/td>\n<td>Acero inoxidable<\/td>\n<\/tr>\n<tr>\n<td>Grado de protecci\u00f3n<\/td>\n<td>IPX8<\/td>\n<\/tr>\n<tr>\n<td>Tiempo de estabilizaci\u00f3n<\/td>\n<td>0,5 s<\/td>\n<\/tr>\n<tr>\n<td>Rango de tara<\/td>\n<td>Para capacidad por diferencia<\/td>\n<\/tr>\n<tr>\n<td>Estuche de transportaci\u00f3n<\/td>\n<td>No aplica<\/td>\n<\/tr>\n<tr>\n<td>Unidades de medida<\/td>\n<td>Gramo;\u00a0 Kilogramo;\u00a0 Onza;\u00a0 Libra;\u00a0 Libra: onza<\/td>\n<\/tr>\n<tr>\n<td>Ambiente de trabajo<\/td>\n<td>-10\u00a0\u00a0 \u00b0C \u2013 40\u00a0\u00a0 \u00b0C, 90\u00a0\u00a0 % de HR, sin condensaci\u00f3n<\/td>\n<\/tr>\n<\/tbody>\n<\/table>\n<\/div>\n","protected":false},"featured_media":1401,"comment_status":"open","ping_status":"closed","template":"","meta":[],"product_brand":[],"product_cat":[118,120,227],"product_tag":[],"class_list":{"0":"post-1400","1":"product","2":"type-product","3":"status-publish","4":"has-post-thumbnail","6":"product_cat-basculas-ohaus","7":"product_cat-basculas-para-alimentos-ohaus","8":"product_cat-basculas-valor-2000-ohaus","10":"first","11":"instock","12":"shipping-taxable","13":"product-type-simple"},"_links":{"self":[{"href":"https:\/\/balanzasybasculas.com.co\/index.php?rest_route=\/wp\/v2\/product\/1400","targetHints":{"allow":["GET"]}}],"collection":[{"href":"https:\/\/balanzasybasculas.com.co\/index.php?rest_route=\/wp\/v2\/product"}],"about":[{"href":"https:\/\/balanzasybasculas.com.co\/index.php?rest_route=\/wp\/v2\/types\/product"}],"replies":[{"embeddable":true,"href":"https:\/\/balanzasybasculas.com.co\/index.php?rest_route=%2Fwp%2Fv2%2Fcomments&post=1400"}],"wp:featuredmedia":[{"embeddable":true,"href":"https:\/\/balanzasybasculas.com.co\/index.php?rest_route=\/wp\/v2\/media\/1401"}],"wp:attachment":[{"href":"https:\/\/balanzasybasculas.com.co\/index.php?rest_route=%2Fwp%2Fv2%2Fmedia&parent=1400"}],"wp:term":[{"taxonomy":"product_brand","embeddable":true,"href":"https:\/\/balanzasybasculas.com.co\/index.php?rest_route=%2Fwp%2Fv2%2Fproduct_brand&post=1400"},{"taxonomy":"product_cat","embeddable":true,"href":"https:\/\/balanzasybasculas.com.co\/index.php?rest_route=%2Fwp%2Fv2%2Fproduct_cat&post=1400"},{"taxonomy":"product_tag","embeddable":true,"href":"https:\/\/balanzasybasculas.com.co\/index.php?rest_route=%2Fwp%2Fv2%2Fproduct_tag&post=1400"}],"curies":[{"name":"wp","href":"https:\/\/api.w.org\/{rel}","templated":true}]}}