{"id":1419,"date":"2020-01-29T15:38:34","date_gmt":"2020-01-29T15:38:34","guid":{"rendered":"https:\/\/avanzapesaje.space\/?post_type=product&#038;p=1419"},"modified":"2020-01-29T15:41:56","modified_gmt":"2020-01-29T15:41:56","slug":"balanzas-ohaus-valor-para-alimentos-3000-v31xw6","status":"publish","type":"product","link":"https:\/\/balanzasybasculas.com.co\/?product=balanzas-ohaus-valor-para-alimentos-3000-v31xw6","title":{"rendered":"Balanzas Ohaus Valor Para Alimentos 3000 V31XW6"},"content":{"rendered":"<p>Las b\u00e1sculas Valor 3000 Xtreme contin\u00faan la tradici\u00f3n de OHAUS de fabricar productos durables y de alta calidad que sean f\u00e1ciles de usar y dif\u00edciles de superar. Sus caracter\u00edsticas son alta precisi\u00f3n de hasta 40\u00a0000\u00a0d de resoluci\u00f3n, durabilidad y facilidad de uso, encerrado en un armaz\u00f3n compacto liso y completamente de acero inoxidable. Las versiones de lavado y modelos aprobados por OIML garantizan que la Valor 3000 Xtreme cumple las necesidades incluso en los ambientes m\u00e1s demandantes.<\/p>\n","protected":false},"excerpt":{"rendered":"<div class=\"col-sm-16\">\n<div class=\"model-section-header\"><strong>ESPECIFICACIONES<\/strong><\/div>\n<\/div>\n<div class=\"col-sm-16\">\n<table class=\"spec-table\">\n<tbody>\n<tr>\n<td>Capacidad m\u00e1x.<\/td>\n<td>6 kg<\/td>\n<\/tr>\n<tr>\n<td>Lectura m\u00ednima<\/td>\n<td>1 g<\/td>\n<\/tr>\n<tr>\n<td>Lectura m\u00edn. (certificada)<\/td>\n<td>2 g<\/td>\n<\/tr>\n<tr>\n<td>Tama\u00f1o de la plataforma (LxA)<\/td>\n<td>158 mm x 146 mm<\/td>\n<\/tr>\n<tr>\n<td>Legal para comercio<\/td>\n<td>No aplica<\/td>\n<\/tr>\n<tr>\n<td>Electricidad<\/td>\n<td>Adaptador de CA (incluido);\u00a0 4 bater\u00edas C (LR14) (no incluidas)<\/td>\n<\/tr>\n<tr>\n<td>Comunicaci\u00f3n<\/td>\n<td>No aplica<\/td>\n<\/tr>\n<tr>\n<td>Dimensiones (AxLxA)<\/td>\n<td>77 mm x 218 mm x 186 mm<\/td>\n<\/tr>\n<tr>\n<td>Pantalla<\/td>\n<td>LCD con luz LED de fondo blanca<\/td>\n<\/tr>\n<tr>\n<td>Cubierta<\/td>\n<td>No<\/td>\n<\/tr>\n<tr>\n<td>Peso neto<\/td>\n<td>1,4 kg<\/td>\n<\/tr>\n<tr>\n<td>Material de la plataforma<\/td>\n<td>Acero inoxidable<\/td>\n<\/tr>\n<tr>\n<td>Grado de protecci\u00f3n<\/td>\n<td>IP65;\u00a0 NEMA 4X<\/td>\n<\/tr>\n<tr>\n<td>Rango de tara<\/td>\n<td>Para capacidad por diferencia<\/td>\n<\/tr>\n<tr>\n<td>Estuche de transportaci\u00f3n<\/td>\n<td>Disponible como accesorio<\/td>\n<\/tr>\n<tr>\n<td>Unidades de medida<\/td>\n<td>Gramo;\u00a0 Kilogramo;\u00a0 Onza;\u00a0 Libra;\u00a0 Libra: onza (fraccionario);\u00a0 Onza l\u00edquida (agua)<\/td>\n<\/tr>\n<tr>\n<td>Ambiente de trabajo<\/td>\n<td>0\u00a0\u00a0 \u00b0C \u2013 40\u00a0\u00a0 \u00b0C, 95\u00a0\u00a0 % de HR, sin condensaci\u00f3n<\/td>\n<\/tr>\n<\/tbody>\n<\/table>\n<\/div>\n","protected":false},"featured_media":1420,"comment_status":"open","ping_status":"closed","template":"","meta":[],"product_brand":[],"product_cat":[99,80,101,110,125],"product_tag":[],"class_list":{"0":"post-1419","1":"product","2":"type-product","3":"status-publish","4":"has-post-thumbnail","6":"product_cat-balanzas-industriales-ohaus","7":"product_cat-balanzas-ohaus","8":"product_cat-balanzas-para-alimentos-ohaus","9":"product_cat-balanzas-portatiles-ohaus","10":"product_cat-balanzas-valor-3000-ohaus","12":"first","13":"instock","14":"shipping-taxable","15":"product-type-simple"},"_links":{"self":[{"href":"https:\/\/balanzasybasculas.com.co\/index.php?rest_route=\/wp\/v2\/product\/1419","targetHints":{"allow":["GET"]}}],"collection":[{"href":"https:\/\/balanzasybasculas.com.co\/index.php?rest_route=\/wp\/v2\/product"}],"about":[{"href":"https:\/\/balanzasybasculas.com.co\/index.php?rest_route=\/wp\/v2\/types\/product"}],"replies":[{"embeddable":true,"href":"https:\/\/balanzasybasculas.com.co\/index.php?rest_route=%2Fwp%2Fv2%2Fcomments&post=1419"}],"wp:featuredmedia":[{"embeddable":true,"href":"https:\/\/balanzasybasculas.com.co\/index.php?rest_route=\/wp\/v2\/media\/1420"}],"wp:attachment":[{"href":"https:\/\/balanzasybasculas.com.co\/index.php?rest_route=%2Fwp%2Fv2%2Fmedia&parent=1419"}],"wp:term":[{"taxonomy":"product_brand","embeddable":true,"href":"https:\/\/balanzasybasculas.com.co\/index.php?rest_route=%2Fwp%2Fv2%2Fproduct_brand&post=1419"},{"taxonomy":"product_cat","embeddable":true,"href":"https:\/\/balanzasybasculas.com.co\/index.php?rest_route=%2Fwp%2Fv2%2Fproduct_cat&post=1419"},{"taxonomy":"product_tag","embeddable":true,"href":"https:\/\/balanzasybasculas.com.co\/index.php?rest_route=%2Fwp%2Fv2%2Fproduct_tag&post=1419"}],"curies":[{"name":"wp","href":"https:\/\/api.w.org\/{rel}","templated":true}]}}