{"id":1460,"date":"2020-01-29T18:24:13","date_gmt":"2020-01-29T18:24:13","guid":{"rendered":"https:\/\/avanzapesaje.space\/?post_type=product&#038;p=1460"},"modified":"2020-01-29T18:26:26","modified_gmt":"2020-01-29T18:26:26","slug":"balanzas-ohaus-valor-para-alimentos-7000-v71p3t","status":"publish","type":"product","link":"https:\/\/balanzasybasculas.com.co\/?product=balanzas-ohaus-valor-para-alimentos-7000-v71p3t","title":{"rendered":"Balanzas Ohaus Valor Para Alimentos 7000 V71P3T"},"content":{"rendered":"<p>La balanza para alimentos compacta Valor 7000 de OHAUS es la m\u00e1s nueva de la l\u00ednea de productos fiables y duraderos de OHAUS que aumentar\u00e1 la productividad de su pesaje de alimentos y de porcionado. Las pantallas duales y los sensores sin contacto, el men\u00fa y la configuraci\u00f3n de uso f\u00e1cil, junto con la velocidad y precisi\u00f3n de resultados proporcionan una experiencia perfecta y sin complicaciones al usuario, sencillamente insuperable.<\/p>\n","protected":false},"excerpt":{"rendered":"<div class=\"col-sm-16\">\n<div class=\"model-section-header\"><strong>ESPECIFICACIONES<\/strong><\/div>\n<\/div>\n<div class=\"col-sm-16\">\n<table class=\"spec-table\">\n<tbody>\n<tr>\n<td>Capacidad m\u00e1x.<\/td>\n<td>3 kg<\/td>\n<\/tr>\n<tr>\n<td>Lectura m\u00ednima<\/td>\n<td>0,1 g<\/td>\n<\/tr>\n<tr>\n<td>Lectura m\u00edn. (certificada)<\/td>\n<td>1 g<\/td>\n<\/tr>\n<tr>\n<td>Tama\u00f1o de la plataforma (LxA)<\/td>\n<td>225 mm x 300 mm<\/td>\n<\/tr>\n<tr>\n<td>Legal para comercio<\/td>\n<td>Aprobaci\u00f3n tipo EC;\u00a0 Certificaci\u00f3n del NTEP;\u00a0 Aprobada por Medidas de Canad\u00e1<\/td>\n<\/tr>\n<tr>\n<td>Electricidad<\/td>\n<td>Alimentaci\u00f3n CA (incluida);\u00a0 Bater\u00eda recargable (incluida)<\/td>\n<\/tr>\n<tr>\n<td>Duraci\u00f3n de la bater\u00eda<\/td>\n<td>210 horas con bater\u00eda recargable<\/td>\n<\/tr>\n<tr>\n<td>Comunicaci\u00f3n<\/td>\n<td>Ethernet (disponible como accesorio);\u00a0 USB (disponible como accesorio);\u00a0 RS232 (incluido);\u00a0 2.\u00ba RS232 (disponible como accesorio)<\/td>\n<\/tr>\n<tr>\n<td>Dimensiones<\/td>\n<td>117 mm x 311 mm x 327 mm<\/td>\n<\/tr>\n<tr>\n<td>Pantalla<\/td>\n<td>LCD dual con luz de fondo LED + 3 LED<\/td>\n<\/tr>\n<tr>\n<td>Cubierta<\/td>\n<td>Incluido<\/td>\n<\/tr>\n<tr>\n<td>Peso neto<\/td>\n<td>4,2 kg<\/td>\n<\/tr>\n<tr>\n<td>Material de la plataforma<\/td>\n<td>Acero inoxidable<\/td>\n<\/tr>\n<tr>\n<td>Grado de protecci\u00f3n<\/td>\n<td>IP43<\/td>\n<\/tr>\n<tr>\n<td>Rango de tara<\/td>\n<td>Para capacidad por diferencia<\/td>\n<\/tr>\n<tr>\n<td>Estuche de transportaci\u00f3n<\/td>\n<td>No aplica<\/td>\n<\/tr>\n<tr>\n<td>Unidades de medida<\/td>\n<td>Gramo;\u00a0 Kilogramo;\u00a0 Onza;\u00a0 Libra;\u00a0 Libra: onza<\/td>\n<\/tr>\n<tr>\n<td>Ambiente de trabajo<\/td>\n<td>-10\u00a0\u00a0 \u00b0C \u2013 40\u00a0\u00a0 \u00b0C, 85\u00a0\u00a0 % de HR, sin condensaci\u00f3n<\/td>\n<\/tr>\n<\/tbody>\n<\/table>\n<\/div>\n","protected":false},"featured_media":1461,"comment_status":"open","ping_status":"closed","template":"","meta":[],"product_brand":[],"product_cat":[98,99,80,101,127],"product_tag":[],"class_list":{"0":"post-1460","1":"product","2":"type-product","3":"status-publish","4":"has-post-thumbnail","6":"product_cat-balanzas-de-laboratorio-ohaus","7":"product_cat-balanzas-industriales-ohaus","8":"product_cat-balanzas-ohaus","9":"product_cat-balanzas-para-alimentos-ohaus","10":"product_cat-balanzas-valor-7000-ohaus","12":"first","13":"instock","14":"shipping-taxable","15":"product-type-simple"},"_links":{"self":[{"href":"https:\/\/balanzasybasculas.com.co\/index.php?rest_route=\/wp\/v2\/product\/1460","targetHints":{"allow":["GET"]}}],"collection":[{"href":"https:\/\/balanzasybasculas.com.co\/index.php?rest_route=\/wp\/v2\/product"}],"about":[{"href":"https:\/\/balanzasybasculas.com.co\/index.php?rest_route=\/wp\/v2\/types\/product"}],"replies":[{"embeddable":true,"href":"https:\/\/balanzasybasculas.com.co\/index.php?rest_route=%2Fwp%2Fv2%2Fcomments&post=1460"}],"wp:featuredmedia":[{"embeddable":true,"href":"https:\/\/balanzasybasculas.com.co\/index.php?rest_route=\/wp\/v2\/media\/1461"}],"wp:attachment":[{"href":"https:\/\/balanzasybasculas.com.co\/index.php?rest_route=%2Fwp%2Fv2%2Fmedia&parent=1460"}],"wp:term":[{"taxonomy":"product_brand","embeddable":true,"href":"https:\/\/balanzasybasculas.com.co\/index.php?rest_route=%2Fwp%2Fv2%2Fproduct_brand&post=1460"},{"taxonomy":"product_cat","embeddable":true,"href":"https:\/\/balanzasybasculas.com.co\/index.php?rest_route=%2Fwp%2Fv2%2Fproduct_cat&post=1460"},{"taxonomy":"product_tag","embeddable":true,"href":"https:\/\/balanzasybasculas.com.co\/index.php?rest_route=%2Fwp%2Fv2%2Fproduct_tag&post=1460"}],"curies":[{"name":"wp","href":"https:\/\/api.w.org\/{rel}","templated":true}]}}