{"id":1657,"date":"2020-01-31T16:31:39","date_gmt":"2020-01-31T16:31:39","guid":{"rendered":"https:\/\/avanzapesaje.space\/?post_type=product&#038;p=1657"},"modified":"2020-01-31T16:33:16","modified_gmt":"2020-01-31T16:33:16","slug":"bascula-ohaus-de-piso-serie-vx-vx32xw5000x","status":"publish","type":"product","link":"https:\/\/balanzasybasculas.com.co\/?product=bascula-ohaus-de-piso-serie-vx-vx32xw5000x","title":{"rendered":"Bascula Ohaus de Piso Serie VX VX32XW5000X"},"content":{"rendered":"<p>Las b\u00e1sculas de piso de la serie VX de OHAUS est\u00e1n dise\u00f1adas para reducir la distorsi\u00f3n bajo cargas pesadas y garantizar a\u00f1os de rendimiento confiable. Completa con un indicador lavable T32XW de larga duraci\u00f3n, la serie VX muestra resultados en libras o kilogramos, incluye un modo de recuento, correcci\u00f3n de gravedad geogr\u00e1fica para ajuste r\u00e1pido a las condiciones locales y certificaci\u00f3n NTEP (solo en los modelos de 2500\u00a0L y 5000\u00a0L).<\/p>\n","protected":false},"excerpt":{"rendered":"<div class=\"col-sm-16\">\n<div class=\"model-section-header\"><strong>ESPECIFICACIONES<\/strong><\/div>\n<\/div>\n<div class=\"col-sm-16\">\n<table class=\"spec-table\">\n<tbody>\n<tr>\n<td>Capacidad m\u00e1x.<\/td>\n<td>2.200 kg<\/td>\n<\/tr>\n<tr>\n<td>Lectura m\u00ednima<\/td>\n<td>0,5 kg<\/td>\n<\/tr>\n<tr>\n<td>Tama\u00f1o de la plataforma<\/td>\n<td>1.524 mm x 1.524 mm<\/td>\n<\/tr>\n<tr>\n<td>Duraci\u00f3n de la bater\u00eda<\/td>\n<td>58 horas con bater\u00eda recargable<\/td>\n<\/tr>\n<tr>\n<td>Comunicaci\u00f3n<\/td>\n<td>RS232 (incluido)<\/td>\n<\/tr>\n<tr>\n<td>Dimensiones (AxLxA)<\/td>\n<td>115 mm x 1.524 mm x 1.524 mm<\/td>\n<\/tr>\n<tr>\n<td>Pantalla<\/td>\n<td>LCD con luz LED de fondo blanca<\/td>\n<\/tr>\n<tr>\n<td>Legal para comercio<\/td>\n<td>No aplica<\/td>\n<\/tr>\n<tr>\n<td>Peso neto<\/td>\n<td>158 kg<\/td>\n<\/tr>\n<tr>\n<td>Salidas<\/td>\n<td>No aplica<\/td>\n<\/tr>\n<tr>\n<td>Material de la plataforma<\/td>\n<td>Placa de acero pintado con patr\u00f3n de rombos<\/td>\n<\/tr>\n<tr>\n<td>Electricidad<\/td>\n<td>Alimentaci\u00f3n CA (incluida);\u00a0 Bater\u00eda recargable (incluida)<\/td>\n<\/tr>\n<tr>\n<td>Grado de protecci\u00f3n<\/td>\n<td>IP 65<\/td>\n<\/tr>\n<tr>\n<td>Rango de tara<\/td>\n<td>Para capacidad por diferencia<\/td>\n<\/tr>\n<tr>\n<td>Unidades de medida<\/td>\n<td>Gramo;\u00a0 Kilogramo;\u00a0 Onza;\u00a0 Libra;\u00a0 Libra: onza<\/td>\n<\/tr>\n<tr>\n<td>Ambiente de trabajo<\/td>\n<td>-10\u00a0\u00a0 \u00b0C \u2013 40\u00a0\u00a0 \u00b0C, 85\u00a0\u00a0 % de HR, sin condensaci\u00f3n<\/td>\n<\/tr>\n<\/tbody>\n<\/table>\n<\/div>\n","protected":false},"featured_media":1658,"comment_status":"open","ping_status":"closed","template":"","meta":[],"product_brand":[],"product_cat":[135,122,118,136],"product_tag":[],"class_list":{"0":"post-1657","1":"product","2":"type-product","3":"status-publish","4":"has-post-thumbnail","6":"product_cat-basculas-de-piso-ohaus","7":"product_cat-basculas-lavables-ohaus","8":"product_cat-basculas-ohaus","9":"product_cat-basculas-serie-vx-ohaus","11":"first","12":"instock","13":"shipping-taxable","14":"product-type-simple"},"_links":{"self":[{"href":"https:\/\/balanzasybasculas.com.co\/index.php?rest_route=\/wp\/v2\/product\/1657","targetHints":{"allow":["GET"]}}],"collection":[{"href":"https:\/\/balanzasybasculas.com.co\/index.php?rest_route=\/wp\/v2\/product"}],"about":[{"href":"https:\/\/balanzasybasculas.com.co\/index.php?rest_route=\/wp\/v2\/types\/product"}],"replies":[{"embeddable":true,"href":"https:\/\/balanzasybasculas.com.co\/index.php?rest_route=%2Fwp%2Fv2%2Fcomments&post=1657"}],"wp:featuredmedia":[{"embeddable":true,"href":"https:\/\/balanzasybasculas.com.co\/index.php?rest_route=\/wp\/v2\/media\/1658"}],"wp:attachment":[{"href":"https:\/\/balanzasybasculas.com.co\/index.php?rest_route=%2Fwp%2Fv2%2Fmedia&parent=1657"}],"wp:term":[{"taxonomy":"product_brand","embeddable":true,"href":"https:\/\/balanzasybasculas.com.co\/index.php?rest_route=%2Fwp%2Fv2%2Fproduct_brand&post=1657"},{"taxonomy":"product_cat","embeddable":true,"href":"https:\/\/balanzasybasculas.com.co\/index.php?rest_route=%2Fwp%2Fv2%2Fproduct_cat&post=1657"},{"taxonomy":"product_tag","embeddable":true,"href":"https:\/\/balanzasybasculas.com.co\/index.php?rest_route=%2Fwp%2Fv2%2Fproduct_tag&post=1657"}],"curies":[{"name":"wp","href":"https:\/\/api.w.org\/{rel}","templated":true}]}}