{"id":1681,"date":"2020-02-03T16:22:56","date_gmt":"2020-02-03T16:22:56","guid":{"rendered":"https:\/\/avanzapesaje.space\/?post_type=product&#038;p=1681"},"modified":"2020-02-03T16:29:03","modified_gmt":"2020-02-03T16:29:03","slug":"plataforma-ohaus-defender-5000-d12wqs","status":"publish","type":"product","link":"https:\/\/balanzasybasculas.com.co\/?product=plataforma-ohaus-defender-5000-d12wqs","title":{"rendered":"Plataforma Ohaus Defender 5000 D12WQS"},"content":{"rendered":"<p>La base de la serie Defender 5000 W de la pr\u00f3xima generaci\u00f3n de OHAUS ofrece durabilidad para las aplicaciones industriales m\u00e1s demandantes. La serie W est\u00e1 equipada con c\u00e9lulas de carga de punto \u00fanico protegidas contra la humedad, fabricada en acero inoxidable con patas ajustables de goma antideslizante, bandejas de pesaje de acero inoxidable desmontables y burbujas de nivelaci\u00f3n integradas. La resoluci\u00f3n m\u00e1xima no aprobada de 1:15\u00a0000\u00a0d cumple con las necesidades de aplicaciones de pesaje industrial que requieren extrema precisi\u00f3n.<\/p>\n","protected":false},"excerpt":{"rendered":"<div class=\"col-sm-16\">\n<div class=\"model-section-header\"><strong>ESPECIFICACIONES<\/strong><\/div>\n<\/div>\n<div class=\"col-sm-16\">\n<table class=\"spec-table\">\n<tbody>\n<tr>\n<td>Capacidad m\u00e1x.<\/td>\n<td>12,5 kg<\/td>\n<\/tr>\n<tr>\n<td>Lectura m\u00ednima<\/td>\n<td>0,5 g<\/td>\n<\/tr>\n<tr>\n<td>Tama\u00f1o de la plataforma<\/td>\n<td>254 mm x 254 mm<\/td>\n<\/tr>\n<tr>\n<td>Legal para comercio<\/td>\n<td>Aprobada por Medidas de Canad\u00e1;\u00a0 Certificaci\u00f3n del NTEP<\/td>\n<\/tr>\n<tr>\n<td>Grado de protecci\u00f3n<\/td>\n<td>IP67<\/td>\n<\/tr>\n<tr>\n<td>Dimensiones (AxLxA)<\/td>\n<td>74 mm x 282 mm x 254 mm<\/td>\n<\/tr>\n<tr>\n<td>Peso neto<\/td>\n<td>4,5 kg<\/td>\n<\/tr>\n<tr>\n<td>Material de la plataforma<\/td>\n<td>Acero inoxidable<\/td>\n<\/tr>\n<tr>\n<td>Ambiente de trabajo<\/td>\n<td>-10\u00a0\u00a0 \u00b0C \u2013 40\u00a0\u00a0 \u00b0C, 85\u00a0\u00a0 % de HR, sin condensaci\u00f3n<\/td>\n<\/tr>\n<\/tbody>\n<\/table>\n<\/div>\n","protected":false},"featured_media":1684,"comment_status":"open","ping_status":"closed","template":"","meta":[],"product_brand":[],"product_cat":[143,139],"product_tag":[],"class_list":{"0":"post-1681","1":"product","2":"type-product","3":"status-publish","4":"has-post-thumbnail","6":"product_cat-plataforma-defender-5000-ohaus","7":"product_cat-plataformas-ohaus","9":"first","10":"instock","11":"shipping-taxable","12":"product-type-simple"},"_links":{"self":[{"href":"https:\/\/balanzasybasculas.com.co\/index.php?rest_route=\/wp\/v2\/product\/1681","targetHints":{"allow":["GET"]}}],"collection":[{"href":"https:\/\/balanzasybasculas.com.co\/index.php?rest_route=\/wp\/v2\/product"}],"about":[{"href":"https:\/\/balanzasybasculas.com.co\/index.php?rest_route=\/wp\/v2\/types\/product"}],"replies":[{"embeddable":true,"href":"https:\/\/balanzasybasculas.com.co\/index.php?rest_route=%2Fwp%2Fv2%2Fcomments&post=1681"}],"wp:featuredmedia":[{"embeddable":true,"href":"https:\/\/balanzasybasculas.com.co\/index.php?rest_route=\/wp\/v2\/media\/1684"}],"wp:attachment":[{"href":"https:\/\/balanzasybasculas.com.co\/index.php?rest_route=%2Fwp%2Fv2%2Fmedia&parent=1681"}],"wp:term":[{"taxonomy":"product_brand","embeddable":true,"href":"https:\/\/balanzasybasculas.com.co\/index.php?rest_route=%2Fwp%2Fv2%2Fproduct_brand&post=1681"},{"taxonomy":"product_cat","embeddable":true,"href":"https:\/\/balanzasybasculas.com.co\/index.php?rest_route=%2Fwp%2Fv2%2Fproduct_cat&post=1681"},{"taxonomy":"product_tag","embeddable":true,"href":"https:\/\/balanzasybasculas.com.co\/index.php?rest_route=%2Fwp%2Fv2%2Fproduct_tag&post=1681"}],"curies":[{"name":"wp","href":"https:\/\/api.w.org\/{rel}","templated":true}]}}