{"id":1803,"date":"2020-02-05T13:05:36","date_gmt":"2020-02-05T13:05:36","guid":{"rendered":"https:\/\/avanzapesaje.space\/?post_type=product&#038;p=1803"},"modified":"2023-10-06T14:39:18","modified_gmt":"2023-10-06T19:39:18","slug":"indicador-de-peso-ohaus-td52p","status":"publish","type":"product","link":"https:\/\/balanzasybasculas.com.co\/?product=indicador-de-peso-ohaus-td52p","title":{"rendered":"Indicador De Peso Ohaus TD52P"},"content":{"rendered":"<p>El indicador multifuncional de la serie Defender 5000 de siguiente generaci\u00f3n de OHAUS es ideal para usarse junto con b\u00e1sculas de mesa y piso para una multitud de aplicaciones que incluyen producci\u00f3n, embalaje, inventario y env\u00edo. Construida de forma duradera y equipada con caracter\u00edsticas avanzadas tales como salida de impresi\u00f3n de m\u00e1xima configurabilidad, salida de datos GMP\/GLP, administraci\u00f3n de biblioteca\/usuario y m\u00faltiples opciones de conectividad, la serie Defender 5000 est\u00e1 dise\u00f1ada para manejar aplicaciones industriales y comerciales exigentes.<\/p>\n","protected":false},"excerpt":{"rendered":"<div class=\"col-sm-16\">\n<div class=\"model-section-header\"><strong>ESPECIFICACIONES<\/strong><\/div>\n<\/div>\n<div class=\"col-sm-16\">\n<table class=\"spec-table\">\n<tbody>\n<tr>\n<td>Resoluci\u00f3n<\/td>\n<td>75.000<\/td>\n<\/tr>\n<tr>\n<td>Resoluci\u00f3n (certificada)<\/td>\n<td>10.000<\/td>\n<\/tr>\n<tr>\n<td>Duraci\u00f3n de la bater\u00eda<\/td>\n<td>20 horas con bater\u00eda recargable<\/td>\n<\/tr>\n<tr>\n<td>Salidas<\/td>\n<td>E\/S digitales 2 entradas\/4 salidas;\u00a0 4\uff5e20\u00a0\u00a0 mA<\/td>\n<\/tr>\n<tr>\n<td>Puerto para segunda b\u00e1scula<\/td>\n<td>No aplica<\/td>\n<\/tr>\n<tr>\n<td>Grado de protecci\u00f3n<\/td>\n<td>No aplica<\/td>\n<\/tr>\n<tr>\n<td>Comunicaci\u00f3n<\/td>\n<td>RS232 (incluido);\u00a0 2.\u00ba RS232\/RS485\/USB (disponible como accesorio);\u00a0 USB (disponible como accesorio);\u00a0 WiFi\/Bluetooth (disponible como accesorio);\u00a0 Ethernet (disponible como accesorio)<\/td>\n<\/tr>\n<tr>\n<td>Dimensiones<\/td>\n<td>192 mm x 265 mm x 75 mm<\/td>\n<\/tr>\n<tr>\n<td>Pantalla<\/td>\n<td>LCD de matriz de puntos con retroiluminaci\u00f3n LED blanca<\/td>\n<\/tr>\n<tr>\n<td>Legal para comercio<\/td>\n<td>Aprobaci\u00f3n tipo EC;\u00a0 OIML<\/td>\n<\/tr>\n<tr>\n<td>Peso neto<\/td>\n<td>1,5 kg<\/td>\n<\/tr>\n<tr>\n<td>Electricidad<\/td>\n<td>Bater\u00eda recargable (no incluida);\u00a0 Alimentaci\u00f3n CA (incluida)<\/td>\n<\/tr>\n<tr>\n<td>Grado de protecci\u00f3n<\/td>\n<td>No aplica<\/td>\n<\/tr>\n<tr>\n<td>Rango de tara<\/td>\n<td>Para capacidad por diferencia<\/td>\n<\/tr>\n<tr>\n<td>Unidades de medida<\/td>\n<td>Personalizado;\u00a0 Gramo;\u00a0 Kilogramo;\u00a0 Toneladas m\u00e9tricas;\u00a0 Onza;\u00a0 Libra;\u00a0 Libra: onza;\u00a0 Tonelada<\/td>\n<\/tr>\n<tr>\n<td>Ambiente de trabajo<\/td>\n<td>-10\u00a0\u00a0 \u00b0C \u2013 40\u00a0\u00a0 \u00b0C, 85\u00a0\u00a0 % de HR, sin condensaci\u00f3n<\/td>\n<\/tr>\n<\/tbody>\n<\/table>\n<\/div>\n","protected":false},"featured_media":1805,"comment_status":"open","ping_status":"closed","template":"","meta":[],"product_brand":[],"product_cat":[151,155],"product_tag":[],"class_list":{"0":"post-1803","1":"product","2":"type-product","3":"status-publish","4":"has-post-thumbnail","6":"product_cat-indicadores-ohaus","7":"product_cat-indicadores-serie-5000-ohaus","9":"first","10":"instock","11":"shipping-taxable","12":"product-type-simple"},"_links":{"self":[{"href":"https:\/\/balanzasybasculas.com.co\/index.php?rest_route=\/wp\/v2\/product\/1803","targetHints":{"allow":["GET"]}}],"collection":[{"href":"https:\/\/balanzasybasculas.com.co\/index.php?rest_route=\/wp\/v2\/product"}],"about":[{"href":"https:\/\/balanzasybasculas.com.co\/index.php?rest_route=\/wp\/v2\/types\/product"}],"replies":[{"embeddable":true,"href":"https:\/\/balanzasybasculas.com.co\/index.php?rest_route=%2Fwp%2Fv2%2Fcomments&post=1803"}],"wp:featuredmedia":[{"embeddable":true,"href":"https:\/\/balanzasybasculas.com.co\/index.php?rest_route=\/wp\/v2\/media\/1805"}],"wp:attachment":[{"href":"https:\/\/balanzasybasculas.com.co\/index.php?rest_route=%2Fwp%2Fv2%2Fmedia&parent=1803"}],"wp:term":[{"taxonomy":"product_brand","embeddable":true,"href":"https:\/\/balanzasybasculas.com.co\/index.php?rest_route=%2Fwp%2Fv2%2Fproduct_brand&post=1803"},{"taxonomy":"product_cat","embeddable":true,"href":"https:\/\/balanzasybasculas.com.co\/index.php?rest_route=%2Fwp%2Fv2%2Fproduct_cat&post=1803"},{"taxonomy":"product_tag","embeddable":true,"href":"https:\/\/balanzasybasculas.com.co\/index.php?rest_route=%2Fwp%2Fv2%2Fproduct_tag&post=1803"}],"curies":[{"name":"wp","href":"https:\/\/api.w.org\/{rel}","templated":true}]}}