{"id":1808,"date":"2020-02-05T13:12:23","date_gmt":"2020-02-05T13:12:23","guid":{"rendered":"https:\/\/avanzapesaje.space\/?post_type=product&#038;p=1808"},"modified":"2020-02-05T13:15:06","modified_gmt":"2020-02-05T13:15:06","slug":"indicador-de-peso-ohaus-t32xw","status":"publish","type":"product","link":"https:\/\/balanzasybasculas.com.co\/?product=indicador-de-peso-ohaus-t32xw","title":{"rendered":"Indicador De Peso Ohaus T32XW"},"content":{"rendered":"<p>El T32XW es el indicado cuando se necesita simplicidad y precisi\u00f3n en ambientes h\u00famedos o cuando es importante la capacidad de lavar a fondo la b\u00e1scula y el indicador.<\/p>\n","protected":false},"excerpt":{"rendered":"<div class=\"col-sm-16\">\n<div class=\"model-section-header\"><strong>ESPECIFICACIONES<\/strong><\/div>\n<\/div>\n<div class=\"col-sm-16\">\n<table class=\"spec-table\">\n<tbody>\n<tr>\n<td>Resoluci\u00f3n<\/td>\n<td>20.000<\/td>\n<\/tr>\n<tr>\n<td>Resoluci\u00f3n (certificada)<\/td>\n<td>6.000<\/td>\n<\/tr>\n<tr>\n<td>Duraci\u00f3n de la bater\u00eda<\/td>\n<td>58 horas con bater\u00eda recargable<\/td>\n<\/tr>\n<tr>\n<td>Salidas<\/td>\n<td>No aplica<\/td>\n<\/tr>\n<tr>\n<td>Puerto para segunda b\u00e1scula<\/td>\n<td>No aplica<\/td>\n<\/tr>\n<tr>\n<td>Grado de protecci\u00f3n<\/td>\n<td>IP65;\u00a0 NEMA 4X<\/td>\n<\/tr>\n<tr>\n<td>Comunicaci\u00f3n<\/td>\n<td>RS232 (incluido)<\/td>\n<\/tr>\n<tr>\n<td>Dimensiones<\/td>\n<td>201 mm x 71 mm x 239 mm<\/td>\n<\/tr>\n<tr>\n<td>Pantalla<\/td>\n<td>LCD con luz LED de fondo blanca<\/td>\n<\/tr>\n<tr>\n<td>Cubierta<\/td>\n<td>No<\/td>\n<\/tr>\n<tr>\n<td>Legal para comercio<\/td>\n<td>Aprobaci\u00f3n tipo EC;\u00a0 Aprobada por Medidas de Canad\u00e1;\u00a0 Certificaci\u00f3n del NTEP<\/td>\n<\/tr>\n<tr>\n<td>Peso neto<\/td>\n<td>3,2 kg<\/td>\n<\/tr>\n<tr>\n<td>Electricidad<\/td>\n<td>Alimentaci\u00f3n CA (incluida);\u00a0 Bater\u00eda recargable (incluida)<\/td>\n<\/tr>\n<tr>\n<td>Grado de protecci\u00f3n<\/td>\n<td>IP65;\u00a0 NEMA 4X<\/td>\n<\/tr>\n<tr>\n<td>Tiempo de estabilizaci\u00f3n<\/td>\n<td>2 s<\/td>\n<\/tr>\n<tr>\n<td>Unidades de medida<\/td>\n<td>Gramo;\u00a0 Kilogramo;\u00a0 Onza;\u00a0 Libra;\u00a0 Libra: onza<\/td>\n<\/tr>\n<tr>\n<td>Ambiente de trabajo<\/td>\n<td>-10\u00a0\u00a0 \u00b0C \u2013 40\u00a0\u00a0 \u00b0C, 85\u00a0\u00a0 % de HR, sin condensaci\u00f3n<\/td>\n<\/tr>\n<\/tbody>\n<\/table>\n<\/div>\n","protected":false},"featured_media":1809,"comment_status":"open","ping_status":"closed","template":"","meta":[],"product_brand":[],"product_cat":[152,151,157],"product_tag":[],"class_list":{"0":"post-1808","1":"product","2":"type-product","3":"status-publish","4":"has-post-thumbnail","6":"product_cat-indicadores-lavables-ohaus","7":"product_cat-indicadores-ohaus","8":"product_cat-indicadores-serie-3000-ohaus","10":"first","11":"instock","12":"shipping-taxable","13":"product-type-simple"},"_links":{"self":[{"href":"https:\/\/balanzasybasculas.com.co\/index.php?rest_route=\/wp\/v2\/product\/1808","targetHints":{"allow":["GET"]}}],"collection":[{"href":"https:\/\/balanzasybasculas.com.co\/index.php?rest_route=\/wp\/v2\/product"}],"about":[{"href":"https:\/\/balanzasybasculas.com.co\/index.php?rest_route=\/wp\/v2\/types\/product"}],"replies":[{"embeddable":true,"href":"https:\/\/balanzasybasculas.com.co\/index.php?rest_route=%2Fwp%2Fv2%2Fcomments&post=1808"}],"wp:featuredmedia":[{"embeddable":true,"href":"https:\/\/balanzasybasculas.com.co\/index.php?rest_route=\/wp\/v2\/media\/1809"}],"wp:attachment":[{"href":"https:\/\/balanzasybasculas.com.co\/index.php?rest_route=%2Fwp%2Fv2%2Fmedia&parent=1808"}],"wp:term":[{"taxonomy":"product_brand","embeddable":true,"href":"https:\/\/balanzasybasculas.com.co\/index.php?rest_route=%2Fwp%2Fv2%2Fproduct_brand&post=1808"},{"taxonomy":"product_cat","embeddable":true,"href":"https:\/\/balanzasybasculas.com.co\/index.php?rest_route=%2Fwp%2Fv2%2Fproduct_cat&post=1808"},{"taxonomy":"product_tag","embeddable":true,"href":"https:\/\/balanzasybasculas.com.co\/index.php?rest_route=%2Fwp%2Fv2%2Fproduct_tag&post=1808"}],"curies":[{"name":"wp","href":"https:\/\/api.w.org\/{rel}","templated":true}]}}