{"id":1813,"date":"2020-02-05T13:48:07","date_gmt":"2020-02-05T13:48:07","guid":{"rendered":"https:\/\/avanzapesaje.space\/?post_type=product&#038;p=1813"},"modified":"2020-02-05T13:51:25","modified_gmt":"2020-02-05T13:51:25","slug":"indicador-de-peso-ohaus-t32me","status":"publish","type":"product","link":"https:\/\/balanzasybasculas.com.co\/?product=indicador-de-peso-ohaus-t32me","title":{"rendered":"Indicador De Peso Ohaus T32ME"},"content":{"rendered":"<p>Los indicadores T32MC y T32ME de OHAUS son ideales para aplicaciones de pesaje general y simple en el \u00e1rea de producci\u00f3n, empaque, almac\u00e9n, inventarios, zonas de env\u00edos y recepci\u00f3n. Ambos tienen un armaz\u00f3n de acero pintado con placa frontal de ABS de alta durabilidad.<\/p>\n","protected":false},"excerpt":{"rendered":"<div class=\"col-sm-16\">\n<div class=\"model-section-header\"><strong>ESPECIFICACIONES<\/strong><\/div>\n<\/div>\n<div class=\"col-sm-16\">\n<table class=\"spec-table\">\n<tbody>\n<tr>\n<td>Resoluci\u00f3n<\/td>\n<td>20.000<\/td>\n<\/tr>\n<tr>\n<td>Resoluci\u00f3n (certificada)<\/td>\n<td>6.000<\/td>\n<\/tr>\n<tr>\n<td>Duraci\u00f3n de la bater\u00eda<\/td>\n<td>No aplica<\/td>\n<\/tr>\n<tr>\n<td>Salidas<\/td>\n<td>No aplica<\/td>\n<\/tr>\n<tr>\n<td>Puerto para segunda b\u00e1scula<\/td>\n<td>No aplica<\/td>\n<\/tr>\n<tr>\n<td>Grado de protecci\u00f3n<\/td>\n<td>No aplica<\/td>\n<\/tr>\n<tr>\n<td>Comunicaci\u00f3n<\/td>\n<td>RS232 (incluido)<\/td>\n<\/tr>\n<tr>\n<td>Dimensiones<\/td>\n<td>192 mm x 46 mm x 222 mm<\/td>\n<\/tr>\n<tr>\n<td>Pantalla<\/td>\n<td>LED roja<\/td>\n<\/tr>\n<tr>\n<td>Cubierta<\/td>\n<td>No<\/td>\n<\/tr>\n<tr>\n<td>Legal para comercio<\/td>\n<td>Aprobaci\u00f3n tipo EC;\u00a0 Aprobada por Medidas de Canad\u00e1;\u00a0 Certificaci\u00f3n del NTEP<\/td>\n<\/tr>\n<tr>\n<td>Peso neto<\/td>\n<td>0,7 kg<\/td>\n<\/tr>\n<tr>\n<td>Electricidad<\/td>\n<td>Adaptador de CA (incluido)<\/td>\n<\/tr>\n<tr>\n<td>Grado de protecci\u00f3n<\/td>\n<td>No aplica<\/td>\n<\/tr>\n<tr>\n<td>Tiempo de estabilizaci\u00f3n<\/td>\n<td>2 s<\/td>\n<\/tr>\n<tr>\n<td>Rango de tara<\/td>\n<td>Para capacidad por diferencia<\/td>\n<\/tr>\n<tr>\n<td>Unidades de medida<\/td>\n<td>Gramo;\u00a0 Kilogramo;\u00a0 Onza;\u00a0 Libra: onza<\/td>\n<\/tr>\n<tr>\n<td>Ambiente de trabajo<\/td>\n<td>-10\u00a0\u00a0 \u00b0C \u2013 40\u00a0\u00a0 \u00b0C, 85\u00a0\u00a0 % de HR, sin condensaci\u00f3n<\/td>\n<\/tr>\n<\/tbody>\n<\/table>\n<\/div>\n","protected":false},"featured_media":1814,"comment_status":"open","ping_status":"closed","template":"","meta":[],"product_brand":[],"product_cat":[151,157],"product_tag":[],"class_list":{"0":"post-1813","1":"product","2":"type-product","3":"status-publish","4":"has-post-thumbnail","6":"product_cat-indicadores-ohaus","7":"product_cat-indicadores-serie-3000-ohaus","9":"first","10":"instock","11":"shipping-taxable","12":"product-type-simple"},"_links":{"self":[{"href":"https:\/\/balanzasybasculas.com.co\/index.php?rest_route=\/wp\/v2\/product\/1813","targetHints":{"allow":["GET"]}}],"collection":[{"href":"https:\/\/balanzasybasculas.com.co\/index.php?rest_route=\/wp\/v2\/product"}],"about":[{"href":"https:\/\/balanzasybasculas.com.co\/index.php?rest_route=\/wp\/v2\/types\/product"}],"replies":[{"embeddable":true,"href":"https:\/\/balanzasybasculas.com.co\/index.php?rest_route=%2Fwp%2Fv2%2Fcomments&post=1813"}],"wp:featuredmedia":[{"embeddable":true,"href":"https:\/\/balanzasybasculas.com.co\/index.php?rest_route=\/wp\/v2\/media\/1814"}],"wp:attachment":[{"href":"https:\/\/balanzasybasculas.com.co\/index.php?rest_route=%2Fwp%2Fv2%2Fmedia&parent=1813"}],"wp:term":[{"taxonomy":"product_brand","embeddable":true,"href":"https:\/\/balanzasybasculas.com.co\/index.php?rest_route=%2Fwp%2Fv2%2Fproduct_brand&post=1813"},{"taxonomy":"product_cat","embeddable":true,"href":"https:\/\/balanzasybasculas.com.co\/index.php?rest_route=%2Fwp%2Fv2%2Fproduct_cat&post=1813"},{"taxonomy":"product_tag","embeddable":true,"href":"https:\/\/balanzasybasculas.com.co\/index.php?rest_route=%2Fwp%2Fv2%2Fproduct_tag&post=1813"}],"curies":[{"name":"wp","href":"https:\/\/api.w.org\/{rel}","templated":true}]}}