{"id":1824,"date":"2020-02-05T14:08:38","date_gmt":"2020-02-05T14:08:38","guid":{"rendered":"https:\/\/avanzapesaje.space\/?post_type=product&#038;p=1824"},"modified":"2020-02-05T14:15:17","modified_gmt":"2020-02-05T14:15:17","slug":"analizador-de-humedad-ohaus-mb90","status":"publish","type":"product","link":"https:\/\/balanzasybasculas.com.co\/?product=analizador-de-humedad-ohaus-mb90","title":{"rendered":"Analizador de Humedad Ohaus MB90"},"content":{"rendered":"<p>Medir el contenido de humedad nunca ha sido m\u00e1s f\u00e1cil que con el analizador de humedad MB90. La calefacci\u00f3n hal\u00f3gena del MB90 distribuye el calor de manera uniforme sobre la muestra y acelera el proceso de secado, logrando mediciones r\u00e1pidas y precisas. Dise\u00f1ado para la limpieza sin necesidad de herramientas, sus componentes se pueden quitar f\u00e1cilmente para un mantenimiento r\u00e1pido y f\u00e1cil. Manejar el MB90 es intuitivo, gracias al men\u00fa de navegaci\u00f3n basado en iconos de la pantalla t\u00e1ctil.<\/p>\n","protected":false},"excerpt":{"rendered":"<div class=\"col-sm-16\">\n<div class=\"model-section-header\"><strong>ESPECIFICACIONES<\/strong><\/div>\n<\/div>\n<div class=\"col-sm-16\">\n<table class=\"spec-table\">\n<tbody>\n<tr>\n<td>Capacidad m\u00e1x.<\/td>\n<td>90 g<\/td>\n<\/tr>\n<tr>\n<td>Contenido de lectura de humedad<\/td>\n<td>1\u00a0\u00a0 mg\/0,01\u00a0\u00a0 %<\/td>\n<\/tr>\n<tr>\n<td>Tama\u00f1o del plato<\/td>\n<td>90 mm<\/td>\n<\/tr>\n<tr>\n<td>Tipo de calefactor<\/td>\n<td>L\u00e1mpara hal\u00f3gena<\/td>\n<\/tr>\n<tr>\n<td>Comunicaci\u00f3n<\/td>\n<td>2 host USB;\u00a0 Dispositivo USB;\u00a0 RS232<\/td>\n<\/tr>\n<tr>\n<td>Dimensiones<\/td>\n<td>180 mm x 355 mm x 211 mm<\/td>\n<\/tr>\n<tr>\n<td>Pantalla<\/td>\n<td>Pantalla t\u00e1ctil a color WQVGA de 4.3\u201d<\/td>\n<\/tr>\n<tr>\n<td>Perfiles de calefacci\u00f3n<\/td>\n<td>Est\u00e1ndar;\u00a0 R\u00e1pido<\/td>\n<\/tr>\n<tr>\n<td>Cubierta<\/td>\n<td>Incluido<\/td>\n<\/tr>\n<tr>\n<td>Rango de humedad<\/td>\n<td>0 % \u2013 100 %<\/td>\n<\/tr>\n<tr>\n<td>Peso neto<\/td>\n<td>5,23 kg<\/td>\n<\/tr>\n<tr>\n<td>Intervalo de funcionamiento (temp.)<\/td>\n<td>10 \u00b0C \u2013 40 \u00b0C<\/td>\n<\/tr>\n<tr>\n<td>Electricidad<\/td>\n<td>230V<\/td>\n<\/tr>\n<tr>\n<td>Tama\u00f1o de muestra<\/td>\n<td>0,5 g \u2013 90 g<\/td>\n<\/tr>\n<tr>\n<td>Tipos de apagado<\/td>\n<td>Manual;\u00a0 Con temporizador;\u00a0 Autom\u00e1tico<\/td>\n<\/tr>\n<tr>\n<td>Rango de tara<\/td>\n<td>0\u00a0\u00a0 g\u2013225\u00a0\u00a0 g<\/td>\n<\/tr>\n<tr>\n<td>Rango de temperatura<\/td>\n<td>40 \u00b0C \u2013 200 \u00b0C<\/td>\n<\/tr>\n<tr>\n<td>Biblioteca de pruebas<\/td>\n<td>2<\/td>\n<\/tr>\n<tr>\n<td>Unidades de medida<\/td>\n<td>Gramo;\u00a0 % MC;\u00a0 %\u00a0\u00a0 RG;\u00a0 % DC<\/td>\n<\/tr>\n<tr>\n<td>Ambiente de trabajo<\/td>\n<td>10\u00a0\u00a0 \u00b0C \u2013 40\u00a0\u00a0 \u00b0C, 85\u00a0\u00a0 % de HR, sin condensaci\u00f3n<\/td>\n<\/tr>\n<\/tbody>\n<\/table>\n<\/div>\n","protected":false},"featured_media":1825,"comment_status":"open","ping_status":"closed","template":"","meta":[],"product_brand":[],"product_cat":[161],"product_tag":[],"class_list":{"0":"post-1824","1":"product","2":"type-product","3":"status-publish","4":"has-post-thumbnail","6":"product_cat-analizadores-de-humedad-ohaus","8":"first","9":"instock","10":"shipping-taxable","11":"product-type-simple"},"_links":{"self":[{"href":"https:\/\/balanzasybasculas.com.co\/index.php?rest_route=\/wp\/v2\/product\/1824","targetHints":{"allow":["GET"]}}],"collection":[{"href":"https:\/\/balanzasybasculas.com.co\/index.php?rest_route=\/wp\/v2\/product"}],"about":[{"href":"https:\/\/balanzasybasculas.com.co\/index.php?rest_route=\/wp\/v2\/types\/product"}],"replies":[{"embeddable":true,"href":"https:\/\/balanzasybasculas.com.co\/index.php?rest_route=%2Fwp%2Fv2%2Fcomments&post=1824"}],"wp:featuredmedia":[{"embeddable":true,"href":"https:\/\/balanzasybasculas.com.co\/index.php?rest_route=\/wp\/v2\/media\/1825"}],"wp:attachment":[{"href":"https:\/\/balanzasybasculas.com.co\/index.php?rest_route=%2Fwp%2Fv2%2Fmedia&parent=1824"}],"wp:term":[{"taxonomy":"product_brand","embeddable":true,"href":"https:\/\/balanzasybasculas.com.co\/index.php?rest_route=%2Fwp%2Fv2%2Fproduct_brand&post=1824"},{"taxonomy":"product_cat","embeddable":true,"href":"https:\/\/balanzasybasculas.com.co\/index.php?rest_route=%2Fwp%2Fv2%2Fproduct_cat&post=1824"},{"taxonomy":"product_tag","embeddable":true,"href":"https:\/\/balanzasybasculas.com.co\/index.php?rest_route=%2Fwp%2Fv2%2Fproduct_tag&post=1824"}],"curies":[{"name":"wp","href":"https:\/\/api.w.org\/{rel}","templated":true}]}}