{"id":1826,"date":"2020-02-05T14:16:22","date_gmt":"2020-02-05T14:16:22","guid":{"rendered":"https:\/\/avanzapesaje.space\/?post_type=product&#038;p=1826"},"modified":"2020-02-05T14:20:35","modified_gmt":"2020-02-05T14:20:35","slug":"analizador-de-humedad-ohaus-mb27","status":"publish","type":"product","link":"https:\/\/balanzasybasculas.com.co\/?product=analizador-de-humedad-ohaus-mb27","title":{"rendered":"Analizador de Humedad Ohaus MB27"},"content":{"rendered":"<p>El nuevo analizador de humedad b\u00e1sico MB27 de OHAUS combina alta calidad y durabilidad en un dise\u00f1o elegante y compacto. El MB27 ofrece resultados confiables y precisos para gran variedad de aplicaciones de an\u00e1lisis de humedad.<\/p>\n","protected":false},"excerpt":{"rendered":"<div class=\"col-sm-16\">\n<div class=\"model-section-header\"><strong>ESPECIFICACIONES<\/strong><\/div>\n<\/div>\n<div class=\"col-sm-16\">\n<table class=\"spec-table\">\n<tbody>\n<tr>\n<td>Capacidad m\u00e1x.<\/td>\n<td>90 g<\/td>\n<\/tr>\n<tr>\n<td>Contenido de lectura de humedad<\/td>\n<td>1\u00a0\u00a0 mg\/0,01\u00a0\u00a0 %<\/td>\n<\/tr>\n<tr>\n<td>Tama\u00f1o del plato<\/td>\n<td>90 mm<\/td>\n<\/tr>\n<tr>\n<td>Tipo de calefactor<\/td>\n<td>L\u00e1mpara hal\u00f3gena<\/td>\n<\/tr>\n<tr>\n<td>Comunicaci\u00f3n<\/td>\n<td>RS232<\/td>\n<\/tr>\n<tr>\n<td>Dimensiones<\/td>\n<td>127 mm x 280 mm x 165 mm<\/td>\n<\/tr>\n<tr>\n<td>Pantalla<\/td>\n<td>LCD, luz de fondo<\/td>\n<\/tr>\n<tr>\n<td>Cubierta<\/td>\n<td>Incluido<\/td>\n<\/tr>\n<tr>\n<td>Peso neto<\/td>\n<td>2,1 kg<\/td>\n<\/tr>\n<tr>\n<td>Electricidad<\/td>\n<td>Adaptador de CA (incluido)<\/td>\n<\/tr>\n<tr>\n<td>Tipos de apagado<\/td>\n<td>Autom\u00e1tico: preajuste de p\u00e9rdida de peso\/tiempo;\u00a0 Manual;\u00a0 Con temporizador<\/td>\n<\/tr>\n<tr>\n<td>Rango de temperatura<\/td>\n<td>50 \u00b0C \u2013 160 \u00b0C<\/td>\n<\/tr>\n<tr>\n<td>Unidades de medida<\/td>\n<td>%;\u00a0 Gramo<\/td>\n<\/tr>\n<tr>\n<td>Ambiente de trabajo<\/td>\n<td>10\u00a0\u00a0 \u00b0C \u2013 40\u00a0\u00a0 \u00b0C, 80\u00a0\u00a0 % de HR, sin condensaci\u00f3n<\/td>\n<\/tr>\n<\/tbody>\n<\/table>\n<\/div>\n","protected":false},"featured_media":1827,"comment_status":"open","ping_status":"closed","template":"","meta":[],"product_brand":[],"product_cat":[161],"product_tag":[],"class_list":{"0":"post-1826","1":"product","2":"type-product","3":"status-publish","4":"has-post-thumbnail","6":"product_cat-analizadores-de-humedad-ohaus","8":"first","9":"instock","10":"shipping-taxable","11":"product-type-simple"},"_links":{"self":[{"href":"https:\/\/balanzasybasculas.com.co\/index.php?rest_route=\/wp\/v2\/product\/1826","targetHints":{"allow":["GET"]}}],"collection":[{"href":"https:\/\/balanzasybasculas.com.co\/index.php?rest_route=\/wp\/v2\/product"}],"about":[{"href":"https:\/\/balanzasybasculas.com.co\/index.php?rest_route=\/wp\/v2\/types\/product"}],"replies":[{"embeddable":true,"href":"https:\/\/balanzasybasculas.com.co\/index.php?rest_route=%2Fwp%2Fv2%2Fcomments&post=1826"}],"wp:featuredmedia":[{"embeddable":true,"href":"https:\/\/balanzasybasculas.com.co\/index.php?rest_route=\/wp\/v2\/media\/1827"}],"wp:attachment":[{"href":"https:\/\/balanzasybasculas.com.co\/index.php?rest_route=%2Fwp%2Fv2%2Fmedia&parent=1826"}],"wp:term":[{"taxonomy":"product_brand","embeddable":true,"href":"https:\/\/balanzasybasculas.com.co\/index.php?rest_route=%2Fwp%2Fv2%2Fproduct_brand&post=1826"},{"taxonomy":"product_cat","embeddable":true,"href":"https:\/\/balanzasybasculas.com.co\/index.php?rest_route=%2Fwp%2Fv2%2Fproduct_cat&post=1826"},{"taxonomy":"product_tag","embeddable":true,"href":"https:\/\/balanzasybasculas.com.co\/index.php?rest_route=%2Fwp%2Fv2%2Fproduct_tag&post=1826"}],"curies":[{"name":"wp","href":"https:\/\/api.w.org\/{rel}","templated":true}]}}