{"id":1928,"date":"2020-02-07T15:33:55","date_gmt":"2020-02-07T15:33:55","guid":{"rendered":"https:\/\/avanzapesaje.space\/?post_type=product&#038;p=1928"},"modified":"2025-01-24T19:04:52","modified_gmt":"2025-01-25T00:04:52","slug":"medidor-portatil-para-conductividad-starter-300-st300c-b","status":"publish","type":"product","link":"https:\/\/balanzasybasculas.com.co\/?product=medidor-portatil-para-conductividad-starter-300-st300c-b","title":{"rendered":"Medidor Port\u00e1til para Conductividad Starter 300C ST300C-B"},"content":{"rendered":"<p>Luego de m\u00e1s de un siglo de perfeccionar el arte de la medici\u00f3n a trav\u00e9s de nuestros productos de pesaje, la precisi\u00f3n de OHAUS ahora est\u00e1 disponible en el medidor de conductividad port\u00e1til que tambi\u00e9n puede probar el total de s\u00f3lidos disueltos. Este medidor port\u00e1til ofrece mayor comodidad, confiabilidad y durabilidad en un dise\u00f1o compacto.<\/p>\n","protected":false},"excerpt":{"rendered":"<div class=\"col-sm-16\">\n<div class=\"model-section-header\"><strong>ESPECIFICACIONES<\/strong><\/div>\n<\/div>\n<div class=\"col-sm-16\">\n<table class=\"spec-table\">\n<tbody>\n<tr>\n<td>Intervalo de medici\u00f3n<\/td>\n<td>00.0\u00a0\u00a0 \u03bcS\/cm \u2013 199.9\u00a0\u00a0 mS\/cm;\u00a0 0.1\u00a0\u00a0 mg\/L \u2013 199.9\u00a0\u00a0 g\/L (TDS);\u00a0 0 \u2013 100\u00a0\u00a0 \u00b0C<\/td>\n<\/tr>\n<tr>\n<td>Resoluci\u00f3n de la medici\u00f3n<\/td>\n<td>0.01\u00a0\u00a0 \u03bcS\/cm;\u00a0 0.1\u00a0\u00a0 mg\/L;\u00a0 0.1 \u00b0C<\/td>\n<\/tr>\n<tr>\n<td>Calibraci\u00f3n<\/td>\n<td>1 punto<\/td>\n<\/tr>\n<tr>\n<td>Compensaci\u00f3n de temperatura<\/td>\n<td>Autom\u00e1tico<\/td>\n<\/tr>\n<tr>\n<td>Pantalla<\/td>\n<td>LCD<\/td>\n<\/tr>\n<tr>\n<td>Ambiente de trabajo<\/td>\n<td>5 \u00b0C \u2013 40 \u00b0C, 80 % de HR, sin condensaci\u00f3n<\/td>\n<\/tr>\n<tr>\n<td>Peso neto<\/td>\n<td>0,16 kg<\/td>\n<\/tr>\n<tr>\n<td>Rango de medici\u00f3n de conductividad<\/td>\n<td>0.01 \u03bcS\/cm-199.9 mS\/cm<\/td>\n<\/tr>\n<tr>\n<td>Rango de medici\u00f3n (temperatura)<\/td>\n<td>0 \u00b0C \u2013 100 \u00b0C<\/td>\n<\/tr>\n<tr>\n<td>Par\u00e1metro<\/td>\n<td>Conductividad\/TDS<\/td>\n<\/tr>\n<tr>\n<td>Resoluci\u00f3n de conductividad (variable)<\/td>\n<td>0,01 \u2013 1<\/td>\n<\/tr>\n<tr>\n<td>Resoluci\u00f3n de temperatura<\/td>\n<td>0,1 \u00b0C<\/td>\n<\/tr>\n<tr>\n<td>Precisi\u00f3n \u00b1 (temperatura)<\/td>\n<td>0,3 \u00b0C<\/td>\n<\/tr>\n<tr>\n<td>Duraci\u00f3n de la bater\u00eda<\/td>\n<td>250 horas con bater\u00edas desechables<\/td>\n<\/tr>\n<tr>\n<td>Precisi\u00f3n de conductividad (\u00b1)<\/td>\n<td>0,5 %<\/td>\n<\/tr>\n<tr>\n<td>Dimensiones<\/td>\n<td>35 mm x 170 mm x 90 mm<\/td>\n<\/tr>\n<tr>\n<td>Cubierta<\/td>\n<td>No<\/td>\n<\/tr>\n<tr>\n<td>Electricidad<\/td>\n<td>4 bater\u00edas AAA (LR03) (incluidas)<\/td>\n<\/tr>\n<tr>\n<td>Sensor de temperatura<\/td>\n<td>30\u00a0\u00a0 K\u03a9 NTC<\/td>\n<\/tr>\n<\/tbody>\n<\/table>\n<\/div>\n","protected":false},"featured_media":7625,"comment_status":"open","ping_status":"closed","template":"","meta":[],"product_brand":[],"product_cat":[169,163,165],"product_tag":[],"class_list":{"0":"post-1928","1":"product","2":"type-product","3":"status-publish","4":"has-post-thumbnail","6":"product_cat-conductividad-ohaus","7":"product_cat-electroquimica-ohaus","8":"product_cat-medidores-portatiles-ohaus","10":"first","11":"instock","12":"shipping-taxable","13":"product-type-simple"},"_links":{"self":[{"href":"https:\/\/balanzasybasculas.com.co\/index.php?rest_route=\/wp\/v2\/product\/1928","targetHints":{"allow":["GET"]}}],"collection":[{"href":"https:\/\/balanzasybasculas.com.co\/index.php?rest_route=\/wp\/v2\/product"}],"about":[{"href":"https:\/\/balanzasybasculas.com.co\/index.php?rest_route=\/wp\/v2\/types\/product"}],"replies":[{"embeddable":true,"href":"https:\/\/balanzasybasculas.com.co\/index.php?rest_route=%2Fwp%2Fv2%2Fcomments&post=1928"}],"wp:featuredmedia":[{"embeddable":true,"href":"https:\/\/balanzasybasculas.com.co\/index.php?rest_route=\/wp\/v2\/media\/7625"}],"wp:attachment":[{"href":"https:\/\/balanzasybasculas.com.co\/index.php?rest_route=%2Fwp%2Fv2%2Fmedia&parent=1928"}],"wp:term":[{"taxonomy":"product_brand","embeddable":true,"href":"https:\/\/balanzasybasculas.com.co\/index.php?rest_route=%2Fwp%2Fv2%2Fproduct_brand&post=1928"},{"taxonomy":"product_cat","embeddable":true,"href":"https:\/\/balanzasybasculas.com.co\/index.php?rest_route=%2Fwp%2Fv2%2Fproduct_cat&post=1928"},{"taxonomy":"product_tag","embeddable":true,"href":"https:\/\/balanzasybasculas.com.co\/index.php?rest_route=%2Fwp%2Fv2%2Fproduct_tag&post=1928"}],"curies":[{"name":"wp","href":"https:\/\/api.w.org\/{rel}","templated":true}]}}