{"id":2019,"date":"2020-02-10T19:13:06","date_gmt":"2020-02-10T19:13:06","guid":{"rendered":"https:\/\/avanzapesaje.space\/?post_type=product&#038;p=2019"},"modified":"2020-02-10T19:24:40","modified_gmt":"2020-02-10T19:24:40","slug":"agitador-orbital-ohaus-de-uso-ligero-shld0415al","status":"publish","type":"product","link":"https:\/\/balanzasybasculas.com.co\/?product=agitador-orbital-ohaus-de-uso-ligero-shld0415al","title":{"rendered":"Agitador Orbital Ohaus de Uso Ligero SHLD0415AL"},"content":{"rendered":"<p>Los agitadores para uso ligero est\u00e1n dise\u00f1ados para aplicaciones con cargas menores a 8 libras. Elija entre dos \u00f3rbitas y rangos de velocidad para optimizar su mezcla de muestras. Control por microprocesador o modelo anal\u00f3gico con control de velocidad b\u00e1sico, dos modelos digitales que incluyen una plataforma antideslizante que se puede quitar para montar las abrazaderas de matraces y bastidores de tubos directamente en la bandeja, y un modelo digital de agitaci\u00f3n para microplacas que puede soportar hasta 4 microplacas o 2 bastidores de microtubo.<\/p>\n","protected":false},"excerpt":{"rendered":"<div class=\"col-sm-16\">\n<div class=\"model-section-header\"><strong>ESPECIFICACIONES<\/strong><\/div>\n<\/div>\n<div class=\"col-sm-16\">\n<table class=\"spec-table\">\n<tbody>\n<tr>\n<td>Movimiento<\/td>\n<td>Orbital, 15 mm<\/td>\n<\/tr>\n<tr>\n<td>Alcance m\u00e1ximo<\/td>\n<td>3.6 kg<\/td>\n<\/tr>\n<tr>\n<td>Rango de velocidad<\/td>\n<td>40 rpm \u2013 300 rpm<\/td>\n<\/tr>\n<tr>\n<td>Tama\u00f1o de la bandeja (LxA)<\/td>\n<td>29,9 cm x 22,2 cm<\/td>\n<\/tr>\n<tr>\n<td>Control<\/td>\n<td>Anal\u00f3gico<\/td>\n<\/tr>\n<tr>\n<td>Sistema de accionamiento<\/td>\n<td>Motor de CC sin escobillas;\u00a0 Exc\u00e9ntrico triple<\/td>\n<\/tr>\n<tr>\n<td>Dimensiones<\/td>\n<td>10,8 cm x 41,3 cm x 26 cm<\/td>\n<\/tr>\n<tr>\n<td>Peso neto<\/td>\n<td>10,9 kg<\/td>\n<\/tr>\n<tr>\n<td>\u00d3rbita {metric}<\/td>\n<td>15 mm<\/td>\n<\/tr>\n<tr>\n<td>Electricidad<\/td>\n<td>230V\/120V, 2.5A, 50\/60Hz<\/td>\n<\/tr>\n<tr>\n<td>Consumo de energ\u00eda<\/td>\n<td>25 W<\/td>\n<\/tr>\n<tr>\n<td>Certificaci\u00f3n de seguridad<\/td>\n<td>CE;\u00a0 TUV<\/td>\n<\/tr>\n<tr>\n<td>Rango de velocidad<\/td>\n<td>40 rpm \u2013 300 rpm<\/td>\n<\/tr>\n<tr>\n<td>Temporizador<\/td>\n<td>1 segundo \u2013 160 horas<\/td>\n<\/tr>\n<tr>\n<td>Estructura de la bandeja<\/td>\n<td>Aluminio<\/td>\n<\/tr>\n<tr>\n<td>Ambiente de trabajo<\/td>\n<td>0 \u00b0C \u2013 40 \u00b0C, 80 % de HR, sin condensaci\u00f3n<\/td>\n<\/tr>\n<\/tbody>\n<\/table>\n<\/div>\n","protected":false},"featured_media":2020,"comment_status":"open","ping_status":"closed","template":"","meta":[],"product_brand":[],"product_cat":[177,179,175],"product_tag":[],"class_list":{"0":"post-2019","1":"product","2":"type-product","3":"status-publish","4":"has-post-thumbnail","6":"product_cat-agitadores-ohaus","7":"product_cat-agitadores-orbitales-uso-ligero-ohaus","8":"product_cat-equipos-de-laboratorio-ohaus","10":"first","11":"instock","12":"shipping-taxable","13":"product-type-simple"},"_links":{"self":[{"href":"https:\/\/balanzasybasculas.com.co\/index.php?rest_route=\/wp\/v2\/product\/2019","targetHints":{"allow":["GET"]}}],"collection":[{"href":"https:\/\/balanzasybasculas.com.co\/index.php?rest_route=\/wp\/v2\/product"}],"about":[{"href":"https:\/\/balanzasybasculas.com.co\/index.php?rest_route=\/wp\/v2\/types\/product"}],"replies":[{"embeddable":true,"href":"https:\/\/balanzasybasculas.com.co\/index.php?rest_route=%2Fwp%2Fv2%2Fcomments&post=2019"}],"wp:featuredmedia":[{"embeddable":true,"href":"https:\/\/balanzasybasculas.com.co\/index.php?rest_route=\/wp\/v2\/media\/2020"}],"wp:attachment":[{"href":"https:\/\/balanzasybasculas.com.co\/index.php?rest_route=%2Fwp%2Fv2%2Fmedia&parent=2019"}],"wp:term":[{"taxonomy":"product_brand","embeddable":true,"href":"https:\/\/balanzasybasculas.com.co\/index.php?rest_route=%2Fwp%2Fv2%2Fproduct_brand&post=2019"},{"taxonomy":"product_cat","embeddable":true,"href":"https:\/\/balanzasybasculas.com.co\/index.php?rest_route=%2Fwp%2Fv2%2Fproduct_cat&post=2019"},{"taxonomy":"product_tag","embeddable":true,"href":"https:\/\/balanzasybasculas.com.co\/index.php?rest_route=%2Fwp%2Fv2%2Fproduct_tag&post=2019"}],"curies":[{"name":"wp","href":"https:\/\/api.w.org\/{rel}","templated":true}]}}