{"id":2037,"date":"2020-02-10T20:33:11","date_gmt":"2020-02-10T20:33:11","guid":{"rendered":"https:\/\/avanzapesaje.space\/?post_type=product&#038;p=2037"},"modified":"2020-02-10T20:48:51","modified_gmt":"2020-02-10T20:48:51","slug":"agitador-orbital-ohaus-de-uso-rudo-shhd4550dg","status":"publish","type":"product","link":"https:\/\/balanzasybasculas.com.co\/?product=agitador-orbital-ohaus-de-uso-rudo-shhd4550dg","title":{"rendered":"Agitador Orbital Ohaus de Uso Rudo SHHD4550DG"},"content":{"rendered":"<p>Con capacidades de carga de 35 a 150 libras y m\u00e1s de 70 opciones de accesorios, los agitadores para uso rudo de OHAUS est\u00e1n dise\u00f1ados para manejar una amplia gama de aplicaciones. Disponibles modelos anal\u00f3gicos y digitales con microprocesador de control para brindar velocidad variable y agitaci\u00f3n constante, mientras se desplaza a la velocidad establecida. El microprocesador muestra el \u00faltimo punto de ajuste y se reiniciar\u00e1 si se interrumpe la alimentaci\u00f3n. Bandeja integrada y cubierta de goma antideslizante incluida en todos los modelos.<\/p>\n","protected":false},"excerpt":{"rendered":"<div class=\"col-sm-16\">\n<div class=\"model-section-header\"><strong>ESPECIFICACIONES<\/strong><\/div>\n<\/div>\n<div class=\"col-sm-16\">\n<table class=\"spec-table\">\n<tbody>\n<tr>\n<td>Movimiento<\/td>\n<td>Orbital, 51 mm<\/td>\n<\/tr>\n<tr>\n<td>Alcance m\u00e1ximo<\/td>\n<td>45.4 kg<\/td>\n<\/tr>\n<tr>\n<td>Rango de velocidad<\/td>\n<td>15 rpm \u2013 300 rpm<\/td>\n<\/tr>\n<tr>\n<td>Tama\u00f1o de la bandeja (LxA)<\/td>\n<td>61 cm x 61 cm<\/td>\n<\/tr>\n<tr>\n<td>Control<\/td>\n<td>Digital<\/td>\n<\/tr>\n<tr>\n<td>Sistema de accionamiento<\/td>\n<td>Motor de CC sin escobillas;\u00a0 Exc\u00e9ntrico triple<\/td>\n<\/tr>\n<tr>\n<td>Calibraci\u00f3n<\/td>\n<td>Calibraci\u00f3n de velocidad<\/td>\n<\/tr>\n<tr>\n<td>Comunicaci\u00f3n<\/td>\n<td>RS232 (incluido)<\/td>\n<\/tr>\n<tr>\n<td>Dimensiones<\/td>\n<td>17 cm x 72,9 cm x 67,8 cm<\/td>\n<\/tr>\n<tr>\n<td>Peso neto<\/td>\n<td>90,3 kg<\/td>\n<\/tr>\n<tr>\n<td>\u00d3rbita {metric}<\/td>\n<td>51 mm<\/td>\n<\/tr>\n<tr>\n<td>Electricidad<\/td>\n<td>120V, 5A, 50\/60Hz<\/td>\n<\/tr>\n<tr>\n<td>Consumo de energ\u00eda<\/td>\n<td>80 W<\/td>\n<\/tr>\n<tr>\n<td>Certificaci\u00f3n de seguridad<\/td>\n<td>TUV<\/td>\n<\/tr>\n<tr>\n<td>Precisi\u00f3n de velocidad<\/td>\n<td>\u00b11 rpm, por encima de las 100 rpm \u00b11% de la velocidad establecida<\/td>\n<\/tr>\n<tr>\n<td>Rango de velocidad<\/td>\n<td>15 rpm \u2013 300 rpm<\/td>\n<\/tr>\n<tr>\n<td>Temporizador<\/td>\n<td>1 segundo \u2013 160 horas<\/td>\n<\/tr>\n<tr>\n<td>Estructura de la bandeja<\/td>\n<td>Aluminio<\/td>\n<\/tr>\n<tr>\n<td>Ambiente de trabajo<\/td>\n<td>-10\u00b0C \u2013 60\u00b0C, 80%HR, sin condensaci\u00f3n<\/td>\n<\/tr>\n<\/tbody>\n<\/table>\n<\/div>\n","protected":false},"featured_media":2038,"comment_status":"open","ping_status":"closed","template":"","meta":[],"product_brand":[],"product_cat":[177,180,175],"product_tag":[],"class_list":{"0":"post-2037","1":"product","2":"type-product","3":"status-publish","4":"has-post-thumbnail","6":"product_cat-agitadores-ohaus","7":"product_cat-agitadores-orbitales-para-uso-rudo-ohaus","8":"product_cat-equipos-de-laboratorio-ohaus","10":"first","11":"instock","12":"shipping-taxable","13":"product-type-simple"},"_links":{"self":[{"href":"https:\/\/balanzasybasculas.com.co\/index.php?rest_route=\/wp\/v2\/product\/2037","targetHints":{"allow":["GET"]}}],"collection":[{"href":"https:\/\/balanzasybasculas.com.co\/index.php?rest_route=\/wp\/v2\/product"}],"about":[{"href":"https:\/\/balanzasybasculas.com.co\/index.php?rest_route=\/wp\/v2\/types\/product"}],"replies":[{"embeddable":true,"href":"https:\/\/balanzasybasculas.com.co\/index.php?rest_route=%2Fwp%2Fv2%2Fcomments&post=2037"}],"wp:featuredmedia":[{"embeddable":true,"href":"https:\/\/balanzasybasculas.com.co\/index.php?rest_route=\/wp\/v2\/media\/2038"}],"wp:attachment":[{"href":"https:\/\/balanzasybasculas.com.co\/index.php?rest_route=%2Fwp%2Fv2%2Fmedia&parent=2037"}],"wp:term":[{"taxonomy":"product_brand","embeddable":true,"href":"https:\/\/balanzasybasculas.com.co\/index.php?rest_route=%2Fwp%2Fv2%2Fproduct_brand&post=2037"},{"taxonomy":"product_cat","embeddable":true,"href":"https:\/\/balanzasybasculas.com.co\/index.php?rest_route=%2Fwp%2Fv2%2Fproduct_cat&post=2037"},{"taxonomy":"product_tag","embeddable":true,"href":"https:\/\/balanzasybasculas.com.co\/index.php?rest_route=%2Fwp%2Fv2%2Fproduct_tag&post=2037"}],"curies":[{"name":"wp","href":"https:\/\/api.w.org\/{rel}","templated":true}]}}