{"id":2056,"date":"2020-02-11T13:50:07","date_gmt":"2020-02-11T13:50:07","guid":{"rendered":"https:\/\/avanzapesaje.space\/?post_type=product&#038;p=2056"},"modified":"2020-02-11T13:54:40","modified_gmt":"2020-02-11T13:54:40","slug":"agitador-termico-ohuas-con-incubacion-y-refrigeracion-isthblhts","status":"publish","type":"product","link":"https:\/\/balanzasybasculas.com.co\/?product=agitador-termico-ohuas-con-incubacion-y-refrigeracion-isthblhts","title":{"rendered":"Agitador T\u00e9rmico Ohuas con Incubaci\u00f3n y Refrigeraci\u00f3n ISTHBLHTS"},"content":{"rendered":"<p>Los agitadores t\u00e9rmicos est\u00e1n dise\u00f1ados para aplicaciones que requieren una agitaci\u00f3n constante y precisa a alta velocidad con control de temperatura a 100 \u00b0C. Con capacidad de agitaci\u00f3n y calentamiento, nuestros agitadores utilizan bloques intercambiables para acomodar tubos y microplacas. Pantalla intuitiva t\u00e1ctil de LCD que permite al usuario guardar y rastrear el progreso de 5 programas definidos por el usuario, cada uno con 5 pasos individuales. La electr\u00f3nica mejorada proporciona ajustes de temperatura confiables dependiendo del rango de operaci\u00f3n.<\/p>\n","protected":false},"excerpt":{"rendered":"<div class=\"col-sm-16\">\n<div class=\"model-section-header\"><strong>ESPECIFICACIONES<\/strong><\/div>\n<\/div>\n<div class=\"col-sm-16\">\n<table class=\"spec-table\">\n<tbody>\n<tr>\n<td>Movimiento<\/td>\n<td>Orbital, 3 mm<\/td>\n<\/tr>\n<tr>\n<td>Alcance m\u00e1ximo<\/td>\n<td>1 Bloque T\u00e9rmico<\/td>\n<\/tr>\n<tr>\n<td>Temperatura Intervalo<\/td>\n<td>Ambiente +4\u00b0C \u2013 100\u00b0C<\/td>\n<\/tr>\n<tr>\n<td>Rango de velocidad<\/td>\n<td>300 rpm \u2013 3000 rpm<\/td>\n<\/tr>\n<tr>\n<td>Calibraci\u00f3n<\/td>\n<td>Calibraci\u00f3n de temperatura<\/td>\n<\/tr>\n<tr>\n<td>Comunicaci\u00f3n<\/td>\n<td>USB<\/td>\n<\/tr>\n<tr>\n<td>Control<\/td>\n<td>T\u00e1ctil<\/td>\n<\/tr>\n<tr>\n<td>Dimensiones<\/td>\n<td>13,2 cm x 26 cm x 24,8 cm<\/td>\n<\/tr>\n<tr>\n<td>Sistema de accionamiento<\/td>\n<td>Motor de CC sin escobillas<\/td>\n<\/tr>\n<tr>\n<td>Tasa de calentamiento (\/min)<\/td>\n<td>5 \u00b0C\/min.<\/td>\n<\/tr>\n<tr>\n<td>Peso neto<\/td>\n<td>4,9 kg<\/td>\n<\/tr>\n<tr>\n<td>\u00d3rbita {metric}<\/td>\n<td>3 mm<\/td>\n<\/tr>\n<tr>\n<td>Electricidad<\/td>\n<td>230V\/120V, 0.9A, 50\/60Hz<\/td>\n<\/tr>\n<tr>\n<td>Consumo de energ\u00eda<\/td>\n<td>210 W<\/td>\n<\/tr>\n<tr>\n<td>Certificaci\u00f3n de seguridad<\/td>\n<td>CE;\u00a0 TUV<\/td>\n<\/tr>\n<tr>\n<td>Precisi\u00f3n de velocidad<\/td>\n<td>\u00b12%<\/td>\n<\/tr>\n<tr>\n<td>Rango de velocidad<\/td>\n<td>300 rpm \u2013 3000 rpm<\/td>\n<\/tr>\n<tr>\n<td>Exactitud de la temperatura (\u00b1)<\/td>\n<td>+\/- 0.5 \u00b0C entre 20 \u00b0C y 45 \u00b0C;\u00a0 +\/-2 \u00b0C por debajo de 20 \u00b0C y 45\u00b0C<\/td>\n<\/tr>\n<tr>\n<td>Temporizador<\/td>\n<td>1 segundo \u2013 99 horas, 59 minutos<\/td>\n<\/tr>\n<tr>\n<td>Ambiente de trabajo<\/td>\n<td>5\u00a0\u00a0 \u00b0C \u2013 35\u00a0\u00a0 \u00b0C, 80\u00a0\u00a0 % de HR, sin condensaci\u00f3n<\/td>\n<\/tr>\n<\/tbody>\n<\/table>\n<\/div>\n","protected":false},"featured_media":2057,"comment_status":"open","ping_status":"closed","template":"","meta":[],"product_brand":[],"product_cat":[177,185,175],"product_tag":[],"class_list":{"0":"post-2056","1":"product","2":"type-product","3":"status-publish","4":"has-post-thumbnail","6":"product_cat-agitadores-ohaus","7":"product_cat-agitadores-termicos-con-incubacion-y-refrigeracion-ohaus","8":"product_cat-equipos-de-laboratorio-ohaus","10":"first","11":"instock","12":"shipping-taxable","13":"product-type-simple"},"_links":{"self":[{"href":"https:\/\/balanzasybasculas.com.co\/index.php?rest_route=\/wp\/v2\/product\/2056","targetHints":{"allow":["GET"]}}],"collection":[{"href":"https:\/\/balanzasybasculas.com.co\/index.php?rest_route=\/wp\/v2\/product"}],"about":[{"href":"https:\/\/balanzasybasculas.com.co\/index.php?rest_route=\/wp\/v2\/types\/product"}],"replies":[{"embeddable":true,"href":"https:\/\/balanzasybasculas.com.co\/index.php?rest_route=%2Fwp%2Fv2%2Fcomments&post=2056"}],"wp:featuredmedia":[{"embeddable":true,"href":"https:\/\/balanzasybasculas.com.co\/index.php?rest_route=\/wp\/v2\/media\/2057"}],"wp:attachment":[{"href":"https:\/\/balanzasybasculas.com.co\/index.php?rest_route=%2Fwp%2Fv2%2Fmedia&parent=2056"}],"wp:term":[{"taxonomy":"product_brand","embeddable":true,"href":"https:\/\/balanzasybasculas.com.co\/index.php?rest_route=%2Fwp%2Fv2%2Fproduct_brand&post=2056"},{"taxonomy":"product_cat","embeddable":true,"href":"https:\/\/balanzasybasculas.com.co\/index.php?rest_route=%2Fwp%2Fv2%2Fproduct_cat&post=2056"},{"taxonomy":"product_tag","embeddable":true,"href":"https:\/\/balanzasybasculas.com.co\/index.php?rest_route=%2Fwp%2Fv2%2Fproduct_tag&post=2056"}],"curies":[{"name":"wp","href":"https:\/\/api.w.org\/{rel}","templated":true}]}}