{"id":2068,"date":"2020-02-11T14:16:23","date_gmt":"2020-02-11T14:16:23","guid":{"rendered":"https:\/\/avanzapesaje.space\/?post_type=product&#038;p=2068"},"modified":"2022-02-17T08:47:05","modified_gmt":"2022-02-17T13:47:05","slug":"agitador-orbital-con-incubacion-y-refrigeracion-isicmbcdg","status":"publish","type":"product","link":"https:\/\/balanzasybasculas.com.co\/?product=agitador-orbital-con-incubacion-y-refrigeracion-isicmbcdg","title":{"rendered":"Agitador Orbital con Incubaci\u00f3n y Refrigeraci\u00f3n ISICMBCDG"},"content":{"rendered":"<p>Los Agitadores Orbitales con Incubaci\u00f3n y Refrigeraci\u00f3n de OHAUS est\u00e1n dise\u00f1ados para incubar muestras a partir de 10 \u00b0 por debajo de la temperatura ambiente y hasta 65 \u00b0C. El mini agitador de enfriamiento para la incubaci\u00f3n est\u00e1 dise\u00f1ado para sostener dos microplacas o dos bloques de tubo modulares en una variedad de configuraciones. Todos los modelos tienen controles t\u00e1ctiles, pantallas de LED independientes para f\u00e1cil lectura detemperatura, velocidad y tiempo. El microprocesador de control brinda una acci\u00f3n de agitaci\u00f3n constante y uniforme.<\/p>\n","protected":false},"excerpt":{"rendered":"<div class=\"col-sm-16\">\n<div class=\"model-section-header\"><strong>ESPECIFICACIONES<\/strong><\/div>\n<\/div>\n<div class=\"col-sm-16\">\n<table class=\"spec-table\">\n<tbody>\n<tr>\n<td>Movimiento<\/td>\n<td>Orbital, 3 mm<\/td>\n<\/tr>\n<tr>\n<td>Alcance m\u00e1ximo<\/td>\n<td>2 Microplacas o 2 Bloques Modulares<\/td>\n<\/tr>\n<tr>\n<td>Temperatura Intervalo<\/td>\n<td>10\u00b0C por debajo de Temp. Ambiente \u2013 65\u00b0C<\/td>\n<\/tr>\n<tr>\n<td>Uniformidad<\/td>\n<td>\u00b1 0.5 \u00b0C a 37 \u00b0C<\/td>\n<\/tr>\n<tr>\n<td>Rango de velocidad<\/td>\n<td>100 rpm \u2013 1200 rpm<\/td>\n<\/tr>\n<tr>\n<td>Calibraci\u00f3n<\/td>\n<td>Calibraci\u00f3n de temperatura<\/td>\n<\/tr>\n<tr>\n<td>Control<\/td>\n<td>Digital<\/td>\n<\/tr>\n<tr>\n<td>Dimensiones<\/td>\n<td>26,7 cm x 45,5 cm x 27,9 cm<\/td>\n<\/tr>\n<tr>\n<td>Sistema de accionamiento<\/td>\n<td>Motor de CC sin escobillas;\u00a0 Exc\u00e9ntrico triple<\/td>\n<\/tr>\n<tr>\n<td>Peso neto<\/td>\n<td>13,4 kg<\/td>\n<\/tr>\n<tr>\n<td>\u00d3rbita {metric}<\/td>\n<td>3 mm<\/td>\n<\/tr>\n<tr>\n<td>Electricidad<\/td>\n<td>230V\/120V, 1A, 50\/60Hz<\/td>\n<\/tr>\n<tr>\n<td>Consumo de energ\u00eda<\/td>\n<td>200 W<\/td>\n<\/tr>\n<tr>\n<td>Certificaci\u00f3n de seguridad<\/td>\n<td>CE;\u00a0 TUV<\/td>\n<\/tr>\n<tr>\n<td>Precisi\u00f3n de velocidad<\/td>\n<td>\u00b12%<\/td>\n<\/tr>\n<tr>\n<td>Rango de velocidad<\/td>\n<td>100 rpm \u2013 1200 rpm<\/td>\n<\/tr>\n<tr>\n<td>Temporizador<\/td>\n<td>1 segundo \u2013 160 horas<\/td>\n<\/tr>\n<tr>\n<td>Ambiente de trabajo<\/td>\n<td>5 \u00b0C \u2013 40 \u00b0C, 80 % de HR, sin condensaci\u00f3n<\/td>\n<\/tr>\n<\/tbody>\n<\/table>\n<\/div>\n","protected":false},"featured_media":5528,"comment_status":"open","ping_status":"closed","template":"","meta":[],"product_brand":[],"product_cat":[177,187,175],"product_tag":[],"class_list":{"0":"post-2068","1":"product","2":"type-product","3":"status-publish","4":"has-post-thumbnail","6":"product_cat-agitadores-ohaus","7":"product_cat-agitadores-orbitales-con-incubacion-y-refrigeracion-ohaus","8":"product_cat-equipos-de-laboratorio-ohaus","10":"first","11":"instock","12":"shipping-taxable","13":"product-type-simple"},"_links":{"self":[{"href":"https:\/\/balanzasybasculas.com.co\/index.php?rest_route=\/wp\/v2\/product\/2068","targetHints":{"allow":["GET"]}}],"collection":[{"href":"https:\/\/balanzasybasculas.com.co\/index.php?rest_route=\/wp\/v2\/product"}],"about":[{"href":"https:\/\/balanzasybasculas.com.co\/index.php?rest_route=\/wp\/v2\/types\/product"}],"replies":[{"embeddable":true,"href":"https:\/\/balanzasybasculas.com.co\/index.php?rest_route=%2Fwp%2Fv2%2Fcomments&post=2068"}],"wp:featuredmedia":[{"embeddable":true,"href":"https:\/\/balanzasybasculas.com.co\/index.php?rest_route=\/wp\/v2\/media\/5528"}],"wp:attachment":[{"href":"https:\/\/balanzasybasculas.com.co\/index.php?rest_route=%2Fwp%2Fv2%2Fmedia&parent=2068"}],"wp:term":[{"taxonomy":"product_brand","embeddable":true,"href":"https:\/\/balanzasybasculas.com.co\/index.php?rest_route=%2Fwp%2Fv2%2Fproduct_brand&post=2068"},{"taxonomy":"product_cat","embeddable":true,"href":"https:\/\/balanzasybasculas.com.co\/index.php?rest_route=%2Fwp%2Fv2%2Fproduct_cat&post=2068"},{"taxonomy":"product_tag","embeddable":true,"href":"https:\/\/balanzasybasculas.com.co\/index.php?rest_route=%2Fwp%2Fv2%2Fproduct_tag&post=2068"}],"curies":[{"name":"wp","href":"https:\/\/api.w.org\/{rel}","templated":true}]}}