{"id":2070,"date":"2020-02-11T14:24:25","date_gmt":"2020-02-11T14:24:25","guid":{"rendered":"https:\/\/avanzapesaje.space\/?post_type=product&#038;p=2070"},"modified":"2021-09-21T16:03:07","modified_gmt":"2021-09-21T21:03:07","slug":"agitador-angular-y-ondular-ohaus-con-incubacion-isrk04hdg","status":"publish","type":"product","link":"https:\/\/balanzasybasculas.com.co\/?product=agitador-angular-y-ondular-ohaus-con-incubacion-isrk04hdg","title":{"rendered":"Agitador Angular y Ondular Ohaus con Incubaci\u00f3n ISRK04HDG"},"content":{"rendered":"<p>Los agitadores oscilantes y de onda para la incubaci\u00f3n de OHAUS est\u00e1n dise\u00f1ados de forma innovadora para incubar muestras y proporcionar resultados precisos y repetibles. Los agitadores oscilantes brindan un movimiento de vaiv\u00e9n, mientras que los agitadores de onda ofrecen un movimiento suave, con baja generaci\u00f3n de espuma para un movimiento tridimensional de \u00abonda\u00bb. Todos los modelos tienen pantallas independientes con controles t\u00e1ctiles intuitivos. Ambos modelos incluyen funciones de seguridad que protegen al usuario y las muestras.<\/p>\n","protected":false},"excerpt":{"rendered":"<div class=\"col-sm-16\">\n<div class=\"model-section-header\"><strong>ESPECIFICACIONES<\/strong><\/div>\n<\/div>\n<div class=\"col-sm-16\">\n<table class=\"spec-table\">\n<tbody>\n<tr>\n<td>Movimiento<\/td>\n<td>Oscilante, 0 \u2013 15 \u00b0<\/td>\n<\/tr>\n<tr>\n<td>Alcance m\u00e1ximo<\/td>\n<td>4.5 kg<\/td>\n<\/tr>\n<tr>\n<td>Temperatura Intervalo<\/td>\n<td>Ambiente +5\u00b0C \u2013 65\u00b0C<\/td>\n<\/tr>\n<tr>\n<td>Uniformidad<\/td>\n<td>\u00b1 0.5 \u00b0C a 37 \u00b0C<\/td>\n<\/tr>\n<tr>\n<td>Rango de velocidad<\/td>\n<td>1 rpm \u2013 50 rpm<\/td>\n<\/tr>\n<tr>\n<td>Tama\u00f1o de la bandeja (LxA)<\/td>\n<td>25,4 cm x 19,7 cm<\/td>\n<\/tr>\n<tr>\n<td>Control<\/td>\n<td>Digital<\/td>\n<\/tr>\n<tr>\n<td>Dimensiones<\/td>\n<td>26,7 cm x 43,2 cm x 27,9 cm<\/td>\n<\/tr>\n<tr>\n<td>Sistema de accionamiento<\/td>\n<td>Motor de pulsos<\/td>\n<\/tr>\n<tr>\n<td>Dimensiones interiores (AxAxLxLxAxA)<\/td>\n<td>3,8 in x 9,7 cm x 10,75 in x 27,3 cm x 7,75 in x 19,7 cm<\/td>\n<\/tr>\n<tr>\n<td>Peso neto<\/td>\n<td>5,7 kg<\/td>\n<\/tr>\n<tr>\n<td>Electricidad<\/td>\n<td>230V\/120V, 5A, 50\/60Hz<\/td>\n<\/tr>\n<tr>\n<td>Consumo de energ\u00eda<\/td>\n<td>450 W<\/td>\n<\/tr>\n<tr>\n<td>Certificaci\u00f3n de seguridad<\/td>\n<td>CE;\u00a0 TUV<\/td>\n<\/tr>\n<tr>\n<td>Precisi\u00f3n de velocidad<\/td>\n<td>\u00b11 rpm<\/td>\n<\/tr>\n<tr>\n<td>Rango de velocidad<\/td>\n<td>1 rpm \u2013 50 rpm<\/td>\n<\/tr>\n<tr>\n<td>\u00c1ngulo de inclinaci\u00f3n<\/td>\n<td>0 \u2013 15\u00b0<\/td>\n<\/tr>\n<tr>\n<td>Temporizador<\/td>\n<td>1 segundo \u2013 160 horas<\/td>\n<\/tr>\n<tr>\n<td>Estructura de la bandeja<\/td>\n<td>Aluminio<\/td>\n<\/tr>\n<tr>\n<td>Ambiente de trabajo<\/td>\n<td>5 \u00b0C \u2013 40 \u00b0C, 80 % de HR, sin condensaci\u00f3n<\/td>\n<\/tr>\n<\/tbody>\n<\/table>\n<\/div>\n","protected":false},"featured_media":4870,"comment_status":"open","ping_status":"closed","template":"","meta":[],"product_brand":[],"product_cat":[177,187,175],"product_tag":[],"class_list":{"0":"post-2070","1":"product","2":"type-product","3":"status-publish","4":"has-post-thumbnail","6":"product_cat-agitadores-ohaus","7":"product_cat-agitadores-orbitales-con-incubacion-y-refrigeracion-ohaus","8":"product_cat-equipos-de-laboratorio-ohaus","10":"first","11":"instock","12":"shipping-taxable","13":"product-type-simple"},"_links":{"self":[{"href":"https:\/\/balanzasybasculas.com.co\/index.php?rest_route=\/wp\/v2\/product\/2070","targetHints":{"allow":["GET"]}}],"collection":[{"href":"https:\/\/balanzasybasculas.com.co\/index.php?rest_route=\/wp\/v2\/product"}],"about":[{"href":"https:\/\/balanzasybasculas.com.co\/index.php?rest_route=\/wp\/v2\/types\/product"}],"replies":[{"embeddable":true,"href":"https:\/\/balanzasybasculas.com.co\/index.php?rest_route=%2Fwp%2Fv2%2Fcomments&post=2070"}],"wp:featuredmedia":[{"embeddable":true,"href":"https:\/\/balanzasybasculas.com.co\/index.php?rest_route=\/wp\/v2\/media\/4870"}],"wp:attachment":[{"href":"https:\/\/balanzasybasculas.com.co\/index.php?rest_route=%2Fwp%2Fv2%2Fmedia&parent=2070"}],"wp:term":[{"taxonomy":"product_brand","embeddable":true,"href":"https:\/\/balanzasybasculas.com.co\/index.php?rest_route=%2Fwp%2Fv2%2Fproduct_brand&post=2070"},{"taxonomy":"product_cat","embeddable":true,"href":"https:\/\/balanzasybasculas.com.co\/index.php?rest_route=%2Fwp%2Fv2%2Fproduct_cat&post=2070"},{"taxonomy":"product_tag","embeddable":true,"href":"https:\/\/balanzasybasculas.com.co\/index.php?rest_route=%2Fwp%2Fv2%2Fproduct_tag&post=2070"}],"curies":[{"name":"wp","href":"https:\/\/api.w.org\/{rel}","templated":true}]}}