{"id":2088,"date":"2020-02-11T15:30:49","date_gmt":"2020-02-11T15:30:49","guid":{"rendered":"https:\/\/avanzapesaje.space\/?post_type=product&#038;p=2088"},"modified":"2025-02-28T08:22:44","modified_gmt":"2025-02-28T13:22:44","slug":"centrifuga-ohaus-frontier-5000-multi-pro-fc5816-120v","status":"publish","type":"product","link":"https:\/\/balanzasybasculas.com.co\/?product=centrifuga-ohaus-frontier-5000-multi-pro-fc5816-120v","title":{"rendered":"Centrifuga Ohaus Frontier 5000 Multi-Pro FC5816 120V"},"content":{"rendered":"<p>Las centr\u00edfugas Frontier 5000 Multi Pro est\u00e1n dise\u00f1adas para el uso universal en investigaci\u00f3n, laboratorios industriales y cl\u00ednicos, y se pueden combinar con nuestros rotores y accesorios para uso personalizado en aplicaciones espec\u00edficas. Disponibles en 5 modelos con capacidades de microlitro bajo a 6 x 250 ml, con desempe\u00f1o de alta velocidad en el volumen m\u00e1ximo, identificaci\u00f3n autom\u00e1tica de rotor y caracter\u00edsticas de seguridad, estas centr\u00edfugas multiprop\u00f3sito son imprescindibles para cualquier laboratorio.<\/p>\n","protected":false},"excerpt":{"rendered":"<div class=\"col-sm-16\">\n<div class=\"model-section-header\"><strong>ESPECIFICACIONES<\/strong><\/div>\n<\/div>\n<div class=\"col-sm-16\">\n<table class=\"spec-table\">\n<tbody>\n<tr>\n<td>Intervalo de velocida<\/td>\n<td>200 rpm \u2013 15.000 rpm<\/td>\n<\/tr>\n<tr>\n<td>Fuerza centr\u00edfuga m\u00e1xima relativa<\/td>\n<td>21.379 g<\/td>\n<\/tr>\n<tr>\n<td>Capacidad m\u00e1xima (rotor)<\/td>\n<td>6 x 250 ml<\/td>\n<\/tr>\n<tr>\n<td>Memorias de programa<\/td>\n<td>99<\/td>\n<\/tr>\n<tr>\n<td>Rotor en paquete<\/td>\n<td>No aplica<\/td>\n<\/tr>\n<tr>\n<td>Velocidad de aceleraci\u00f3n<\/td>\n<td>10<\/td>\n<\/tr>\n<tr>\n<td>Velocidad de desaceleraci\u00f3n<\/td>\n<td>10<\/td>\n<\/tr>\n<tr>\n<td>Dimensiones<\/td>\n<td>354 mm x 538 mm x 446 mm<\/td>\n<\/tr>\n<tr>\n<td>Pantalla<\/td>\n<td>LCD con luz de fondo<\/td>\n<\/tr>\n<tr>\n<td>Bloqueo de tapa<\/td>\n<td>Impulso por motor<\/td>\n<\/tr>\n<tr>\n<td>Peso neto<\/td>\n<td>52 kg<\/td>\n<\/tr>\n<tr>\n<td>Nivel de ruido<\/td>\n<td>\u226461\u00b12 dB(A)<\/td>\n<\/tr>\n<tr>\n<td>Electricidad<\/td>\n<td>Alimentaci\u00f3n CA (incluida)<\/td>\n<\/tr>\n<tr>\n<td>Consumo de energ\u00eda<\/td>\n<td>520 W<\/td>\n<\/tr>\n<tr>\n<td>Tiempo de preenfriamiento<\/td>\n<td>No aplica<\/td>\n<\/tr>\n<tr>\n<td>Compatibilidad del rotor<\/td>\n<td>Oscilante 4 x 250 ml DI;\u00a0 Oscilante de 2 x 3 MTP DI;\u00a0 Oscilante de 16 x 50 ml DI;\u00a0 \u00c1ngulo de 6 x 250 ml FB DI;\u00a0 \u00c1ngulo de 6 x 85 ml RB DI;\u00a0 \u00c1ngulo de 4 x 85 ml RB DI Hi;\u00a0 \u00c1ngulo de 10 x 50 ml FA DI;\u00a0 \u00c1ngulo de 6 x 50 RB DI Hi;\u00a0 \u00c1ngulo de 30 x 15 ml RB\/FA DI;\u00a0 \u00c1ngulo de 20 x 10 ml RB DI Hi;\u00a0 \u00c1ngulo 44 x 1.5 \/ 2.0 ml DI;\u00a0 \u00c1ngulo de 24 x 1.5 ml \/ 2.0 ml DI sellable;\u00a0 \u00c1ngulo de 24 x 1.5 \/ 2.0 ml DI<\/td>\n<\/tr>\n<tr>\n<td>M\u00e9todo de reconocimiento de rotor<\/td>\n<td>Autom\u00e1tico<\/td>\n<\/tr>\n<tr>\n<td>Tiempo de funcionamiento<\/td>\n<td>Giro r\u00e1pido;\u00a0 De 10 segundos a 99 h 59 min 59 s;\u00a0 Continuo<\/td>\n<\/tr>\n<tr>\n<td>Certificaci\u00f3n de seguridad<\/td>\n<td>CE;\u00a0 FCC<\/td>\n<\/tr>\n<tr>\n<td>Ambiente de trabajo<\/td>\n<td>2\u00a0\u00a0 \u00b0C \u2013 35\u00a0\u00a0 \u00b0C, 80\u00a0\u00a0 % HR, sin condensaci\u00f3n<\/td>\n<\/tr>\n<\/tbody>\n<\/table>\n<\/div>\n","protected":false},"featured_media":2089,"comment_status":"open","ping_status":"closed","template":"","meta":[],"product_brand":[],"product_cat":[272,176,175],"product_tag":[],"class_list":{"0":"post-2088","1":"product","2":"type-product","3":"status-publish","4":"has-post-thumbnail","6":"product_cat-centrifigas-multiproposito","7":"product_cat-centrifugas-ohaus","8":"product_cat-equipos-de-laboratorio-ohaus","10":"first","11":"instock","12":"shipping-taxable","13":"product-type-simple"},"_links":{"self":[{"href":"https:\/\/balanzasybasculas.com.co\/index.php?rest_route=\/wp\/v2\/product\/2088","targetHints":{"allow":["GET"]}}],"collection":[{"href":"https:\/\/balanzasybasculas.com.co\/index.php?rest_route=\/wp\/v2\/product"}],"about":[{"href":"https:\/\/balanzasybasculas.com.co\/index.php?rest_route=\/wp\/v2\/types\/product"}],"replies":[{"embeddable":true,"href":"https:\/\/balanzasybasculas.com.co\/index.php?rest_route=%2Fwp%2Fv2%2Fcomments&post=2088"}],"wp:featuredmedia":[{"embeddable":true,"href":"https:\/\/balanzasybasculas.com.co\/index.php?rest_route=\/wp\/v2\/media\/2089"}],"wp:attachment":[{"href":"https:\/\/balanzasybasculas.com.co\/index.php?rest_route=%2Fwp%2Fv2%2Fmedia&parent=2088"}],"wp:term":[{"taxonomy":"product_brand","embeddable":true,"href":"https:\/\/balanzasybasculas.com.co\/index.php?rest_route=%2Fwp%2Fv2%2Fproduct_brand&post=2088"},{"taxonomy":"product_cat","embeddable":true,"href":"https:\/\/balanzasybasculas.com.co\/index.php?rest_route=%2Fwp%2Fv2%2Fproduct_cat&post=2088"},{"taxonomy":"product_tag","embeddable":true,"href":"https:\/\/balanzasybasculas.com.co\/index.php?rest_route=%2Fwp%2Fv2%2Fproduct_tag&post=2088"}],"curies":[{"name":"wp","href":"https:\/\/api.w.org\/{rel}","templated":true}]}}