{"id":2098,"date":"2020-02-11T15:44:32","date_gmt":"2020-02-11T15:44:32","guid":{"rendered":"https:\/\/avanzapesaje.space\/?post_type=product&#038;p=2098"},"modified":"2025-02-28T10:51:40","modified_gmt":"2025-02-28T15:51:40","slug":"centrifuga-ohaus-frontier-5000-multi-centrifugas-fc5707r05-100-230v","status":"publish","type":"product","link":"https:\/\/balanzasybasculas.com.co\/?product=centrifuga-ohaus-frontier-5000-multi-centrifugas-fc5707r05-100-230v","title":{"rendered":"Centrifuga Ohaus Frontier 5000 Multi-Centrifugas FC5707+R05 100-230V"},"content":{"rendered":"<p>Las centr\u00edfugas M\u00faltiples Frontier\u2122 son fiables, compactas y de baja velocidad para aplicaciones de uso generales. Las opciones de rotor est\u00e1ndar pueden procesar tubos de fondo redondos y c\u00f3nicos (incluso tubos de sangre comunes), y tambi\u00e9n pueden adaptarse f\u00e1cilmente con accesorios para procesar tubos m\u00e1s peque\u00f1os. Dise\u00f1adas para un uso conveniente, las centr\u00edfugas m\u00faltiples cuentan con una interfaz intuitiva. Su perfil compacto ayuda a ahorrar valioso espacio de mesa en los laboratorios.<\/p>\n","protected":false},"excerpt":{"rendered":"<div class=\"col-sm-16\">\n<div class=\"model-section-header\"><strong>ESPECIFICACIONES<\/strong><\/div>\n<\/div>\n<div class=\"col-sm-16\">\n<table class=\"spec-table\">\n<tbody>\n<tr>\n<td>Intervalo de velocida<\/td>\n<td>200 rpm \u2013 6.800 rpm<\/td>\n<\/tr>\n<tr>\n<td>Fuerza centr\u00edfuga m\u00e1xima relativa<\/td>\n<td>4.445 g<\/td>\n<\/tr>\n<tr>\n<td>Capacidad m\u00e1xima (rotor)<\/td>\n<td>8 x 15 ml<\/td>\n<\/tr>\n<tr>\n<td>Memorias de programa<\/td>\n<td>99<\/td>\n<\/tr>\n<tr>\n<td>Rotor en paquete<\/td>\n<td>Rotor \u00c1ngulo 8 x 15ml<\/td>\n<\/tr>\n<tr>\n<td>Velocidad de aceleraci\u00f3n<\/td>\n<td>10<\/td>\n<\/tr>\n<tr>\n<td>Velocidad de desaceleraci\u00f3n<\/td>\n<td>10<\/td>\n<\/tr>\n<tr>\n<td>Dimensiones<\/td>\n<td>236 mm x 356 mm x 277 mm<\/td>\n<\/tr>\n<tr>\n<td>Pantalla<\/td>\n<td>LCD con luz de fondo<\/td>\n<\/tr>\n<tr>\n<td>Bloqueo de tapa<\/td>\n<td>Mec\u00e1nico<\/td>\n<\/tr>\n<tr>\n<td>Peso neto<\/td>\n<td>10 kg<\/td>\n<\/tr>\n<tr>\n<td>Nivel de ruido<\/td>\n<td>\u226460\u00b12\u00a0\u00a0 dB(A)<\/td>\n<\/tr>\n<tr>\n<td>Electricidad<\/td>\n<td>Alimentaci\u00f3n CA (incluida)<\/td>\n<\/tr>\n<tr>\n<td>Consumo de energ\u00eda<\/td>\n<td>50 W<\/td>\n<\/tr>\n<tr>\n<td>Tiempo de preenfriamiento<\/td>\n<td>No aplica<\/td>\n<\/tr>\n<tr>\n<td>Compatibilidad del rotor<\/td>\n<td>\u00c1ngulo 8 x 15 ml<\/td>\n<\/tr>\n<tr>\n<td>M\u00e9todo de reconocimiento de rotor<\/td>\n<td>Manual<\/td>\n<\/tr>\n<tr>\n<td>Tiempo de funcionamiento<\/td>\n<td>Giro r\u00e1pido;\u00a0 De 10 segundos a 99 h 59 min 59 s;\u00a0 Continuo<\/td>\n<\/tr>\n<tr>\n<td>Certificaci\u00f3n de seguridad<\/td>\n<td>CE;\u00a0 FCC<\/td>\n<\/tr>\n<tr>\n<td>Ambiente de trabajo<\/td>\n<td>2\u00a0\u00a0 \u00b0C \u2013 35\u00a0\u00a0 \u00b0C, 80\u00a0\u00a0 % HR, sin condensaci\u00f3n<\/td>\n<\/tr>\n<\/tbody>\n<\/table>\n<\/div>\n","protected":false},"featured_media":2099,"comment_status":"open","ping_status":"closed","template":"","meta":[],"product_brand":[],"product_cat":[176,175,273],"product_tag":[],"class_list":{"0":"post-2098","1":"product","2":"type-product","3":"status-publish","4":"has-post-thumbnail","6":"product_cat-centrifugas-ohaus","7":"product_cat-equipos-de-laboratorio-ohaus","8":"product_cat-multi-centrifugas","10":"first","11":"instock","12":"shipping-taxable","13":"product-type-simple"},"_links":{"self":[{"href":"https:\/\/balanzasybasculas.com.co\/index.php?rest_route=\/wp\/v2\/product\/2098","targetHints":{"allow":["GET"]}}],"collection":[{"href":"https:\/\/balanzasybasculas.com.co\/index.php?rest_route=\/wp\/v2\/product"}],"about":[{"href":"https:\/\/balanzasybasculas.com.co\/index.php?rest_route=\/wp\/v2\/types\/product"}],"replies":[{"embeddable":true,"href":"https:\/\/balanzasybasculas.com.co\/index.php?rest_route=%2Fwp%2Fv2%2Fcomments&post=2098"}],"wp:featuredmedia":[{"embeddable":true,"href":"https:\/\/balanzasybasculas.com.co\/index.php?rest_route=\/wp\/v2\/media\/2099"}],"wp:attachment":[{"href":"https:\/\/balanzasybasculas.com.co\/index.php?rest_route=%2Fwp%2Fv2%2Fmedia&parent=2098"}],"wp:term":[{"taxonomy":"product_brand","embeddable":true,"href":"https:\/\/balanzasybasculas.com.co\/index.php?rest_route=%2Fwp%2Fv2%2Fproduct_brand&post=2098"},{"taxonomy":"product_cat","embeddable":true,"href":"https:\/\/balanzasybasculas.com.co\/index.php?rest_route=%2Fwp%2Fv2%2Fproduct_cat&post=2098"},{"taxonomy":"product_tag","embeddable":true,"href":"https:\/\/balanzasybasculas.com.co\/index.php?rest_route=%2Fwp%2Fv2%2Fproduct_tag&post=2098"}],"curies":[{"name":"wp","href":"https:\/\/api.w.org\/{rel}","templated":true}]}}