{"id":2138,"date":"2020-02-11T20:25:55","date_gmt":"2020-02-11T20:25:55","guid":{"rendered":"https:\/\/avanzapesaje.space\/?post_type=product&#038;p=2138"},"modified":"2020-02-11T20:28:58","modified_gmt":"2020-02-11T20:28:58","slug":"mezclador-ohaus-vortez-de-microplacas-vxmpdg","status":"publish","type":"product","link":"https:\/\/balanzasybasculas.com.co\/?product=mezclador-ohaus-vortez-de-microplacas-vxmpdg","title":{"rendered":"Mezclador Ohaus Vortez de Microplacas VXMPDG"},"content":{"rendered":"<p>Los Mezcladores V\u00f3rtex para microplacas est\u00e1n dise\u00f1ados para el trabajo continuo a trav\u00e9s de todo el rango de velocidad. Los modelos anal\u00f3gicos de velocidad variable o los modelos digitales controlados por microprocesador ofrecen un control preciso de velocidad para las aplicaciones que exigen resultados repetibles. La alta velocidad y peque\u00f1a \u00f3rbita de estos mezcladores los hacen \u00f3ptimos para mezclar las microplacas de manera eficaz. Tambi\u00e9n se incluye el cabezal de copa para mezclar tubos individuales.<\/p>\n","protected":false},"excerpt":{"rendered":"<div class=\"col-sm-16\">\n<div class=\"model-section-header\"><strong>ESPECIFICACIONES<\/strong><\/div>\n<\/div>\n<div class=\"col-sm-16\">\n<table class=\"spec-table\">\n<tbody>\n<tr>\n<td>Control<\/td>\n<td>Digital<\/td>\n<\/tr>\n<tr>\n<td>Rango de servicio<\/td>\n<td>Continuo<\/td>\n<\/tr>\n<tr>\n<td>\u00d3rbita {metric}<\/td>\n<td>3,5 mm<\/td>\n<\/tr>\n<tr>\n<td>Rango de velocidad<\/td>\n<td>Modo de encendido, 300 rpm \u2013 2500 rpm;\u00a0 Modo t\u00e1ctil, 300 rpm \u2013 3500 rpm<\/td>\n<\/tr>\n<tr>\n<td>Alcance m\u00e1ximo<\/td>\n<td>2 Microplacas<\/td>\n<\/tr>\n<tr>\n<td>Dimensiones<\/td>\n<td>11,4 cm x 26,7 cm x 13,7 cm<\/td>\n<\/tr>\n<tr>\n<td>Peso neto<\/td>\n<td>5,3 kg<\/td>\n<\/tr>\n<tr>\n<td>Electricidad<\/td>\n<td>230V\/120V, 0.13A, 50\/60Hz<\/td>\n<\/tr>\n<tr>\n<td>Consumo de energ\u00eda<\/td>\n<td>30 W<\/td>\n<\/tr>\n<tr>\n<td>Certificaci\u00f3n de seguridad<\/td>\n<td>CE;\u00a0 TUV<\/td>\n<\/tr>\n<tr>\n<td>Ambiente de trabajo<\/td>\n<td>4\u00b0C \u2013 40\u00b0C, 20% \u2013 85%HR, sin condensaci\u00f3n<\/td>\n<\/tr>\n<\/tbody>\n<\/table>\n<\/div>\n","protected":false},"featured_media":2139,"comment_status":"open","ping_status":"closed","template":"","meta":[],"product_brand":[],"product_cat":[175,192,189],"product_tag":[],"class_list":{"0":"post-2138","1":"product","2":"type-product","3":"status-publish","4":"has-post-thumbnail","6":"product_cat-equipos-de-laboratorio-ohaus","7":"product_cat-mezcladores-vortex-de-microplacas-ohaus","8":"product_cat-mezcladores-vortex-ohaus","10":"first","11":"instock","12":"shipping-taxable","13":"product-type-simple"},"_links":{"self":[{"href":"https:\/\/balanzasybasculas.com.co\/index.php?rest_route=\/wp\/v2\/product\/2138","targetHints":{"allow":["GET"]}}],"collection":[{"href":"https:\/\/balanzasybasculas.com.co\/index.php?rest_route=\/wp\/v2\/product"}],"about":[{"href":"https:\/\/balanzasybasculas.com.co\/index.php?rest_route=\/wp\/v2\/types\/product"}],"replies":[{"embeddable":true,"href":"https:\/\/balanzasybasculas.com.co\/index.php?rest_route=%2Fwp%2Fv2%2Fcomments&post=2138"}],"wp:featuredmedia":[{"embeddable":true,"href":"https:\/\/balanzasybasculas.com.co\/index.php?rest_route=\/wp\/v2\/media\/2139"}],"wp:attachment":[{"href":"https:\/\/balanzasybasculas.com.co\/index.php?rest_route=%2Fwp%2Fv2%2Fmedia&parent=2138"}],"wp:term":[{"taxonomy":"product_brand","embeddable":true,"href":"https:\/\/balanzasybasculas.com.co\/index.php?rest_route=%2Fwp%2Fv2%2Fproduct_brand&post=2138"},{"taxonomy":"product_cat","embeddable":true,"href":"https:\/\/balanzasybasculas.com.co\/index.php?rest_route=%2Fwp%2Fv2%2Fproduct_cat&post=2138"},{"taxonomy":"product_tag","embeddable":true,"href":"https:\/\/balanzasybasculas.com.co\/index.php?rest_route=%2Fwp%2Fv2%2Fproduct_tag&post=2138"}],"curies":[{"name":"wp","href":"https:\/\/api.w.org\/{rel}","templated":true}]}}