{"id":2163,"date":"2020-02-12T15:32:38","date_gmt":"2020-02-12T15:32:38","guid":{"rendered":"https:\/\/avanzapesaje.space\/?post_type=product&#038;p=2163"},"modified":"2020-02-12T15:35:40","modified_gmt":"2020-02-12T15:35:40","slug":"calentador-ohaus-bloque-seco-de-6-bloques-hb6dg","status":"publish","type":"product","link":"https:\/\/balanzasybasculas.com.co\/?product=calentador-ohaus-bloque-seco-de-6-bloques-hb6dg","title":{"rendered":"Calentador Ohaus Bloque Seco de 6 Bloques HB6DG"},"content":{"rendered":"<p>Los calefactores de bloque seco son ideales para las aplicaciones que requieren estabilidad de temperatura. Todas las unidades tienen un bloque modular intercambiable con m\u00e1s de 40 opciones. Los bloques se usan f\u00e1cilmente, no requieren herramientas. El estrecho contacto entre el tubo y el bloque permite la retenci\u00f3n m\u00e1xima de calor, lo que genera un calentamiento eficiente. Los modelos digitales ofrecen una excepcional uniformidad y estabilidad de temperatura para resultados repetibles, los modelos no digitales son una opci\u00f3n econ\u00f3mica.<\/p>\n","protected":false},"excerpt":{"rendered":"<div class=\"col-sm-16\">\n<div class=\"model-section-header\"><strong>ESPECIFICACIONES<\/strong><\/div>\n<\/div>\n<div class=\"col-sm-16\">\n<table class=\"spec-table\">\n<tbody>\n<tr>\n<td>Control<\/td>\n<td>Digital<\/td>\n<\/tr>\n<tr>\n<td>Temperatura Intervalo<\/td>\n<td>Ambiente + 5\u00b0C \u2013 120\u00b0C<\/td>\n<\/tr>\n<tr>\n<td>Estabilidad<\/td>\n<td>\u00b1 2.5 \u00b0C<\/td>\n<\/tr>\n<tr>\n<td>Uniformidad<\/td>\n<td>\u00b1 0.2 \u00b0C a 37 \u00b0C<\/td>\n<\/tr>\n<tr>\n<td>Tiempo de calentamiento (2)<\/td>\n<td>30 min<\/td>\n<\/tr>\n<tr>\n<td>Calibraci\u00f3n<\/td>\n<td>Calibraci\u00f3n de temperatura<\/td>\n<\/tr>\n<tr>\n<td>Dimensiones<\/td>\n<td>8,9 cm x 53,1 cm x 20,3 cm<\/td>\n<\/tr>\n<tr>\n<td>Peso neto<\/td>\n<td>4,4 kg<\/td>\n<\/tr>\n<tr>\n<td>N\u00famero de bloques<\/td>\n<td>6<\/td>\n<\/tr>\n<tr>\n<td>Protecci\u00f3n contra sobretensiones<\/td>\n<td>10 \u00b0C por encima del punto establecido<\/td>\n<\/tr>\n<tr>\n<td>Electricidad<\/td>\n<td>230V\/120V, 1.79A, 50\/60Hz<\/td>\n<\/tr>\n<tr>\n<td>Consumo de energ\u00eda<\/td>\n<td>410 W<\/td>\n<\/tr>\n<tr>\n<td>Certificaci\u00f3n de seguridad<\/td>\n<td>CE;\u00a0 TUV<\/td>\n<\/tr>\n<tr>\n<td>Ambiente de trabajo<\/td>\n<td>18\u00b0C \u2013 33\u00b0C, 20% \u2013 80%HR, sin condensaci\u00f3n<\/td>\n<\/tr>\n<\/tbody>\n<\/table>\n<\/div>\n","protected":false},"featured_media":2164,"comment_status":"open","ping_status":"closed","template":"","meta":[],"product_brand":[],"product_cat":[194,198,175],"product_tag":[],"class_list":{"0":"post-2163","1":"product","2":"type-product","3":"status-publish","4":"has-post-thumbnail","6":"product_cat-calentador-de-bloque-seco-ohaus","7":"product_cat-calentadores-de-bloque-seco-de-6-bloques-ohaus","8":"product_cat-equipos-de-laboratorio-ohaus","10":"first","11":"instock","12":"shipping-taxable","13":"product-type-simple"},"_links":{"self":[{"href":"https:\/\/balanzasybasculas.com.co\/index.php?rest_route=\/wp\/v2\/product\/2163","targetHints":{"allow":["GET"]}}],"collection":[{"href":"https:\/\/balanzasybasculas.com.co\/index.php?rest_route=\/wp\/v2\/product"}],"about":[{"href":"https:\/\/balanzasybasculas.com.co\/index.php?rest_route=\/wp\/v2\/types\/product"}],"replies":[{"embeddable":true,"href":"https:\/\/balanzasybasculas.com.co\/index.php?rest_route=%2Fwp%2Fv2%2Fcomments&post=2163"}],"wp:featuredmedia":[{"embeddable":true,"href":"https:\/\/balanzasybasculas.com.co\/index.php?rest_route=\/wp\/v2\/media\/2164"}],"wp:attachment":[{"href":"https:\/\/balanzasybasculas.com.co\/index.php?rest_route=%2Fwp%2Fv2%2Fmedia&parent=2163"}],"wp:term":[{"taxonomy":"product_brand","embeddable":true,"href":"https:\/\/balanzasybasculas.com.co\/index.php?rest_route=%2Fwp%2Fv2%2Fproduct_brand&post=2163"},{"taxonomy":"product_cat","embeddable":true,"href":"https:\/\/balanzasybasculas.com.co\/index.php?rest_route=%2Fwp%2Fv2%2Fproduct_cat&post=2163"},{"taxonomy":"product_tag","embeddable":true,"href":"https:\/\/balanzasybasculas.com.co\/index.php?rest_route=%2Fwp%2Fv2%2Fproduct_tag&post=2163"}],"curies":[{"name":"wp","href":"https:\/\/api.w.org\/{rel}","templated":true}]}}