{"id":2965,"date":"2020-02-27T16:36:10","date_gmt":"2020-02-27T16:36:10","guid":{"rendered":"https:\/\/avanzapesaje.space\/?post_type=product&#038;p=2965"},"modified":"2020-02-27T16:38:27","modified_gmt":"2020-02-27T16:38:27","slug":"balanza-ohaus-pioneer-semi-analitica-px523","status":"publish","type":"product","link":"https:\/\/balanzasybasculas.com.co\/?product=balanza-ohaus-pioneer-semi-analitica-px523","title":{"rendered":"Balanza Ohaus Pioneer Semi-Analitica PX523"},"content":{"rendered":"<p>La Pioneer PX combina la funcionalidad de pesaje esencial con un desempe\u00f1o competitivo, ofreciendo una alta precisi\u00f3n y repetibilidad para aplicaciones en configuraciones de laboratorio, industriales y educativas. La PX tiene un precio accesible y est\u00e1 dise\u00f1ada intuitivamente para un funcionamiento inteligente con una pantalla de segunda l\u00ednea para obtener informaci\u00f3n adicional y conectividad USB y RS232 para facilitar la comunicaci\u00f3n.<\/p>\n","protected":false},"excerpt":{"rendered":"<div class=\"col-sm-16\">\n<div class=\"model-section-header\"><strong>ESPECIFICACIONES<\/strong><\/div>\n<\/div>\n<div class=\"col-sm-16\">\n<table class=\"spec-table\">\n<tbody>\n<tr>\n<td>Capacidad m\u00e1x.<\/td>\n<td>520 g<\/td>\n<\/tr>\n<tr>\n<td>Resoluci\u00f3n (2)<\/td>\n<td>0,001 g<\/td>\n<\/tr>\n<tr>\n<td>Tama\u00f1o del plato<\/td>\n<td>120 mm<\/td>\n<\/tr>\n<tr>\n<td>Calibraci\u00f3n interna<\/td>\n<td>InCal\u2122: semiautom\u00e1tica<\/td>\n<\/tr>\n<tr>\n<td>Protector p\/corrientes de aire<\/td>\n<td>Incluido<\/td>\n<\/tr>\n<tr>\n<td>Modelo con pantalla auxiliar<\/td>\n<td>Disponible como accesorio<\/td>\n<\/tr>\n<tr>\n<td>Duraci\u00f3n de la bater\u00eda<\/td>\n<td>No aplica<\/td>\n<\/tr>\n<tr>\n<td>Comunicaci\u00f3n<\/td>\n<td>RS232;\u00a0 USB<\/td>\n<\/tr>\n<tr>\n<td>Dimensiones<\/td>\n<td>309 mm x 321 mm x 209 mm<\/td>\n<\/tr>\n<tr>\n<td>Pantalla<\/td>\n<td>LCD de 2 l\u00edneas c\/luz de fondo<\/td>\n<\/tr>\n<tr>\n<td>Cubierta<\/td>\n<td>Incluido<\/td>\n<\/tr>\n<tr>\n<td>Legal para comercio<\/td>\n<td>No<\/td>\n<\/tr>\n<tr>\n<td>Pesada m\u00ednima de acuerdo a USP 0,1%<\/td>\n<td>2 g<\/td>\n<\/tr>\n<tr>\n<td>Peso m\u00ednimo<\/td>\n<td>0,82 g<\/td>\n<\/tr>\n<tr>\n<td>Peso neto<\/td>\n<td>4,5 kg<\/td>\n<\/tr>\n<tr>\n<td>Material del plato<\/td>\n<td>Acero inoxidable<\/td>\n<\/tr>\n<tr>\n<td>Electricidad<\/td>\n<td>Adaptador de CA (incluido)<\/td>\n<\/tr>\n<tr>\n<td>Tiempo de estabilizaci\u00f3n<\/td>\n<td>2 s<\/td>\n<\/tr>\n<tr>\n<td>Rango de tara<\/td>\n<td>Para capacidad por diferencia<\/td>\n<\/tr>\n<tr>\n<td>Unidades de medida<\/td>\n<td>Quilate;\u00a0 Personalizado;\u00a0 Grano;\u00a0 Gramo;\u00a0 Tael de Hong Kong;\u00a0 Kilogramo;\u00a0 Mesghal;\u00a0 Miligramo;\u00a0 Momme;\u00a0 Newton;\u00a0 Onza;\u00a0 Onza troy;\u00a0 Pennyweight;\u00a0 Libra;\u00a0 Tael de Singapur;\u00a0 Tael de Taiw\u00e1n;\u00a0 Tical;\u00a0 Tola<\/td>\n<\/tr>\n<tr>\n<td>Ambiente de trabajo<\/td>\n<td>10\u00a0\u00a0 \u00b0C \u2013 30\u00a0\u00a0 \u00b0C, 80\u00a0\u00a0 % HR, sin condensaci\u00f3n;\u00a0 operabilidad garantizada entre 5\u00b0C y 40\u00b0C<\/td>\n<\/tr>\n<\/tbody>\n<\/table>\n<\/div>\n","protected":false},"featured_media":2969,"comment_status":"open","ping_status":"closed","template":"","meta":[],"product_brand":[],"product_cat":[98,100,80,89,93],"product_tag":[],"class_list":{"0":"post-2965","1":"product","2":"type-product","3":"status-publish","4":"has-post-thumbnail","6":"product_cat-balanzas-de-laboratorio-ohaus","7":"product_cat-balanzas-investigacion-y-desarrollo-ohaus","8":"product_cat-balanzas-ohaus","9":"product_cat-balanzas-pioneer-ohaus","10":"product_cat-balanzas-pioneer-semi-analitica-ohaus","12":"first","13":"instock","14":"shipping-taxable","15":"product-type-simple"},"_links":{"self":[{"href":"https:\/\/balanzasybasculas.com.co\/index.php?rest_route=\/wp\/v2\/product\/2965","targetHints":{"allow":["GET"]}}],"collection":[{"href":"https:\/\/balanzasybasculas.com.co\/index.php?rest_route=\/wp\/v2\/product"}],"about":[{"href":"https:\/\/balanzasybasculas.com.co\/index.php?rest_route=\/wp\/v2\/types\/product"}],"replies":[{"embeddable":true,"href":"https:\/\/balanzasybasculas.com.co\/index.php?rest_route=%2Fwp%2Fv2%2Fcomments&post=2965"}],"wp:featuredmedia":[{"embeddable":true,"href":"https:\/\/balanzasybasculas.com.co\/index.php?rest_route=\/wp\/v2\/media\/2969"}],"wp:attachment":[{"href":"https:\/\/balanzasybasculas.com.co\/index.php?rest_route=%2Fwp%2Fv2%2Fmedia&parent=2965"}],"wp:term":[{"taxonomy":"product_brand","embeddable":true,"href":"https:\/\/balanzasybasculas.com.co\/index.php?rest_route=%2Fwp%2Fv2%2Fproduct_brand&post=2965"},{"taxonomy":"product_cat","embeddable":true,"href":"https:\/\/balanzasybasculas.com.co\/index.php?rest_route=%2Fwp%2Fv2%2Fproduct_cat&post=2965"},{"taxonomy":"product_tag","embeddable":true,"href":"https:\/\/balanzasybasculas.com.co\/index.php?rest_route=%2Fwp%2Fv2%2Fproduct_tag&post=2965"}],"curies":[{"name":"wp","href":"https:\/\/api.w.org\/{rel}","templated":true}]}}