{"id":3186,"date":"2020-02-28T20:03:13","date_gmt":"2020-02-28T20:03:13","guid":{"rendered":"https:\/\/avanzapesaje.space\/?post_type=product&#038;p=3186"},"modified":"2020-02-28T20:05:35","modified_gmt":"2020-02-28T20:05:35","slug":"balanza-de-mesa-ohaus-ranger-4000-r41me3","status":"publish","type":"product","link":"https:\/\/balanzasybasculas.com.co\/?product=balanza-de-mesa-ohaus-ranger-4000-r41me3","title":{"rendered":"Balanza de Mesa Ohaus Ranger 4000 R41ME3"},"content":{"rendered":"<p>La Ranger 4000 multiprop\u00f3sito es la herramienta indicada para aplicaciones de pesaje industrial en donde el valor es importante pero la calidad, durabilidad y funcionalidad no pueden verse comprometidas. Esta balanza port\u00e1til con armaz\u00f3n de aluminio fundido a presi\u00f3n y una bater\u00eda recargable est\u00e1 equipada con siete modos de aplicaci\u00f3n que pueden proporcionar resultados para muchas necesidades de pesaje y medici\u00f3n industriales.<\/p>\n","protected":false},"excerpt":{"rendered":"<div class=\"col-sm-16\">\n<div class=\"model-section-header\"><strong>ESPECIFICACIONES<\/strong><\/div>\n<\/div>\n<div class=\"col-sm-16\">\n<table class=\"spec-table\">\n<tbody>\n<tr>\n<td>Capacidad m\u00e1x.<\/td>\n<td>3 kg<\/td>\n<\/tr>\n<tr>\n<td>Resoluci\u00f3n (2)<\/td>\n<td>0,1 g<\/td>\n<\/tr>\n<tr>\n<td>Lectura m\u00edn. (certificada)<\/td>\n<td>1 g<\/td>\n<\/tr>\n<tr>\n<td>Tama\u00f1o de la plataforma<\/td>\n<td>225 mm x 300 mm<\/td>\n<\/tr>\n<tr>\n<td>Legal para comercio<\/td>\n<td>Aprobada por Medidas de Canad\u00e1;\u00a0 Certificaci\u00f3n del NTEP;\u00a0 OIML<\/td>\n<\/tr>\n<tr>\n<td>Electricidad<\/td>\n<td>Alimentaci\u00f3n CA (incluida);\u00a0 Bater\u00eda recargable (incluida)<\/td>\n<\/tr>\n<tr>\n<td>Duraci\u00f3n de la bater\u00eda<\/td>\n<td>100 horas con bater\u00eda recargable<\/td>\n<\/tr>\n<tr>\n<td>Comunicaci\u00f3n<\/td>\n<td>2.\u00ba RS232 (disponible como accesorio);\u00a0 Ethernet (disponible como accesorio);\u00a0 RS232 (incluido);\u00a0 USB (disponible como accesorio)<\/td>\n<\/tr>\n<tr>\n<td>Dimensiones<\/td>\n<td>122 mm x 327 mm x 315 mm<\/td>\n<\/tr>\n<tr>\n<td>Pantalla<\/td>\n<td>Pantalla LED<\/td>\n<\/tr>\n<tr>\n<td>Cubierta<\/td>\n<td>Incluido<\/td>\n<\/tr>\n<tr>\n<td>Peso neto<\/td>\n<td>5,9 kg<\/td>\n<\/tr>\n<tr>\n<td>Material de la plataforma<\/td>\n<td>Acero inoxidable<\/td>\n<\/tr>\n<tr>\n<td>Grado de protecci\u00f3n<\/td>\n<td>No aplica<\/td>\n<\/tr>\n<tr>\n<td>Rango de tara<\/td>\n<td>Para capacidad por diferencia<\/td>\n<\/tr>\n<tr>\n<td>Estuche de transportaci\u00f3n<\/td>\n<td>No aplica<\/td>\n<\/tr>\n<tr>\n<td>Unidades de medida<\/td>\n<td>Gramo;\u00a0 Kilogramo;\u00a0 Onza;\u00a0 Libra;\u00a0 Libra: onza<\/td>\n<\/tr>\n<tr>\n<td>Ambiente de trabajo<\/td>\n<td>-10\u00a0\u00a0 \u00b0C \u2013 40\u00a0\u00a0 \u00b0C, 85\u00a0\u00a0 % de HR, sin condensaci\u00f3n<\/td>\n<\/tr>\n<\/tbody>\n<\/table>\n<\/div>\n","protected":false},"featured_media":3188,"comment_status":"open","ping_status":"closed","template":"","meta":[],"product_brand":[],"product_cat":[116,114,80],"product_tag":[],"class_list":{"0":"post-3186","1":"product","2":"type-product","3":"status-publish","4":"has-post-thumbnail","6":"product_cat-balanza-ranger-4000-ohaus","7":"product_cat-balanza-ranger-ohaus","8":"product_cat-balanzas-ohaus","10":"first","11":"instock","12":"shipping-taxable","13":"product-type-simple"},"_links":{"self":[{"href":"https:\/\/balanzasybasculas.com.co\/index.php?rest_route=\/wp\/v2\/product\/3186","targetHints":{"allow":["GET"]}}],"collection":[{"href":"https:\/\/balanzasybasculas.com.co\/index.php?rest_route=\/wp\/v2\/product"}],"about":[{"href":"https:\/\/balanzasybasculas.com.co\/index.php?rest_route=\/wp\/v2\/types\/product"}],"replies":[{"embeddable":true,"href":"https:\/\/balanzasybasculas.com.co\/index.php?rest_route=%2Fwp%2Fv2%2Fcomments&post=3186"}],"wp:featuredmedia":[{"embeddable":true,"href":"https:\/\/balanzasybasculas.com.co\/index.php?rest_route=\/wp\/v2\/media\/3188"}],"wp:attachment":[{"href":"https:\/\/balanzasybasculas.com.co\/index.php?rest_route=%2Fwp%2Fv2%2Fmedia&parent=3186"}],"wp:term":[{"taxonomy":"product_brand","embeddable":true,"href":"https:\/\/balanzasybasculas.com.co\/index.php?rest_route=%2Fwp%2Fv2%2Fproduct_brand&post=3186"},{"taxonomy":"product_cat","embeddable":true,"href":"https:\/\/balanzasybasculas.com.co\/index.php?rest_route=%2Fwp%2Fv2%2Fproduct_cat&post=3186"},{"taxonomy":"product_tag","embeddable":true,"href":"https:\/\/balanzasybasculas.com.co\/index.php?rest_route=%2Fwp%2Fv2%2Fproduct_tag&post=3186"}],"curies":[{"name":"wp","href":"https:\/\/api.w.org\/{rel}","templated":true}]}}