{"id":3216,"date":"2020-02-28T20:41:51","date_gmt":"2020-02-28T20:41:51","guid":{"rendered":"https:\/\/avanzapesaje.space\/?post_type=product&#038;p=3216"},"modified":"2020-02-28T20:44:08","modified_gmt":"2020-02-28T20:44:08","slug":"balanza-de-mesa-ohaus-ranger-7000-r71mhd15","status":"publish","type":"product","link":"https:\/\/balanzasybasculas.com.co\/?product=balanza-de-mesa-ohaus-ranger-7000-r71mhd15","title":{"rendered":"Balanza de Mesa Ohaus Ranger 7000 R71MHD15"},"content":{"rendered":"<p>Para la Ranger 7000, hay un tema contundente: ofrece lo mejor de cada funci\u00f3n ingeniosa que hace que los productos industriales OHAUS sean la herramienta adecuada para sus trabajos de pesaje m\u00e1s exigentes. La Ranger 7000 cuenta con la resoluci\u00f3n m\u00e1s alta, la pantalla m\u00e1s grande, casi todos los modos de aplicaci\u00f3n y opciones de conectividad, as\u00ed como la capacidad de memoria m\u00e1s grande que cualquier b\u00e1scula de mesa industrial pueda tener en la cartera de OHAUS.<\/p>\n","protected":false},"excerpt":{"rendered":"<div class=\"col-sm-16\">\n<div class=\"model-section-header\"><strong>ESPECIFICACIONES<\/strong><\/div>\n<\/div>\n<div class=\"col-sm-16\">\n<table class=\"spec-table\">\n<tbody>\n<tr>\n<td>Capacidad m\u00e1x.<\/td>\n<td>15 kg<\/td>\n<\/tr>\n<tr>\n<td>Resoluci\u00f3n (2)<\/td>\n<td>0,1 g<\/td>\n<\/tr>\n<tr>\n<td>Lectura m\u00edn. (certificada)<\/td>\n<td>1 g<\/td>\n<\/tr>\n<tr>\n<td>Tama\u00f1o de la plataforma<\/td>\n<td>311 mm x 377 mm<\/td>\n<\/tr>\n<tr>\n<td>Duraci\u00f3n de la bater\u00eda<\/td>\n<td>9 horas con bater\u00eda recargable<\/td>\n<\/tr>\n<tr>\n<td>Puerto para segunda b\u00e1scula<\/td>\n<td>S\u00ed<\/td>\n<\/tr>\n<tr>\n<td>Comunicaci\u00f3n<\/td>\n<td>USB (incluido);\u00a0 RS232 (incluido);\u00a0 2.\u00ba RS232 (disponible como accesorio);\u00a0 Ethernet (disponible como accesorio)<\/td>\n<\/tr>\n<tr>\n<td>Dimensiones<\/td>\n<td>128 mm x 467 mm x 377 mm<\/td>\n<\/tr>\n<tr>\n<td>Pantalla<\/td>\n<td>LCD gr\u00e1fica TFT de 4.3\u201d\/10.9\u00a0\u00a0 cm<\/td>\n<\/tr>\n<tr>\n<td>Calibraci\u00f3n interna<\/td>\n<td>AutoCal\u2122: autom\u00e1tica<\/td>\n<\/tr>\n<tr>\n<td>Cubierta<\/td>\n<td>Incluido<\/td>\n<\/tr>\n<tr>\n<td>Legal para comercio<\/td>\n<td>Aprobaci\u00f3n tipo EC;\u00a0 Certificaci\u00f3n del NTEP;\u00a0 Aprobada por Medidas de Canad\u00e1<\/td>\n<\/tr>\n<tr>\n<td>Peso neto<\/td>\n<td>10,9 kg<\/td>\n<\/tr>\n<tr>\n<td>Salidas<\/td>\n<td>E\/S digitales 2 entradas\/4 salidas<\/td>\n<\/tr>\n<tr>\n<td>Material de la plataforma<\/td>\n<td>Acero inoxidable<\/td>\n<\/tr>\n<tr>\n<td>Electricidad<\/td>\n<td>Alimentaci\u00f3n CA (incluida);\u00a0 Bater\u00eda recargable (no incluida)<\/td>\n<\/tr>\n<tr>\n<td>Grado de protecci\u00f3n<\/td>\n<td>IP54<\/td>\n<\/tr>\n<tr>\n<td>Rango de tara<\/td>\n<td>Para capacidad por diferencia<\/td>\n<\/tr>\n<tr>\n<td>Estuche de transportaci\u00f3n<\/td>\n<td>No aplica<\/td>\n<\/tr>\n<tr>\n<td>Unidades de medida<\/td>\n<td>Gramo;\u00a0 Kilogramo;\u00a0 Onza;\u00a0 Libra;\u00a0 Libra: onza;\u00a0 Personalizado<\/td>\n<\/tr>\n<tr>\n<td>Ambiente de trabajo<\/td>\n<td>10\u00a0\u00a0 \u00b0C \u2013 30\u00a0\u00a0 \u00b0C, 80\u00a0\u00a0 % HR, sin condensaci\u00f3n<\/td>\n<\/tr>\n<\/tbody>\n<\/table>\n<\/div>\n","protected":false},"featured_media":3218,"comment_status":"open","ping_status":"closed","template":"","meta":[],"product_brand":[],"product_cat":[117,114,80],"product_tag":[],"class_list":{"0":"post-3216","1":"product","2":"type-product","3":"status-publish","4":"has-post-thumbnail","6":"product_cat-balanza-ranger-7000-ohaus","7":"product_cat-balanza-ranger-ohaus","8":"product_cat-balanzas-ohaus","10":"first","11":"instock","12":"shipping-taxable","13":"product-type-simple"},"_links":{"self":[{"href":"https:\/\/balanzasybasculas.com.co\/index.php?rest_route=\/wp\/v2\/product\/3216","targetHints":{"allow":["GET"]}}],"collection":[{"href":"https:\/\/balanzasybasculas.com.co\/index.php?rest_route=\/wp\/v2\/product"}],"about":[{"href":"https:\/\/balanzasybasculas.com.co\/index.php?rest_route=\/wp\/v2\/types\/product"}],"replies":[{"embeddable":true,"href":"https:\/\/balanzasybasculas.com.co\/index.php?rest_route=%2Fwp%2Fv2%2Fcomments&post=3216"}],"wp:featuredmedia":[{"embeddable":true,"href":"https:\/\/balanzasybasculas.com.co\/index.php?rest_route=\/wp\/v2\/media\/3218"}],"wp:attachment":[{"href":"https:\/\/balanzasybasculas.com.co\/index.php?rest_route=%2Fwp%2Fv2%2Fmedia&parent=3216"}],"wp:term":[{"taxonomy":"product_brand","embeddable":true,"href":"https:\/\/balanzasybasculas.com.co\/index.php?rest_route=%2Fwp%2Fv2%2Fproduct_brand&post=3216"},{"taxonomy":"product_cat","embeddable":true,"href":"https:\/\/balanzasybasculas.com.co\/index.php?rest_route=%2Fwp%2Fv2%2Fproduct_cat&post=3216"},{"taxonomy":"product_tag","embeddable":true,"href":"https:\/\/balanzasybasculas.com.co\/index.php?rest_route=%2Fwp%2Fv2%2Fproduct_tag&post=3216"}],"curies":[{"name":"wp","href":"https:\/\/api.w.org\/{rel}","templated":true}]}}