{"id":3257,"date":"2020-02-28T21:48:41","date_gmt":"2020-02-28T21:48:41","guid":{"rendered":"https:\/\/avanzapesaje.space\/?post_type=product&#038;p=3257"},"modified":"2020-02-28T21:50:47","modified_gmt":"2020-02-28T21:50:47","slug":"balanzas-para-conteo-ohaus-ranger-4000-rc41m15","status":"publish","type":"product","link":"https:\/\/balanzasybasculas.com.co\/?product=balanzas-para-conteo-ohaus-ranger-4000-rc41m15","title":{"rendered":"Balanzas Para Conteo Ohaus Ranger 4000 RC41M15"},"content":{"rendered":"<p>Ranger Count 4000 es la herramienta ideal para las tareas de recuento industriales dif\u00edciles que requieren durabilidad y exactitud a un gran valor. Port\u00e1til con armaz\u00f3n de aluminio fundido a presi\u00f3n y una bater\u00eda recargable, esta balanza est\u00e1 equipada funciones de pesaje, recuento de piezas, recuentos de control y acumulaci\u00f3n, y puede proporcionar resultados para una gran variedad de necesidades de pesaje, recuento y medici\u00f3n industriales.<\/p>\n","protected":false},"excerpt":{"rendered":"<div class=\"col-sm-16\">\n<div class=\"model-section-header\"><strong>ESPECIFICACIONES<\/strong><\/div>\n<\/div>\n<div class=\"col-sm-16\">\n<table class=\"spec-table\">\n<tbody>\n<tr>\n<td>Capacidad m\u00e1x.<\/td>\n<td>15 kg<\/td>\n<\/tr>\n<tr>\n<td>Resoluci\u00f3n (2)<\/td>\n<td>0,5 g<\/td>\n<\/tr>\n<tr>\n<td>Lectura m\u00edn. (certificada)<\/td>\n<td>5 g<\/td>\n<\/tr>\n<tr>\n<td>Tama\u00f1o de la plataforma<\/td>\n<td>225 mm x 300 mm<\/td>\n<\/tr>\n<tr>\n<td>Duraci\u00f3n de la bater\u00eda<\/td>\n<td>210 horas con bater\u00eda recargable<\/td>\n<\/tr>\n<tr>\n<td>Comunicaci\u00f3n<\/td>\n<td>2.\u00ba RS232 (disponible como accesorio);\u00a0 Ethernet (disponible como accesorio);\u00a0 RS232 (incluido);\u00a0 USB (disponible como accesorio)<\/td>\n<\/tr>\n<tr>\n<td>Resoluci\u00f3n de recuento<\/td>\n<td>Resoluci\u00f3n interna 1:1\u00a0\u00a0 500\u00a0\u00a0 000<\/td>\n<\/tr>\n<tr>\n<td>Dimensiones<\/td>\n<td>122 mm x 327 mm x 315 mm<\/td>\n<\/tr>\n<tr>\n<td>Pantalla<\/td>\n<td>3 ventanas LCD con luz de fondo + 3 LED<\/td>\n<\/tr>\n<tr>\n<td>Cubierta<\/td>\n<td>Incluido<\/td>\n<\/tr>\n<tr>\n<td>Legal para comercio<\/td>\n<td>Aprobada por Medidas de Canad\u00e1;\u00a0 Certificaci\u00f3n del NTEP;\u00a0 OIML<\/td>\n<\/tr>\n<tr>\n<td>Peso neto<\/td>\n<td>5,9 kg<\/td>\n<\/tr>\n<tr>\n<td>Material de la plataforma<\/td>\n<td>Acero inoxidable<\/td>\n<\/tr>\n<tr>\n<td>Electricidad<\/td>\n<td>Alimentaci\u00f3n CA (incluida);\u00a0 Bater\u00eda recargable (incluida)<\/td>\n<\/tr>\n<tr>\n<td>Grado de protecci\u00f3n<\/td>\n<td>No aplica<\/td>\n<\/tr>\n<tr>\n<td>Puerto para segunda b\u00e1scula<\/td>\n<td>S\u00ed<\/td>\n<\/tr>\n<tr>\n<td>Rango de tara<\/td>\n<td>Para capacidad por diferencia<\/td>\n<\/tr>\n<tr>\n<td>Estuche de transportaci\u00f3n<\/td>\n<td>No aplica<\/td>\n<\/tr>\n<tr>\n<td>Unidades de medida<\/td>\n<td>Gramo;\u00a0 Kilogramo;\u00a0 Libra;\u00a0 Onza;\u00a0 Libra: onza<\/td>\n<\/tr>\n<tr>\n<td>Ambiente de trabajo<\/td>\n<td>-10\u00a0\u00a0 \u00b0C \u2013 40\u00a0\u00a0 \u00b0C, 85\u00a0\u00a0 % de HR, sin condensaci\u00f3n<\/td>\n<\/tr>\n<\/tbody>\n<\/table>\n<\/div>\n","protected":false},"featured_media":3258,"comment_status":"open","ping_status":"closed","template":"","meta":[],"product_brand":[],"product_cat":[112,232],"product_tag":[],"class_list":{"0":"post-3257","1":"product","2":"type-product","3":"status-publish","4":"has-post-thumbnail","6":"product_cat-balanzas-contadoras-ohaus","7":"product_cat-balanzas-ranger-4000-contadoras-ohaus","9":"first","10":"instock","11":"shipping-taxable","12":"product-type-simple"},"_links":{"self":[{"href":"https:\/\/balanzasybasculas.com.co\/index.php?rest_route=\/wp\/v2\/product\/3257","targetHints":{"allow":["GET"]}}],"collection":[{"href":"https:\/\/balanzasybasculas.com.co\/index.php?rest_route=\/wp\/v2\/product"}],"about":[{"href":"https:\/\/balanzasybasculas.com.co\/index.php?rest_route=\/wp\/v2\/types\/product"}],"replies":[{"embeddable":true,"href":"https:\/\/balanzasybasculas.com.co\/index.php?rest_route=%2Fwp%2Fv2%2Fcomments&post=3257"}],"wp:featuredmedia":[{"embeddable":true,"href":"https:\/\/balanzasybasculas.com.co\/index.php?rest_route=\/wp\/v2\/media\/3258"}],"wp:attachment":[{"href":"https:\/\/balanzasybasculas.com.co\/index.php?rest_route=%2Fwp%2Fv2%2Fmedia&parent=3257"}],"wp:term":[{"taxonomy":"product_brand","embeddable":true,"href":"https:\/\/balanzasybasculas.com.co\/index.php?rest_route=%2Fwp%2Fv2%2Fproduct_brand&post=3257"},{"taxonomy":"product_cat","embeddable":true,"href":"https:\/\/balanzasybasculas.com.co\/index.php?rest_route=%2Fwp%2Fv2%2Fproduct_cat&post=3257"},{"taxonomy":"product_tag","embeddable":true,"href":"https:\/\/balanzasybasculas.com.co\/index.php?rest_route=%2Fwp%2Fv2%2Fproduct_tag&post=3257"}],"curies":[{"name":"wp","href":"https:\/\/api.w.org\/{rel}","templated":true}]}}