{"id":3734,"date":"2020-10-26T20:35:28","date_gmt":"2020-10-27T01:35:28","guid":{"rendered":"https:\/\/balanzasybasculas.com.co\/?post_type=product&#038;p=3734"},"modified":"2021-09-22T11:59:45","modified_gmt":"2021-09-22T16:59:45","slug":"achiever-5000-a51st100","status":"publish","type":"product","link":"https:\/\/balanzasybasculas.com.co\/?product=achiever-5000-a51st100","title":{"rendered":"ACHIEVER \u2122 5000 A51ST100"},"content":{"rendered":"<div class=\"description\">Agitadores a\u00e9reos confiables con excelente rendimiento para el uso diario<\/div>\n<div class=\"family-description\">Los agitadores a\u00e9reos OHAUS Achiever \u2122 5000 est\u00e1n dise\u00f1ados para una agitaci\u00f3n potente y precisa, seguridad y simplicidad en todas las aplicaciones.\u00a0El dise\u00f1o sellado tiene una clasificaci\u00f3n IP54 y garantiza un rendimiento de mezcla seguro incluso en las aplicaciones m\u00e1s exigentes.\u00a0El portabrocas sin llave y la rampa de velocidad controlada por software proporcionan una configuraci\u00f3n sencilla y una agitaci\u00f3n segura para proteger la muestra y el usuario.\u00a0Seleccione entre cinco modelos con un par de hasta 200 Ncm y una capacidad de volumen de hasta 100 L.<\/div>\n<div><\/div>\n<div><a href=\"https:\/\/balanzasybasculas.com.co\/wp-content\/uploads\/2020\/10\/agitadores-de-helice.pdf\">DESCARGAR CAT\u00c1LOGO<\/a><\/div>\n","protected":false},"excerpt":{"rendered":"<div class=\"col-sm-16\">\n<div class=\"model-section-header\"><strong>ESPECIFICACIONES<\/strong><\/div>\n<\/div>\n<div class=\"col-sm-16\">\n<table class=\"spec-table\">\n<tbody>\n<tr>\n<td><strong>Rango de velocidad<\/strong><\/td>\n<td>30 rpm &#8211; 1300 rpm<\/td>\n<\/tr>\n<tr>\n<td><strong>Capacidad<\/strong><\/td>\n<td>100 litros<\/td>\n<\/tr>\n<tr>\n<td><strong>Viscosidad de la muestra (mPa s)<\/strong><\/td>\n<td>m\u00e1ximo 70,000<\/td>\n<\/tr>\n<tr>\n<td><strong>Torque (max)<\/strong><\/td>\n<td>100 en libras<\/td>\n<\/tr>\n<tr>\n<td><strong>Rango de mandril (di\u00e1metro)<\/strong><\/td>\n<td>1-13 mm<\/td>\n<\/tr>\n<tr>\n<td><strong>Paso de eje (di\u00e1metro)<\/strong><\/td>\n<td>hasta 8,5 mm<\/td>\n<\/tr>\n<tr>\n<td><strong>Controlar<\/strong><\/td>\n<td>Digital<\/td>\n<\/tr>\n<tr>\n<td><strong>Dimensiones<\/strong><\/td>\n<td>11,2 pulgadas x 9,3 pulgadas x 3,5 pulgadas (285 mm x 235 mm x 90 mm) (HxLxW)<\/td>\n<\/tr>\n<tr>\n<td><strong>Monitor<\/strong><\/td>\n<td>Pantalla LED<\/td>\n<\/tr>\n<tr>\n<td><strong>Funci\u00f3n<\/strong><\/td>\n<td>Emocionante<\/td>\n<\/tr>\n<tr>\n<td><strong>Clasificaci\u00f3n del IP<\/strong><\/td>\n<td>IP 54<\/td>\n<\/tr>\n<tr>\n<td><strong>Peso neto<\/strong><\/td>\n<td>9 libras (4,1 kg)<\/td>\n<\/tr>\n<tr>\n<td><strong>Poder<\/strong><\/td>\n<td>115\/230 VCA<\/td>\n<\/tr>\n<tr>\n<td><strong>El consumo de energ\u00eda<\/strong><\/td>\n<td>190 W<\/td>\n<\/tr>\n<tr>\n<td><strong>Certificaci\u00f3n de seguridad<\/strong><\/td>\n<td>cNemkous<\/td>\n<\/tr>\n<tr>\n<td><strong>Precisi\u00f3n de velocidad<\/strong><\/td>\n<td>\u00b1 1 rpm<\/td>\n<\/tr>\n<tr>\n<td><strong>Rango de velocidad<\/strong><\/td>\n<td>30 rpm &#8211; 1300 rpm<\/td>\n<\/tr>\n<tr>\n<td><strong>Ambiente de trabajo<\/strong><\/td>\n<td>41 \u00b0 F &#8211; 104 \u00b0 F, 80% RH, sin condensaci\u00f3n (5 \u00b0 C &#8211; 40 \u00b0 C, 80% RH, sin condensaci\u00f3n)<\/td>\n<\/tr>\n<\/tbody>\n<\/table>\n<\/div>\n","protected":false},"featured_media":3731,"comment_status":"open","ping_status":"closed","template":"","meta":[],"product_brand":[],"product_cat":[236,245],"product_tag":[],"class_list":{"0":"post-3734","1":"product","2":"type-product","3":"status-publish","4":"has-post-thumbnail","6":"product_cat-achiever-5000","7":"product_cat-agitadores-agitadores-de-helice-ohaus","9":"first","10":"instock","11":"shipping-taxable","12":"product-type-simple"},"_links":{"self":[{"href":"https:\/\/balanzasybasculas.com.co\/index.php?rest_route=\/wp\/v2\/product\/3734","targetHints":{"allow":["GET"]}}],"collection":[{"href":"https:\/\/balanzasybasculas.com.co\/index.php?rest_route=\/wp\/v2\/product"}],"about":[{"href":"https:\/\/balanzasybasculas.com.co\/index.php?rest_route=\/wp\/v2\/types\/product"}],"replies":[{"embeddable":true,"href":"https:\/\/balanzasybasculas.com.co\/index.php?rest_route=%2Fwp%2Fv2%2Fcomments&post=3734"}],"wp:featuredmedia":[{"embeddable":true,"href":"https:\/\/balanzasybasculas.com.co\/index.php?rest_route=\/wp\/v2\/media\/3731"}],"wp:attachment":[{"href":"https:\/\/balanzasybasculas.com.co\/index.php?rest_route=%2Fwp%2Fv2%2Fmedia&parent=3734"}],"wp:term":[{"taxonomy":"product_brand","embeddable":true,"href":"https:\/\/balanzasybasculas.com.co\/index.php?rest_route=%2Fwp%2Fv2%2Fproduct_brand&post=3734"},{"taxonomy":"product_cat","embeddable":true,"href":"https:\/\/balanzasybasculas.com.co\/index.php?rest_route=%2Fwp%2Fv2%2Fproduct_cat&post=3734"},{"taxonomy":"product_tag","embeddable":true,"href":"https:\/\/balanzasybasculas.com.co\/index.php?rest_route=%2Fwp%2Fv2%2Fproduct_tag&post=3734"}],"curies":[{"name":"wp","href":"https:\/\/api.w.org\/{rel}","templated":true}]}}