{"id":3799,"date":"2021-01-22T11:24:42","date_gmt":"2021-01-22T16:24:42","guid":{"rendered":"https:\/\/balanzasybasculas.com.co\/?post_type=product&#038;p=3799"},"modified":"2025-02-28T08:24:41","modified_gmt":"2025-02-28T13:24:41","slug":"centrifuga-ohaus-frontier-5000-multi-pro-fc5916-120v","status":"publish","type":"product","link":"https:\/\/balanzasybasculas.com.co\/?product=centrifuga-ohaus-frontier-5000-multi-pro-fc5916-120v","title":{"rendered":"Centrifuga Ohaus Frontier 5000 Multi-Pro FC5916 120V"},"content":{"rendered":"<p>Las centr\u00edfugas Frontier 5000 Multi-Pro est\u00e1n dise\u00f1adas para uso universal en aplicaciones m\u00faltiples en laboratorios de investigaci\u00f3n, industriales y cl\u00ednicos y se pueden combinar con nuestra gama de rotores y accesorios para uso personalizado. Disponible en 7 modelos con capacidades de 0.2\u00a0ml a 4\u00a0\u00d7\u00a0750\u00a0ml, y presenta un rendimiento de alta velocidad al volumen m\u00e1ximo, identificaci\u00f3n autom\u00e1tica del rotor y caracter\u00edsticas de seguridad.<\/p>\n","protected":false},"excerpt":{"rendered":"<div class=\"col-sm-16\">\n<div class=\"model-section-header\"><strong>ESPECIFICACIONES<\/strong><\/div>\n<\/div>\n<div class=\"col-sm-16\">\n<table class=\"spec-table\">\n<tbody>\n<tr>\n<td><strong>Intervalo de velocida<\/strong><\/td>\n<td>200 rpm \u2013 16.000 rpm<\/td>\n<\/tr>\n<tr>\n<td><strong>Fuerza centr\u00edfuga m\u00e1xima relativa<\/strong><\/td>\n<td>24.325 g<\/td>\n<\/tr>\n<tr>\n<td><strong>Memorias de programa<\/strong><\/td>\n<td>99<\/td>\n<\/tr>\n<tr>\n<td><strong>Rotor en paquete<\/strong><\/td>\n<td>No aplica<\/td>\n<\/tr>\n<tr>\n<td><strong>Velocidad de aceleraci\u00f3n<\/strong><\/td>\n<td>10<\/td>\n<\/tr>\n<tr>\n<td><strong>Velocidad de desaceleraci\u00f3n<\/strong><\/td>\n<td>10<\/td>\n<\/tr>\n<tr>\n<td><strong>Dimensiones<\/strong><\/td>\n<td>390 mm x 670 mm x 540 mm<\/td>\n<\/tr>\n<tr>\n<td><strong>Bloqueo de tapa<\/strong><\/td>\n<td>Impulso por motor<\/td>\n<\/tr>\n<tr>\n<td><strong>Peso neto<\/strong><\/td>\n<td>85 kg<\/td>\n<\/tr>\n<tr>\n<td><strong>Nivel de ruido<\/strong><\/td>\n<td>\u226463\u00b12 dB(A)<\/td>\n<\/tr>\n<tr>\n<td><strong>Electricidad<\/strong><\/td>\n<td>Adaptador de CA (incluido)<\/td>\n<\/tr>\n<tr>\n<td><strong>Consumo de energ\u00eda<\/strong><\/td>\n<td>680 W<\/td>\n<\/tr>\n<tr>\n<td><strong>Tiempo de preenfriamiento<\/strong><\/td>\n<td>No aplica<\/td>\n<\/tr>\n<tr>\n<td><strong>Compatibilidad del rotor<\/strong><\/td>\n<td>;\u00a0 ;\u00a0 \u00c1ngulo de 6 x 250 ml FB DI;\u00a0 Oscilante de 4 x 100 ml DI;\u00a0 Oscilante de 4 x 100 ml DI sellable;\u00a0 Oscilante de 2 x 3 MTP DI;\u00a0 \u00c1ngulo de 6 x 85 ml RB DI Hi;\u00a0 \u00c1ngulo de 6 x 85 ml RB DI;\u00a0 \u00c1ngulo de 4 x 85 ml RB DI Hi;\u00a0 \u00c1ngulo de 10 x 50 ml FA DI;\u00a0 \u00c1ngulo de 6 x 50 RB DI Hi;\u00a0 \u00c1ngulo de 6 x 50 ml RB\/FA DI;\u00a0 \u00c1ngulo de 30 x 15 ml RB\/FA DI;\u00a0 \u00c1ngulo de 20 x 10 ml RB DI Hi;\u00a0 \u00c1ngulo de 12 x 15 ml RB\/FA DI;\u00a0 \u00c1ngulo 44 x 1.5 \/ 2.0 ml DI;\u00a0 \u00c1ngulo de 30 x 1.5 ml \/ 2.0 ml DI sellable;\u00a0 \u00c1ngulo de 24 x 1.5 ml \/ 2.0 ml DI sellable;\u00a0 \u00c1ngulo de 24 x 1.5 \/ 2.0 ml DI;\u00a0 \u00c1ngulo de 12 x 1.5 2.0 ml DI;\u00a0 \u00c1ngulo de 64 x 0.5 ml DI;\u00a0 \u00c1ngulo de 4 x 8-well tiras DI para PCR<\/td>\n<\/tr>\n<tr>\n<td><strong>M\u00e9todo de reconocimiento de rotor<\/strong><\/td>\n<td>Autom\u00e1tico<\/td>\n<\/tr>\n<tr>\n<td><strong>Tiempo de funcionamiento<\/strong><\/td>\n<td>Giro r\u00e1pido;\u00a0 De 10 segundos a 99 h 59 min 59 s;\u00a0 Continuo<\/td>\n<\/tr>\n<tr>\n<td><strong>Certificaci\u00f3n de seguridad<\/strong><\/td>\n<td>CE;\u00a0 FCC<\/td>\n<\/tr>\n<tr>\n<td><strong>Ambiente de trabajo<\/strong><\/td>\n<td>2\u00a0\u00a0 \u00b0C \u2013 35\u00a0\u00a0 \u00b0C, 80\u00a0\u00a0 % HR, sin condensaci\u00f3n<\/td>\n<\/tr>\n<\/tbody>\n<\/table>\n<\/div>\n","protected":false},"featured_media":3800,"comment_status":"open","ping_status":"closed","template":"","meta":[],"product_brand":[],"product_cat":[272,176,175],"product_tag":[],"class_list":{"0":"post-3799","1":"product","2":"type-product","3":"status-publish","4":"has-post-thumbnail","6":"product_cat-centrifigas-multiproposito","7":"product_cat-centrifugas-ohaus","8":"product_cat-equipos-de-laboratorio-ohaus","10":"first","11":"instock","12":"shipping-taxable","13":"product-type-simple"},"_links":{"self":[{"href":"https:\/\/balanzasybasculas.com.co\/index.php?rest_route=\/wp\/v2\/product\/3799","targetHints":{"allow":["GET"]}}],"collection":[{"href":"https:\/\/balanzasybasculas.com.co\/index.php?rest_route=\/wp\/v2\/product"}],"about":[{"href":"https:\/\/balanzasybasculas.com.co\/index.php?rest_route=\/wp\/v2\/types\/product"}],"replies":[{"embeddable":true,"href":"https:\/\/balanzasybasculas.com.co\/index.php?rest_route=%2Fwp%2Fv2%2Fcomments&post=3799"}],"wp:featuredmedia":[{"embeddable":true,"href":"https:\/\/balanzasybasculas.com.co\/index.php?rest_route=\/wp\/v2\/media\/3800"}],"wp:attachment":[{"href":"https:\/\/balanzasybasculas.com.co\/index.php?rest_route=%2Fwp%2Fv2%2Fmedia&parent=3799"}],"wp:term":[{"taxonomy":"product_brand","embeddable":true,"href":"https:\/\/balanzasybasculas.com.co\/index.php?rest_route=%2Fwp%2Fv2%2Fproduct_brand&post=3799"},{"taxonomy":"product_cat","embeddable":true,"href":"https:\/\/balanzasybasculas.com.co\/index.php?rest_route=%2Fwp%2Fv2%2Fproduct_cat&post=3799"},{"taxonomy":"product_tag","embeddable":true,"href":"https:\/\/balanzasybasculas.com.co\/index.php?rest_route=%2Fwp%2Fv2%2Fproduct_tag&post=3799"}],"curies":[{"name":"wp","href":"https:\/\/api.w.org\/{rel}","templated":true}]}}