{"id":3839,"date":"2021-01-23T08:44:43","date_gmt":"2021-01-23T13:44:43","guid":{"rendered":"https:\/\/balanzasybasculas.com.co\/?post_type=product&#038;p=3839"},"modified":"2021-01-23T08:51:31","modified_gmt":"2021-01-23T13:51:31","slug":"agitador-de-gran-volumen-ohaus-sthval","status":"publish","type":"product","link":"https:\/\/balanzasybasculas.com.co\/?product=agitador-de-gran-volumen-ohaus-sthval","title":{"rendered":"Agitador de Gran Vol\u00famen Ohaus STHVAL"},"content":{"rendered":"<p>OHAUS ofrece cuatro modelos para capacidades de agitaci\u00f3n entre 25 y 200\u00a0L, lo que le permite elegir el modelo adecuado para su aplicaci\u00f3n. La amplia superficie de la placa superior permite el procesamiento de recipientes de gran tama\u00f1o, como los carbohidratos, para agitar en grandes cantidades. La unidad magn\u00e9tica potente tambi\u00e9n es capaz de mezclar materiales altamente viscosos.<\/p>\n","protected":false},"excerpt":{"rendered":"<div class=\"col-sm-16\">\n<div class=\"model-section-header\"><strong>ESPECIFICACIONES<\/strong><\/div>\n<\/div>\n<div class=\"col-sm-16\">\n<table class=\"spec-table\">\n<tbody>\n<tr>\n<td>Alcance m\u00e1ximo<\/td>\n<td>25 L<\/td>\n<\/tr>\n<tr>\n<td>Control<\/td>\n<td>Anal\u00f3gico<\/td>\n<\/tr>\n<tr>\n<td>Dimensiones<\/td>\n<td>97 mm x 432 mm x 279 mm (AxLxA)<\/td>\n<\/tr>\n<tr>\n<td>Peso neto<\/td>\n<td>6,2 kg<\/td>\n<\/tr>\n<tr>\n<td>Estructura de la placa<\/td>\n<td>Nailon relleno de vidrio<\/td>\n<\/tr>\n<tr>\n<td>Tama\u00f1o de la placa<\/td>\n<td>279 mm<\/td>\n<\/tr>\n<tr>\n<td>Electricidad<\/td>\n<td>120V, 1.3A, 50\/60Hz<\/td>\n<\/tr>\n<tr>\n<td>Consumo de energ\u00eda<\/td>\n<td>75 W<\/td>\n<\/tr>\n<tr>\n<td>Certificaci\u00f3n de seguridad<\/td>\n<td>UL;\u00a0 cUL<\/td>\n<\/tr>\n<tr>\n<td>Rango de velocidad<\/td>\n<td>60 rpm to 1400 rpm<\/td>\n<\/tr>\n<tr>\n<td>Ambiente de trabajo<\/td>\n<td>5\u00b0C \u2013 40\u00b0C, 20% to 80% RH, non-condensing<\/td>\n<\/tr>\n<\/tbody>\n<\/table>\n<\/div>\n","protected":false},"featured_media":3840,"comment_status":"open","ping_status":"closed","template":"","meta":[],"product_brand":[],"product_cat":[177,187,175],"product_tag":[],"class_list":{"0":"post-3839","1":"product","2":"type-product","3":"status-publish","4":"has-post-thumbnail","6":"product_cat-agitadores-ohaus","7":"product_cat-agitadores-orbitales-con-incubacion-y-refrigeracion-ohaus","8":"product_cat-equipos-de-laboratorio-ohaus","10":"first","11":"instock","12":"shipping-taxable","13":"product-type-simple"},"_links":{"self":[{"href":"https:\/\/balanzasybasculas.com.co\/index.php?rest_route=\/wp\/v2\/product\/3839","targetHints":{"allow":["GET"]}}],"collection":[{"href":"https:\/\/balanzasybasculas.com.co\/index.php?rest_route=\/wp\/v2\/product"}],"about":[{"href":"https:\/\/balanzasybasculas.com.co\/index.php?rest_route=\/wp\/v2\/types\/product"}],"replies":[{"embeddable":true,"href":"https:\/\/balanzasybasculas.com.co\/index.php?rest_route=%2Fwp%2Fv2%2Fcomments&post=3839"}],"wp:featuredmedia":[{"embeddable":true,"href":"https:\/\/balanzasybasculas.com.co\/index.php?rest_route=\/wp\/v2\/media\/3840"}],"wp:attachment":[{"href":"https:\/\/balanzasybasculas.com.co\/index.php?rest_route=%2Fwp%2Fv2%2Fmedia&parent=3839"}],"wp:term":[{"taxonomy":"product_brand","embeddable":true,"href":"https:\/\/balanzasybasculas.com.co\/index.php?rest_route=%2Fwp%2Fv2%2Fproduct_brand&post=3839"},{"taxonomy":"product_cat","embeddable":true,"href":"https:\/\/balanzasybasculas.com.co\/index.php?rest_route=%2Fwp%2Fv2%2Fproduct_cat&post=3839"},{"taxonomy":"product_tag","embeddable":true,"href":"https:\/\/balanzasybasculas.com.co\/index.php?rest_route=%2Fwp%2Fv2%2Fproduct_tag&post=3839"}],"curies":[{"name":"wp","href":"https:\/\/api.w.org\/{rel}","templated":true}]}}