{"id":3849,"date":"2021-01-23T09:50:36","date_gmt":"2021-01-23T14:50:36","guid":{"rendered":"https:\/\/balanzasybasculas.com.co\/?post_type=product&#038;p=3849"},"modified":"2021-01-23T10:13:30","modified_gmt":"2021-01-23T15:13:30","slug":"agitador-orbital-de-microplacas-de-alta-velocidad-shhsmpdg","status":"publish","type":"product","link":"https:\/\/balanzasybasculas.com.co\/?product=agitador-orbital-de-microplacas-de-alta-velocidad-shhsmpdg","title":{"rendered":"Agitador de Microplacas de Alta velocidad SHHSMPDG"},"content":{"rendered":"<div class=\"container family-intro-section-top\">\n<div class=\"col-md-6\">\n<div class=\"family-description\">El agitador de microplacas de alta velocidad proporciona agitaci\u00f3n variable de alta velocidad de 600 a 2500 rpm para microplacas, placas de pocillos profundos y tubos de di\u00e1metro peque\u00f1o de hasta 12.7 cm de altura.<\/div>\n<\/div>\n<\/div>\n","protected":false},"excerpt":{"rendered":"<div class=\"col-sm-16\">\n<div class=\"model-section-header\"><strong>ESPECIFICACIONES<\/strong><\/div>\n<\/div>\n<div class=\"col-sm-16\">\n<table class=\"spec-table\">\n<tbody>\n<tr>\n<td>Movimiento<\/td>\n<td>Orbital, 3.6\u00a0\u00a0 mm<\/td>\n<\/tr>\n<tr>\n<td>Alcance m\u00e1ximo<\/td>\n<td>48 microplacas<\/td>\n<\/tr>\n<tr>\n<td>Intervalo de velocida<\/td>\n<td>600 rpm \u2013 2.500 rpm<\/td>\n<\/tr>\n<tr>\n<td>Tama\u00f1o de la bandeja (LxA)<\/td>\n<td>311 mm x 279 mm<\/td>\n<\/tr>\n<tr>\n<td>Control<\/td>\n<td>Digital<\/td>\n<\/tr>\n<tr>\n<td>Comunicaci\u00f3n<\/td>\n<td>RS232<\/td>\n<\/tr>\n<tr>\n<td>Dimensiones<\/td>\n<td>325 mm x 394 mm x 305 mm (AxLxA)<\/td>\n<\/tr>\n<tr>\n<td>Peso neto<\/td>\n<td>21,8 kg<\/td>\n<\/tr>\n<tr>\n<td>Electricidad<\/td>\n<td>120V, 1A, 50\/60Hz<\/td>\n<\/tr>\n<tr>\n<td>Consumo de energ\u00eda<\/td>\n<td>120 W<\/td>\n<\/tr>\n<tr>\n<td>Certificaci\u00f3n de seguridad<\/td>\n<td>cULus<\/td>\n<\/tr>\n<tr>\n<td>Rango de velocidad<\/td>\n<td>600 rpm &#8211; 2500 rpm<\/td>\n<\/tr>\n<tr>\n<td>Temporizador<\/td>\n<td>1 segundo \u2013 160 horas<\/td>\n<\/tr>\n<tr>\n<td>Estructura de la bandeja<\/td>\n<td>Aluminio<\/td>\n<\/tr>\n<tr>\n<td>Ambiente de trabajo<\/td>\n<td>4 &#8211; 40\u00b0C, 20% to 80% RH, non-condensing<\/td>\n<\/tr>\n<\/tbody>\n<\/table>\n<\/div>\n","protected":false},"featured_media":3850,"comment_status":"open","ping_status":"closed","template":"","meta":[],"product_brand":[],"product_cat":[177,187,175],"product_tag":[],"class_list":{"0":"post-3849","1":"product","2":"type-product","3":"status-publish","4":"has-post-thumbnail","6":"product_cat-agitadores-ohaus","7":"product_cat-agitadores-orbitales-con-incubacion-y-refrigeracion-ohaus","8":"product_cat-equipos-de-laboratorio-ohaus","10":"first","11":"instock","12":"shipping-taxable","13":"product-type-simple"},"_links":{"self":[{"href":"https:\/\/balanzasybasculas.com.co\/index.php?rest_route=\/wp\/v2\/product\/3849","targetHints":{"allow":["GET"]}}],"collection":[{"href":"https:\/\/balanzasybasculas.com.co\/index.php?rest_route=\/wp\/v2\/product"}],"about":[{"href":"https:\/\/balanzasybasculas.com.co\/index.php?rest_route=\/wp\/v2\/types\/product"}],"replies":[{"embeddable":true,"href":"https:\/\/balanzasybasculas.com.co\/index.php?rest_route=%2Fwp%2Fv2%2Fcomments&post=3849"}],"wp:featuredmedia":[{"embeddable":true,"href":"https:\/\/balanzasybasculas.com.co\/index.php?rest_route=\/wp\/v2\/media\/3850"}],"wp:attachment":[{"href":"https:\/\/balanzasybasculas.com.co\/index.php?rest_route=%2Fwp%2Fv2%2Fmedia&parent=3849"}],"wp:term":[{"taxonomy":"product_brand","embeddable":true,"href":"https:\/\/balanzasybasculas.com.co\/index.php?rest_route=%2Fwp%2Fv2%2Fproduct_brand&post=3849"},{"taxonomy":"product_cat","embeddable":true,"href":"https:\/\/balanzasybasculas.com.co\/index.php?rest_route=%2Fwp%2Fv2%2Fproduct_cat&post=3849"},{"taxonomy":"product_tag","embeddable":true,"href":"https:\/\/balanzasybasculas.com.co\/index.php?rest_route=%2Fwp%2Fv2%2Fproduct_tag&post=3849"}],"curies":[{"name":"wp","href":"https:\/\/api.w.org\/{rel}","templated":true}]}}