{"id":4903,"date":"2021-09-27T09:44:18","date_gmt":"2021-09-27T14:44:18","guid":{"rendered":"https:\/\/balanzasybasculas.com.co\/?post_type=product&#038;p=4903"},"modified":"2021-09-27T09:49:23","modified_gmt":"2021-09-27T14:49:23","slug":"medidor-de-sobremesa-de-conductividad-tds-salinidad-aquasearcher-ab33ec-b","status":"publish","type":"product","link":"https:\/\/balanzasybasculas.com.co\/?product=medidor-de-sobremesa-de-conductividad-tds-salinidad-aquasearcher-ab33ec-b","title":{"rendered":"Medidor de sobremesa de conductividad &#8211; TDS &#8211; salinidad  AQUASEARCHER AB33EC-F"},"content":{"rendered":"<p>\u00abEl siguiente paso en la evoluci\u00f3n de la Serie Starter original de OHAUS, el nuevo medidor de banco AQUASEARCHER AB33EC est\u00e1 dise\u00f1ado teniendo en cuenta la medici\u00f3n confiable y la interfaz de usuario. El i-Steward garantiza una precisi\u00f3n de medici\u00f3n repetible y constante para una tranquilidad \u00f3ptima. La pantalla LCD de 6.5 pulgadas y el teclado t\u00e1ctil hacen que cambiar los par\u00e1metros, ejecutar la configuraci\u00f3n y realizar la calibraci\u00f3n sea tan simple como usar un tel\u00e9fono inteligente \u00ab.<\/p>\n","protected":false},"excerpt":{"rendered":"<div class=\"col-sm-16\">\n<div class=\"model-section-header\"><strong>ESPECIFICACIONES<\/strong><\/div>\n<\/div>\n<div class=\"col-sm-16\">\n<div id=\"model-specifications\" class=\"model-specifications grey-section\">\n<div class=\"container\">\n<div class=\"col-sm-16\">\n<div id=\"model-specifications\" class=\"model-specifications grey-section\">\n<div class=\"container\">\n<div class=\"col-sm-16\">\n<table class=\"spec-table\">\n<tbody>\n<tr>\n<td>Pantalla<\/td>\n<td>LCD con luz de fondo y matriz de puntos de una l\u00ednea<\/td>\n<\/tr>\n<tr>\n<td>Entorno de trabajo<\/td>\n<td>5\u00a0\u00a0 \u00b0C \u2013 40\u00a0\u00a0 \u00b0C, 80\u00a0\u00a0 % de HR, sin condensaci\u00f3n<\/td>\n<\/tr>\n<tr>\n<td>Peso neto<\/td>\n<td>0,5 kg<\/td>\n<\/tr>\n<tr>\n<td>Dimensiones<\/td>\n<td>210 mm x 51 mm x 142 mm (LxAxA)<\/td>\n<\/tr>\n<tr>\n<td>Alimentaci\u00f3n<\/td>\n<td>Adaptador de CA (incluido)<\/td>\n<\/tr>\n<\/tbody>\n<\/table>\n<\/div>\n<\/div>\n<\/div>\n<div id=\"model-accessories\" class=\"models-accessories defaut-section\">\n<div class=\"container\">\n<div class=\"col-sm-16\">\n<div class=\"accessory-filterable-items\">\n<div class=\"accessory-filterable-item\" data-parent=\"305398\" data-type=\"OHAUS.Accessory\" data-categories=\";109;\">\n<div class=\"image-container\"><\/div>\n<\/div>\n<\/div>\n<\/div>\n<\/div>\n<\/div>\n<\/div>\n<\/div>\n<\/div>\n<\/div>\n","protected":false},"featured_media":4905,"comment_status":"open","ping_status":"closed","template":"","meta":[],"product_brand":[],"product_cat":[163,164,168],"product_tag":[],"class_list":{"0":"post-4903","1":"product","2":"type-product","3":"status-publish","4":"has-post-thumbnail","6":"product_cat-electroquimica-ohaus","7":"product_cat-medidores-tipo-mesa-ohaus","8":"product_cat-ph-ohaus","10":"first","11":"instock","12":"shipping-taxable","13":"product-type-simple"},"_links":{"self":[{"href":"https:\/\/balanzasybasculas.com.co\/index.php?rest_route=\/wp\/v2\/product\/4903","targetHints":{"allow":["GET"]}}],"collection":[{"href":"https:\/\/balanzasybasculas.com.co\/index.php?rest_route=\/wp\/v2\/product"}],"about":[{"href":"https:\/\/balanzasybasculas.com.co\/index.php?rest_route=\/wp\/v2\/types\/product"}],"replies":[{"embeddable":true,"href":"https:\/\/balanzasybasculas.com.co\/index.php?rest_route=%2Fwp%2Fv2%2Fcomments&post=4903"}],"wp:featuredmedia":[{"embeddable":true,"href":"https:\/\/balanzasybasculas.com.co\/index.php?rest_route=\/wp\/v2\/media\/4905"}],"wp:attachment":[{"href":"https:\/\/balanzasybasculas.com.co\/index.php?rest_route=%2Fwp%2Fv2%2Fmedia&parent=4903"}],"wp:term":[{"taxonomy":"product_brand","embeddable":true,"href":"https:\/\/balanzasybasculas.com.co\/index.php?rest_route=%2Fwp%2Fv2%2Fproduct_brand&post=4903"},{"taxonomy":"product_cat","embeddable":true,"href":"https:\/\/balanzasybasculas.com.co\/index.php?rest_route=%2Fwp%2Fv2%2Fproduct_cat&post=4903"},{"taxonomy":"product_tag","embeddable":true,"href":"https:\/\/balanzasybasculas.com.co\/index.php?rest_route=%2Fwp%2Fv2%2Fproduct_tag&post=4903"}],"curies":[{"name":"wp","href":"https:\/\/api.w.org\/{rel}","templated":true}]}}