{"id":4911,"date":"2021-09-27T09:59:14","date_gmt":"2021-09-27T14:59:14","guid":{"rendered":"https:\/\/balanzasybasculas.com.co\/?post_type=product&#038;p=4911"},"modified":"2023-10-06T14:38:31","modified_gmt":"2023-10-06T19:38:31","slug":"indicador-de-peso-ohaus-i-dt61pw","status":"publish","type":"product","link":"https:\/\/balanzasybasculas.com.co\/?product=indicador-de-peso-ohaus-i-dt61pw","title":{"rendered":"Indicador De Peso Ohaus I-DT61PW"},"content":{"rendered":"<p>El indicador de lavado extremo de la serie Defender 6000 est\u00e1 dise\u00f1ado espec\u00edficamente para aplicaciones alimentarias, qu\u00edmicas y farmac\u00e9uticas, incluyendo la producci\u00f3n, el procesamiento y el envasado. El Defender 6000 se encarga de las aplicaciones m\u00e1s exigentes con una carcasa de policarbonato de grado alimentario equipada con una barra de luz de comprobaci\u00f3n de 3 colores, una duraci\u00f3n de la bater\u00eda larga y EasyConnect\u2122.<\/p>\n","protected":false},"excerpt":{"rendered":"<div class=\"col-sm-16\">\n<div class=\"model-section-header\"><strong>ESPECIFICACIONES<\/strong><\/div>\n<\/div>\n<div class=\"col-sm-16\">\n<div id=\"model-specifications\" class=\"model-specifications grey-section\">\n<div class=\"container\">\n<div class=\"col-sm-16\">\n<table class=\"spec-table\">\n<tbody>\n<tr>\n<td>Resoluci\u00f3n<\/td>\n<td>75.000<\/td>\n<\/tr>\n<tr>\n<td>Duraci\u00f3n de la bater\u00eda<\/td>\n<td>1600 horas con bater\u00edas desechables<\/td>\n<\/tr>\n<tr>\n<td>Salidas<\/td>\n<td>No aplica<\/td>\n<\/tr>\n<tr>\n<td>Puerto para segunda b\u00e1scula<\/td>\n<td>No aplica<\/td>\n<\/tr>\n<tr>\n<td>Calificaci\u00f3n de protecci\u00f3n<\/td>\n<td>IP69k;\u00a0 IP68<\/td>\n<\/tr>\n<tr>\n<td>Comunicaci\u00f3n<\/td>\n<td>Kit de comunicaci\u00f3n por radio infrarroja (disponible como accesorio);<\/td>\n<\/tr>\n<tr>\n<td>Dimensiones<\/td>\n<td>265 mm x 225 mm x 85 mm (LxAxA)<\/td>\n<\/tr>\n<tr>\n<td>Pantalla<\/td>\n<td>LCD de 7 segmentos con retroiluminaci\u00f3n blanca, altura de 45 mm + LED para el chequeo de peso de 3 colores<\/td>\n<\/tr>\n<tr>\n<td>Legal para comercio<\/td>\n<td>Certificado NTEP;\u00a0 Aprobado por Measurement Canada<\/td>\n<\/tr>\n<tr>\n<td>Peso neto<\/td>\n<td>2,7 kg<\/td>\n<\/tr>\n<tr>\n<td>Alimentaci\u00f3n<\/td>\n<td>6 pilas D (LR20) (incluidas)<\/td>\n<\/tr>\n<tr>\n<td>Rango de tara<\/td>\n<td>Alcance total por sustracci\u00f3n<\/td>\n<\/tr>\n<tr>\n<td>Unidades de medida<\/td>\n<td>Toneladas m\u00e9tricas;\u00a0 Gramo;\u00a0 Kilogramo;\u00a0 Libra;\u00a0 Onza;\u00a0 Libra: onza<\/td>\n<\/tr>\n<tr>\n<td>Entorno de trabajo<\/td>\n<td>-10 \u00b0C \u2013 40 \u00b0C, 80 % de HR, sin condensaci\u00f3n<\/td>\n<\/tr>\n<\/tbody>\n<\/table>\n<\/div>\n<\/div>\n<\/div>\n<\/div>\n","protected":false},"featured_media":4912,"comment_status":"open","ping_status":"closed","template":"","meta":[],"product_brand":[],"product_cat":[151,256],"product_tag":[],"class_list":{"0":"post-4911","1":"product","2":"type-product","3":"status-publish","4":"has-post-thumbnail","6":"product_cat-indicadores-ohaus","7":"product_cat-indicadores-serie-6000-ohaus","9":"first","10":"instock","11":"shipping-taxable","12":"product-type-simple"},"_links":{"self":[{"href":"https:\/\/balanzasybasculas.com.co\/index.php?rest_route=\/wp\/v2\/product\/4911","targetHints":{"allow":["GET"]}}],"collection":[{"href":"https:\/\/balanzasybasculas.com.co\/index.php?rest_route=\/wp\/v2\/product"}],"about":[{"href":"https:\/\/balanzasybasculas.com.co\/index.php?rest_route=\/wp\/v2\/types\/product"}],"replies":[{"embeddable":true,"href":"https:\/\/balanzasybasculas.com.co\/index.php?rest_route=%2Fwp%2Fv2%2Fcomments&post=4911"}],"wp:featuredmedia":[{"embeddable":true,"href":"https:\/\/balanzasybasculas.com.co\/index.php?rest_route=\/wp\/v2\/media\/4912"}],"wp:attachment":[{"href":"https:\/\/balanzasybasculas.com.co\/index.php?rest_route=%2Fwp%2Fv2%2Fmedia&parent=4911"}],"wp:term":[{"taxonomy":"product_brand","embeddable":true,"href":"https:\/\/balanzasybasculas.com.co\/index.php?rest_route=%2Fwp%2Fv2%2Fproduct_brand&post=4911"},{"taxonomy":"product_cat","embeddable":true,"href":"https:\/\/balanzasybasculas.com.co\/index.php?rest_route=%2Fwp%2Fv2%2Fproduct_cat&post=4911"},{"taxonomy":"product_tag","embeddable":true,"href":"https:\/\/balanzasybasculas.com.co\/index.php?rest_route=%2Fwp%2Fv2%2Fproduct_tag&post=4911"}],"curies":[{"name":"wp","href":"https:\/\/api.w.org\/{rel}","templated":true}]}}