{"id":4936,"date":"2021-09-27T11:32:39","date_gmt":"2021-09-27T16:32:39","guid":{"rendered":"https:\/\/balanzasybasculas.com.co\/?post_type=product&#038;p=4936"},"modified":"2021-09-27T11:36:24","modified_gmt":"2021-09-27T16:36:24","slug":"basculas-ohaus-defender-6000-d61xwe50k1l7","status":"publish","type":"product","link":"https:\/\/balanzasybasculas.com.co\/?product=basculas-ohaus-defender-6000-d61xwe50k1l7","title":{"rendered":"Basculas Ohaus Defender 6000 D61XWE50K1L7"},"content":{"rendered":"<p>La b\u00e1scula de mesa de lavado extremo de la serie Defender 6000 est\u00e1 dise\u00f1ada espec\u00edficamente para aplicaciones alimentarias, qu\u00edmicas y farmac\u00e9uticas, incluida la producci\u00f3n y el envasado. La Defender 6000 maneja las aplicaciones m\u00e1s exigentes con una plataforma y marco de acero inoxidable 316 y una celda de carga IP69K de acero inoxidable sellada herm\u00e9ticamente. La Defender 6000 cumple con las aprobaciones metrol\u00f3gicas, tiene certificaci\u00f3n NSF y es compatible con sistemas HACCP.<\/p>\n","protected":false},"excerpt":{"rendered":"<div class=\"col-sm-16\">\n<div class=\"model-section-header\"><strong>ESPECIFICACIONES<\/strong><\/div>\n<\/div>\n<div class=\"col-sm-16\">\n<div id=\"model-specifications\" class=\"model-specifications grey-section\">\n<div class=\"container\">\n<div class=\"col-sm-16\">\n<div id=\"model-specifications\" class=\"model-specifications grey-section\">\n<div class=\"container\">\n<div class=\"col-sm-16\">\n<div id=\"model-specifications\" class=\"model-specifications grey-section\">\n<div class=\"container\">\n<div class=\"col-sm-16\">\n<div id=\"model-specifications\" class=\"model-specifications grey-section\">\n<div class=\"container\">\n<div class=\"col-sm-16\">\n<table class=\"spec-table\">\n<tbody>\n<tr>\n<td>Capacidad m\u00e1xima<\/td>\n<td>50 kg<\/td>\n<\/tr>\n<tr>\n<td>Legibilidad<\/td>\n<td>5 g<\/td>\n<\/tr>\n<tr>\n<td>Legibilidad (certificada)<\/td>\n<td>10 g<\/td>\n<\/tr>\n<tr>\n<td>Tama\u00f1o de plataforma<\/td>\n<td>500 mm x 400 mm<\/td>\n<\/tr>\n<tr>\n<td>Legal para comercio<\/td>\n<td>Certificado NTEP;\u00a0 Aprobado por Measurement Canada<\/td>\n<\/tr>\n<tr>\n<td>Alimentaci\u00f3n<\/td>\n<td>Bater\u00eda recargable (no incluida);\u00a0 Corriente AC (incluida)<\/td>\n<\/tr>\n<tr>\n<td>Dimensiones<\/td>\n<td>660 mm x 926 mm x 400 mm (LxAxA)<\/td>\n<\/tr>\n<tr>\n<td>Rango de tara<\/td>\n<td>Alcance total por sustracci\u00f3n<\/td>\n<\/tr>\n<tr>\n<td>Entorno de trabajo<\/td>\n<td>-10 \u00b0C \u2013 40 \u00b0C, 80 % de HR, sin condensaci\u00f3n<\/td>\n<\/tr>\n<tr>\n<td>Construcci\u00f3n de la plataforma<\/td>\n<td>Acero inoxidable<\/td>\n<\/tr>\n<tr>\n<td>Peso neto<\/td>\n<td>22 kg<\/td>\n<\/tr>\n<tr>\n<td>Puerto para segunda b\u00e1scula<\/td>\n<td>No aplica<\/td>\n<\/tr>\n<tr>\n<td>Calificaci\u00f3n de protecci\u00f3n<\/td>\n<td>IP69k;\u00a0 IP68<\/td>\n<\/tr>\n<tr>\n<td>Comunicaci\u00f3n<\/td>\n<td>Ethernet (disponible como accesorio);\u00a0 Segunda RS232\/RS485\/USB (Disponible como un accesorio);\u00a0 RS232;\u00a0 USB Host;\u00a0 WiFi\/Bluetooth (Disponible como accesorio)<\/td>\n<\/tr>\n<tr>\n<td>Unidades de medida<\/td>\n<td>Gramo;\u00a0 Kilogramo;\u00a0 Libra;\u00a0 Onza;\u00a0 Libra: onza<\/td>\n<\/tr>\n<tr>\n<td>Pantalla<\/td>\n<td>LED blanco de 7 segmentos, 20 mm de altura + matriz de puntos LED con control de peso de 3 colores<\/td>\n<\/tr>\n<tr>\n<td>Duraci\u00f3n de la bater\u00eda<\/td>\n<td>No aplica<\/td>\n<\/tr>\n<tr>\n<td>Salidas<\/td>\n<td>4-20 mA;\u00a0 0 \u2013 10 V;\u00a0 2 entradas\/4 salidas digitales E\/S<\/td>\n<\/tr>\n<\/tbody>\n<\/table>\n<\/div>\n<\/div>\n<\/div>\n<\/div>\n<\/div>\n<\/div>\n<\/div>\n<\/div>\n<\/div>\n<\/div>\n<\/div>\n<\/div>\n<\/div>\n","protected":false},"featured_media":4937,"comment_status":"open","ping_status":"closed","template":"","meta":[],"product_brand":[],"product_cat":[131,129,128,122,118],"product_tag":[],"class_list":{"0":"post-4936","1":"product","2":"type-product","3":"status-publish","4":"has-post-thumbnail","6":"product_cat-bascula-defender-5000-ohaus","7":"product_cat-basculas-defender-ohaus","8":"product_cat-basculas-industriales-ohaus","9":"product_cat-basculas-lavables-ohaus","10":"product_cat-basculas-ohaus","12":"first","13":"instock","14":"shipping-taxable","15":"product-type-simple"},"_links":{"self":[{"href":"https:\/\/balanzasybasculas.com.co\/index.php?rest_route=\/wp\/v2\/product\/4936","targetHints":{"allow":["GET"]}}],"collection":[{"href":"https:\/\/balanzasybasculas.com.co\/index.php?rest_route=\/wp\/v2\/product"}],"about":[{"href":"https:\/\/balanzasybasculas.com.co\/index.php?rest_route=\/wp\/v2\/types\/product"}],"replies":[{"embeddable":true,"href":"https:\/\/balanzasybasculas.com.co\/index.php?rest_route=%2Fwp%2Fv2%2Fcomments&post=4936"}],"wp:featuredmedia":[{"embeddable":true,"href":"https:\/\/balanzasybasculas.com.co\/index.php?rest_route=\/wp\/v2\/media\/4937"}],"wp:attachment":[{"href":"https:\/\/balanzasybasculas.com.co\/index.php?rest_route=%2Fwp%2Fv2%2Fmedia&parent=4936"}],"wp:term":[{"taxonomy":"product_brand","embeddable":true,"href":"https:\/\/balanzasybasculas.com.co\/index.php?rest_route=%2Fwp%2Fv2%2Fproduct_brand&post=4936"},{"taxonomy":"product_cat","embeddable":true,"href":"https:\/\/balanzasybasculas.com.co\/index.php?rest_route=%2Fwp%2Fv2%2Fproduct_cat&post=4936"},{"taxonomy":"product_tag","embeddable":true,"href":"https:\/\/balanzasybasculas.com.co\/index.php?rest_route=%2Fwp%2Fv2%2Fproduct_tag&post=4936"}],"curies":[{"name":"wp","href":"https:\/\/api.w.org\/{rel}","templated":true}]}}