{"id":5809,"date":"2022-09-19T16:42:13","date_gmt":"2022-09-19T21:42:13","guid":{"rendered":"https:\/\/balanzasybasculas.com.co\/?post_type=product&#038;p=5809"},"modified":"2022-09-19T16:44:28","modified_gmt":"2022-09-19T21:44:28","slug":"basculas-ohaus-defender-3000-i-d33-d33xw30c1r6","status":"publish","type":"product","link":"https:\/\/balanzasybasculas.com.co\/?product=basculas-ohaus-defender-3000-i-d33-d33xw30c1r6","title":{"rendered":"Basculas Ohaus Defender 3000 &#8211; I-D33- D33XW30C1R6"},"content":{"rendered":"<div class=\"col-sm-6\">\n<div class=\"model-section-desc\">Las b\u00e1sculas de mesa lavables Defender 3000 son ideales para pesajes generales, recuentos sencillos y aplicaciones de control de peso en entornos h\u00famedos, o cuando es necesario lavarlas. La serie Defender 3000 cuenta con un dise\u00f1o de acero inoxidable simple pero robusto e indicador de acero inoxidable IP66 con teclas t\u00e1ctiles, pantalla LCD retroiluminada multicolor, funcionamiento con bater\u00eda recargable est\u00e1ndar o de CA y capacidades de montaje flexibles.<\/div>\n<\/div>\n","protected":false},"excerpt":{"rendered":"<div class=\"col-sm-16\">\n<div class=\"model-section-header\"><strong>ESPECIFICACIONES<\/strong><\/div>\n<div>\n<div id=\"model-specifications\" class=\"model-specifications grey-section\">\n<div class=\"container\">\n<div class=\"col-sm-16\">\n<table class=\"spec-table\">\n<tbody>\n<tr>\n<td>Capacidad m\u00e1xima<\/td>\n<td>30 kg<\/td>\n<\/tr>\n<tr>\n<td>Lectura m\u00ednima<\/td>\n<td>5 g<\/td>\n<\/tr>\n<tr>\n<td>Lectura m\u00ednima (certificada)<\/td>\n<td>10 g<\/td>\n<\/tr>\n<tr>\n<td>Tama\u00f1o de plataforma (LxA)<\/td>\n<td>355 mm x 305 mm<\/td>\n<\/tr>\n<tr>\n<td>Autorizada para comercio<\/td>\n<td>Certificado NTEP;\u00a0 Aprobado por Measurement Canada<\/td>\n<\/tr>\n<tr>\n<td>Alimentaci\u00f3n<\/td>\n<td>Corriente AC (incluida);\u00a0 Bater\u00eda recargable (incluida)<\/td>\n<\/tr>\n<tr>\n<td>Dimensiones<\/td>\n<td>491 mm x 569 mm x 305 mm (LxAxA)<\/td>\n<\/tr>\n<tr>\n<td>Rango de tara<\/td>\n<td>Capacidad total por sustracci\u00f3n<\/td>\n<\/tr>\n<tr>\n<td>Entorno de trabajo<\/td>\n<td>-10\u00b0C \u2013 40\u00b0C, 85% de HR, sin condensaci\u00f3n<\/td>\n<\/tr>\n<tr>\n<td>Construcci\u00f3n de la plataforma<\/td>\n<td>Acero inoxidable<\/td>\n<\/tr>\n<tr>\n<td>Peso neto<\/td>\n<td>12,4 kg<\/td>\n<\/tr>\n<tr>\n<td>Entrada de segunda b\u00e1scula<\/td>\n<td>No aplica<\/td>\n<\/tr>\n<tr>\n<td>Clasificaci\u00f3n de protecci\u00f3n<\/td>\n<td>IP66<\/td>\n<\/tr>\n<tr>\n<td>Comunicaci\u00f3n<\/td>\n<td>Ethernet (disponible como accesorio);\u00a0 RS232 (incluido);\u00a0 USB (disponible como accesorio)<\/td>\n<\/tr>\n<tr>\n<td>Unidades de medida<\/td>\n<td>Kilogramo;\u00a0 Gramo;\u00a0 Libra;\u00a0 Onza;\u00a0 Libra: onza<\/td>\n<\/tr>\n<tr>\n<td>Pantalla<\/td>\n<td>LCD de 7 segmentos con luz de fondo multicolor<\/td>\n<\/tr>\n<tr>\n<td>Duraci\u00f3n de la bater\u00eda<\/td>\n<td>100 horas con bater\u00eda recargable<\/td>\n<\/tr>\n<tr>\n<td>Salidas<\/td>\n<td>No aplica<\/td>\n<\/tr>\n<\/tbody>\n<\/table>\n<\/div>\n<\/div>\n<\/div>\n<div id=\"model-accessories\" class=\"models-accessories defaut-section\">\n<div class=\"container\">\n<div class=\"col-sm-16\">\n<div class=\"model-section-header\"><\/div>\n<\/div>\n<\/div>\n<\/div>\n<\/div>\n<\/div>\n","protected":false},"featured_media":5810,"comment_status":"open","ping_status":"closed","template":"","meta":[],"product_brand":[],"product_cat":[252,255,129,128,122,118],"product_tag":[],"class_list":{"0":"post-5809","1":"product","2":"type-product","3":"status-publish","4":"has-post-thumbnail","6":"product_cat-bascula-defender-3000-i-dt33xw-ohaus","7":"product_cat-bascula-defender-3000-ohaus","8":"product_cat-basculas-defender-ohaus","9":"product_cat-basculas-industriales-ohaus","10":"product_cat-basculas-lavables-ohaus","11":"product_cat-basculas-ohaus","13":"first","14":"instock","15":"shipping-taxable","16":"product-type-simple"},"_links":{"self":[{"href":"https:\/\/balanzasybasculas.com.co\/index.php?rest_route=\/wp\/v2\/product\/5809","targetHints":{"allow":["GET"]}}],"collection":[{"href":"https:\/\/balanzasybasculas.com.co\/index.php?rest_route=\/wp\/v2\/product"}],"about":[{"href":"https:\/\/balanzasybasculas.com.co\/index.php?rest_route=\/wp\/v2\/types\/product"}],"replies":[{"embeddable":true,"href":"https:\/\/balanzasybasculas.com.co\/index.php?rest_route=%2Fwp%2Fv2%2Fcomments&post=5809"}],"wp:featuredmedia":[{"embeddable":true,"href":"https:\/\/balanzasybasculas.com.co\/index.php?rest_route=\/wp\/v2\/media\/5810"}],"wp:attachment":[{"href":"https:\/\/balanzasybasculas.com.co\/index.php?rest_route=%2Fwp%2Fv2%2Fmedia&parent=5809"}],"wp:term":[{"taxonomy":"product_brand","embeddable":true,"href":"https:\/\/balanzasybasculas.com.co\/index.php?rest_route=%2Fwp%2Fv2%2Fproduct_brand&post=5809"},{"taxonomy":"product_cat","embeddable":true,"href":"https:\/\/balanzasybasculas.com.co\/index.php?rest_route=%2Fwp%2Fv2%2Fproduct_cat&post=5809"},{"taxonomy":"product_tag","embeddable":true,"href":"https:\/\/balanzasybasculas.com.co\/index.php?rest_route=%2Fwp%2Fv2%2Fproduct_tag&post=5809"}],"curies":[{"name":"wp","href":"https:\/\/api.w.org\/{rel}","templated":true}]}}