{"id":5860,"date":"2022-09-20T15:59:26","date_gmt":"2022-09-20T20:59:26","guid":{"rendered":"https:\/\/balanzasybasculas.com.co\/?post_type=product&#038;p=5860"},"modified":"2022-09-20T16:13:47","modified_gmt":"2022-09-20T21:13:47","slug":"basculas-ohaus-defender-3000-i-d33-d33xw600b1v3","status":"publish","type":"product","link":"https:\/\/balanzasybasculas.com.co\/?product=basculas-ohaus-defender-3000-i-d33-d33xw600b1v3","title":{"rendered":"Basculas Ohaus Defender 3000 &#8211; I-D33- D33XW600B1V3"},"content":{"rendered":"<div class=\"col-sm-6\">\n<div class=\"model-section-desc\">Las b\u00e1sculas de mesa Defender 3000 Hybrid son ideales para aplicaciones generales de pesaje, recuento simple y control de peso en las \u00e1reas de producci\u00f3n, embalaje, almacenamiento, inventario, env\u00edo y recepci\u00f3n. La serie Defender 3000 cuenta con un dise\u00f1o simple pero resistente y un indicador de acero inoxidable con teclas t\u00e1ctiles, pantalla LCD retroiluminada multicolor y bater\u00eda recargable incorporada.<\/div>\n<\/div>\n","protected":false},"excerpt":{"rendered":"<div class=\"col-sm-16\">\n<div class=\"model-section-header\">\n<p><strong><strong>ESPECIFICACIONES<\/strong><\/strong><\/p>\n<div class=\"col-sm-16\">\n<div class=\"col-sm-16\">\n<table class=\"spec-table\">\n<tbody>\n<tr>\n<td>Capacidad m\u00e1xima<\/td>\n<td>600 kg<\/td>\n<\/tr>\n<tr>\n<td>Lectura m\u00ednima<\/td>\n<td>100 g<\/td>\n<\/tr>\n<tr>\n<td>Lectura m\u00ednima (certificada)<\/td>\n<td>200 g<\/td>\n<\/tr>\n<tr>\n<td>Tama\u00f1o de plataforma (LxA)<\/td>\n<td>800 mm x 600 mm<\/td>\n<\/tr>\n<tr>\n<td>Autorizada para comercio<\/td>\n<td>Certificado NTEP;\u00a0 Aprobado por Measurement Canada<\/td>\n<\/tr>\n<tr>\n<td>Alimentaci\u00f3n<\/td>\n<td>Corriente AC (incluida);\u00a0 Bater\u00eda recargable (incluida)<\/td>\n<\/tr>\n<tr>\n<td>Dimensiones<\/td>\n<td>935 mm x 1.222 mm x 600 mm (LxAxA)<\/td>\n<\/tr>\n<tr>\n<td>Rango de tara<\/td>\n<td>Capacidad total por sustracci\u00f3n<\/td>\n<\/tr>\n<tr>\n<td>Entorno de trabajo<\/td>\n<td>-10\u00b0C \u2013 40\u00b0C, 85% de HR, sin condensaci\u00f3n<\/td>\n<\/tr>\n<tr>\n<td>Construcci\u00f3n de la plataforma<\/td>\n<td>Acero inoxidable<\/td>\n<\/tr>\n<tr>\n<td>Peso neto<\/td>\n<td>46,7 kg<\/td>\n<\/tr>\n<tr>\n<td>Entrada de segunda b\u00e1scula<\/td>\n<td>No aplica<\/td>\n<\/tr>\n<tr>\n<td>Clasificaci\u00f3n de protecci\u00f3n<\/td>\n<td>No aplica<\/td>\n<\/tr>\n<tr>\n<td>Comunicaci\u00f3n<\/td>\n<td>Ethernet (disponible como accesorio);\u00a0 RS232 (incluido);\u00a0 USB (disponible como accesorio)<\/td>\n<\/tr>\n<tr>\n<td>Unidades de medida<\/td>\n<td>Kilogramo;\u00a0 Gramo;\u00a0 Libra;\u00a0 Onza;\u00a0 Libra: onza<\/td>\n<\/tr>\n<tr>\n<td>Pantalla<\/td>\n<td>LCD de 7 segmentos con luz de fondo multicolor<\/td>\n<\/tr>\n<tr>\n<td>Duraci\u00f3n de la bater\u00eda<\/td>\n<td>100 horas con bater\u00eda recargable<\/td>\n<\/tr>\n<tr>\n<td>Salidas<\/td>\n<td>No aplica<\/td>\n<\/tr>\n<\/tbody>\n<\/table>\n<\/div>\n<\/div>\n<\/div>\n<\/div>\n","protected":false},"featured_media":5861,"comment_status":"open","ping_status":"closed","template":"","meta":[],"product_brand":[],"product_cat":[252,255,129,128,122,118],"product_tag":[],"class_list":{"0":"post-5860","1":"product","2":"type-product","3":"status-publish","4":"has-post-thumbnail","6":"product_cat-bascula-defender-3000-i-dt33xw-ohaus","7":"product_cat-bascula-defender-3000-ohaus","8":"product_cat-basculas-defender-ohaus","9":"product_cat-basculas-industriales-ohaus","10":"product_cat-basculas-lavables-ohaus","11":"product_cat-basculas-ohaus","13":"first","14":"instock","15":"shipping-taxable","16":"product-type-simple"},"_links":{"self":[{"href":"https:\/\/balanzasybasculas.com.co\/index.php?rest_route=\/wp\/v2\/product\/5860","targetHints":{"allow":["GET"]}}],"collection":[{"href":"https:\/\/balanzasybasculas.com.co\/index.php?rest_route=\/wp\/v2\/product"}],"about":[{"href":"https:\/\/balanzasybasculas.com.co\/index.php?rest_route=\/wp\/v2\/types\/product"}],"replies":[{"embeddable":true,"href":"https:\/\/balanzasybasculas.com.co\/index.php?rest_route=%2Fwp%2Fv2%2Fcomments&post=5860"}],"wp:featuredmedia":[{"embeddable":true,"href":"https:\/\/balanzasybasculas.com.co\/index.php?rest_route=\/wp\/v2\/media\/5861"}],"wp:attachment":[{"href":"https:\/\/balanzasybasculas.com.co\/index.php?rest_route=%2Fwp%2Fv2%2Fmedia&parent=5860"}],"wp:term":[{"taxonomy":"product_brand","embeddable":true,"href":"https:\/\/balanzasybasculas.com.co\/index.php?rest_route=%2Fwp%2Fv2%2Fproduct_brand&post=5860"},{"taxonomy":"product_cat","embeddable":true,"href":"https:\/\/balanzasybasculas.com.co\/index.php?rest_route=%2Fwp%2Fv2%2Fproduct_cat&post=5860"},{"taxonomy":"product_tag","embeddable":true,"href":"https:\/\/balanzasybasculas.com.co\/index.php?rest_route=%2Fwp%2Fv2%2Fproduct_tag&post=5860"}],"curies":[{"name":"wp","href":"https:\/\/api.w.org\/{rel}","templated":true}]}}