{"id":5944,"date":"2022-09-29T16:06:55","date_gmt":"2022-09-29T21:06:55","guid":{"rendered":"https:\/\/balanzasybasculas.com.co\/?post_type=product&#038;p=5944"},"modified":"2022-09-29T16:09:19","modified_gmt":"2022-09-29T21:09:19","slug":"indicador-de-peso-ohaus-dt33p","status":"publish","type":"product","link":"https:\/\/balanzasybasculas.com.co\/?product=indicador-de-peso-ohaus-dt33p","title":{"rendered":"Indicador de Peso Ohaus DT33P"},"content":{"rendered":"<p>Dise\u00f1ado pensando en la asequibilidad para aplicaciones industriales b\u00e1sicas, el indicador i-DT33P combina una carcasa de ABS de alta resist\u00e9ncia con una gran pantalla LCD retroiluminada multicolor y RS232 bidireccional. El i-DT33P tambi\u00e9n incluye aplicaciones para pesaje, recuento de piezas,pesada de chequeo y totalizaci\u00f3n. or combines high-impact ABS housing with a large multicolor backlit LCD display and bi-directional RS232. The i-DT33P also features software for Weighing, Parts Counting, Checkweighing and Totalization.<\/p>\n","protected":false},"excerpt":{"rendered":"<div class=\"col-sm-16\">\n<div class=\"model-section-header\"><strong>ESPECIFICACIONES<\/strong><\/div>\n<div>\n<div id=\"model-specifications\" class=\"model-specifications grey-section\">\n<div class=\"container\">\n<div class=\"col-sm-16\">\n<table class=\"spec-table\">\n<tbody>\n<tr>\n<td>Resoluci\u00f3n<\/td>\n<td>30.000<\/td>\n<\/tr>\n<tr>\n<td>Resoluci\u00f3n (certificada)<\/td>\n<td>10.000<\/td>\n<\/tr>\n<tr>\n<td>Vida \u00fatil de las pilas<\/td>\n<td>100 horas con bater\u00eda recargable;\u00a0 360 horas con bater\u00edas desechables<\/td>\n<\/tr>\n<tr>\n<td>Salidas<\/td>\n<td>No aplica<\/td>\n<\/tr>\n<tr>\n<td>Entrada de segunda b\u00e1scula<\/td>\n<td>No aplica<\/td>\n<\/tr>\n<tr>\n<td>Clasificaci\u00f3n de protecci\u00f3n<\/td>\n<td>Not Applicable<\/td>\n<\/tr>\n<tr>\n<td>Unidades de medida<\/td>\n<td>Metric Tonnes;\u00a0 Gramo;\u00a0 Kilogramo;\u00a0 Libra;\u00a0 Onza;\u00a0 Libra:onza<\/td>\n<\/tr>\n<tr>\n<td>Autorizaci\u00f3n legal para el comercio<\/td>\n<td>EC Type Approvable;\u00a0 OIML<\/td>\n<\/tr>\n<tr>\n<td>Dimensiones<\/td>\n<td>251,6 mm x 177 mm x 81 mm (LxAxA)<\/td>\n<\/tr>\n<tr>\n<td>Pantalla<\/td>\n<td>LCD de 7 segmentos con retroiluminaci\u00f3n multicolor<\/td>\n<\/tr>\n<tr>\n<td>Entorno de trabajo<\/td>\n<td>-10 \u00b0C \u2013 40 \u00b0C, 85 % de HR, sin condensaci\u00f3n<\/td>\n<\/tr>\n<tr>\n<td>Rango de tara<\/td>\n<td>Capacidad por sustracci\u00f3n<\/td>\n<\/tr>\n<tr>\n<td>Peso neto<\/td>\n<td>1,3 kg<\/td>\n<\/tr>\n<tr>\n<td>Potencia<\/td>\n<td>6 bater\u00edas C (LR14) (no incluidas);\u00a0 Bater\u00eda recargable (no incluida);\u00a0 AC Power (Included)<\/td>\n<\/tr>\n<tr>\n<td>Comunicaci\u00f3n<\/td>\n<td>Ethernet (disponible como accesorio);\u00a0 RS232 (incluido);\u00a0 USB (disponible como accesorio)<\/td>\n<\/tr>\n<\/tbody>\n<\/table>\n<\/div>\n<\/div>\n<\/div>\n<\/div>\n<\/div>\n","protected":false},"featured_media":5945,"comment_status":"open","ping_status":"closed","template":"","meta":[],"product_brand":[],"product_cat":[151,157],"product_tag":[],"class_list":{"0":"post-5944","1":"product","2":"type-product","3":"status-publish","4":"has-post-thumbnail","6":"product_cat-indicadores-ohaus","7":"product_cat-indicadores-serie-3000-ohaus","9":"first","10":"instock","11":"shipping-taxable","12":"product-type-simple"},"_links":{"self":[{"href":"https:\/\/balanzasybasculas.com.co\/index.php?rest_route=\/wp\/v2\/product\/5944","targetHints":{"allow":["GET"]}}],"collection":[{"href":"https:\/\/balanzasybasculas.com.co\/index.php?rest_route=\/wp\/v2\/product"}],"about":[{"href":"https:\/\/balanzasybasculas.com.co\/index.php?rest_route=\/wp\/v2\/types\/product"}],"replies":[{"embeddable":true,"href":"https:\/\/balanzasybasculas.com.co\/index.php?rest_route=%2Fwp%2Fv2%2Fcomments&post=5944"}],"wp:featuredmedia":[{"embeddable":true,"href":"https:\/\/balanzasybasculas.com.co\/index.php?rest_route=\/wp\/v2\/media\/5945"}],"wp:attachment":[{"href":"https:\/\/balanzasybasculas.com.co\/index.php?rest_route=%2Fwp%2Fv2%2Fmedia&parent=5944"}],"wp:term":[{"taxonomy":"product_brand","embeddable":true,"href":"https:\/\/balanzasybasculas.com.co\/index.php?rest_route=%2Fwp%2Fv2%2Fproduct_brand&post=5944"},{"taxonomy":"product_cat","embeddable":true,"href":"https:\/\/balanzasybasculas.com.co\/index.php?rest_route=%2Fwp%2Fv2%2Fproduct_cat&post=5944"},{"taxonomy":"product_tag","embeddable":true,"href":"https:\/\/balanzasybasculas.com.co\/index.php?rest_route=%2Fwp%2Fv2%2Fproduct_tag&post=5944"}],"curies":[{"name":"wp","href":"https:\/\/api.w.org\/{rel}","templated":true}]}}