{"id":5972,"date":"2022-10-11T15:45:53","date_gmt":"2022-10-11T20:45:53","guid":{"rendered":"https:\/\/balanzasybasculas.com.co\/?post_type=product&#038;p=5972"},"modified":"2022-10-11T16:10:11","modified_gmt":"2022-10-11T21:10:11","slug":"plancha-de-calentamiento-y-agitacion-guardian-3000-e-g31hs04c","status":"publish","type":"product","link":"https:\/\/balanzasybasculas.com.co\/?product=plancha-de-calentamiento-y-agitacion-guardian-3000-e-g31hs04c","title":{"rendered":"Plancha de Calentamiento y Agitaci\u00f3n Guardian 3000 e-G31HS04C"},"content":{"rendered":"<p>Los agitadores calentadores Guardian 3000\u2122 de OHAUS est\u00e1n dise\u00f1ados para un calentamiento y agitaci\u00f3n econ\u00f3micos en todos los entornos de laboratorio. La brillante pantalla LCD incluye ajustes de temperatura y velocidad f\u00e1ciles de leer, iconos intuitivos y un indicador destacado de la parte superior caliente que se ilumina cuando el calentador est\u00e1 por encima de los 40\u00b0C. Seleccione entre tres tama\u00f1os de placa para adaptarse a su aplicaci\u00f3n. Todos los modelos se pueden utilizar con la sonda de temperatura opcional para un control preciso de la temperatura de la muestra.<\/p>\n","protected":false},"excerpt":{"rendered":"<div class=\"col-sm-16\">\n<div class=\"model-section-header\"><strong>ESPECIFICACIONES<\/strong><\/div>\n<div>\n<div class=\"col-sm-16\">\n<table class=\"spec-table\">\n<tbody>\n<tr>\n<td>Funci\u00f3n<\/td>\n<td>Calentamiento y agitaci\u00f3n<\/td>\n<\/tr>\n<tr>\n<td>Capacidad<\/td>\n<td>15 L<\/td>\n<\/tr>\n<tr>\n<td>Construcci\u00f3n de la placa<\/td>\n<td>Cer\u00e1mica<\/td>\n<\/tr>\n<tr>\n<td>Tama\u00f1o de la placa<\/td>\n<td>102 mm x 102 mm<\/td>\n<\/tr>\n<tr>\n<td>Rango de temp.<\/td>\n<td>Ambiente +5\u00b0C \u2013500\u00b0C<\/td>\n<\/tr>\n<tr>\n<td>Control<\/td>\n<td>Digital<\/td>\n<\/tr>\n<tr>\n<td>Consumo de energ\u00eda<\/td>\n<td>550 W<\/td>\n<\/tr>\n<tr>\n<td>Dimensiones<\/td>\n<td>264 mm x 110 mm x 163 mm (LxAxA)<\/td>\n<\/tr>\n<tr>\n<td>Entorno de trabajo<\/td>\n<td>5\u00b0C \u2013 40\u00b0C, 80% de HR, sin condensaci\u00f3n<\/td>\n<\/tr>\n<tr>\n<td>Intervalo de velocidad<\/td>\n<td>80 a 1600 rpm<\/td>\n<\/tr>\n<tr>\n<td>Peso neto<\/td>\n<td>2,5 kg<\/td>\n<\/tr>\n<tr>\n<td>Certificaci\u00f3n de seguridad<\/td>\n<td>TUV<\/td>\n<\/tr>\n<tr>\n<td>Alimentaci\u00f3n<\/td>\n<td>100 V-120 V~ 5 A 50\/60 Hz<\/td>\n<\/tr>\n<\/tbody>\n<\/table>\n<\/div>\n<\/div>\n<\/div>\n","protected":false},"featured_media":5976,"comment_status":"open","ping_status":"closed","template":"","meta":[],"product_brand":[],"product_cat":[257],"product_tag":[],"class_list":{"0":"post-5972","1":"product","2":"type-product","3":"status-publish","4":"has-post-thumbnail","6":"product_cat-plancha-calentadora-y-agitadora-guardian-3000-ohaus","8":"first","9":"instock","10":"shipping-taxable","11":"product-type-simple"},"_links":{"self":[{"href":"https:\/\/balanzasybasculas.com.co\/index.php?rest_route=\/wp\/v2\/product\/5972","targetHints":{"allow":["GET"]}}],"collection":[{"href":"https:\/\/balanzasybasculas.com.co\/index.php?rest_route=\/wp\/v2\/product"}],"about":[{"href":"https:\/\/balanzasybasculas.com.co\/index.php?rest_route=\/wp\/v2\/types\/product"}],"replies":[{"embeddable":true,"href":"https:\/\/balanzasybasculas.com.co\/index.php?rest_route=%2Fwp%2Fv2%2Fcomments&post=5972"}],"wp:featuredmedia":[{"embeddable":true,"href":"https:\/\/balanzasybasculas.com.co\/index.php?rest_route=\/wp\/v2\/media\/5976"}],"wp:attachment":[{"href":"https:\/\/balanzasybasculas.com.co\/index.php?rest_route=%2Fwp%2Fv2%2Fmedia&parent=5972"}],"wp:term":[{"taxonomy":"product_brand","embeddable":true,"href":"https:\/\/balanzasybasculas.com.co\/index.php?rest_route=%2Fwp%2Fv2%2Fproduct_brand&post=5972"},{"taxonomy":"product_cat","embeddable":true,"href":"https:\/\/balanzasybasculas.com.co\/index.php?rest_route=%2Fwp%2Fv2%2Fproduct_cat&post=5972"},{"taxonomy":"product_tag","embeddable":true,"href":"https:\/\/balanzasybasculas.com.co\/index.php?rest_route=%2Fwp%2Fv2%2Fproduct_tag&post=5972"}],"curies":[{"name":"wp","href":"https:\/\/api.w.org\/{rel}","templated":true}]}}