{"id":6493,"date":"2024-03-05T17:49:05","date_gmt":"2024-03-05T22:49:05","guid":{"rendered":"https:\/\/balanzasybasculas.com.co\/?post_type=product&#038;p=6493"},"modified":"2024-03-05T17:50:27","modified_gmt":"2024-03-05T22:50:27","slug":"agitador-para-uso-ligero-endeavor-5000-e-e51ldmp03-am","status":"publish","type":"product","link":"https:\/\/balanzasybasculas.com.co\/?product=agitador-para-uso-ligero-endeavor-5000-e-e51ldmp03-am","title":{"rendered":"Agitador para uso ligero endeavor\u2122 5000 &#8211; e-E51LDMP03 AM"},"content":{"rendered":"<p>Los agitadores Endeavor\u2122 para uso ligero est\u00e1n disponibles en 3 modelos: \u00f3rbita de 3\u00a0mm, \u00f3rbita de 20\u00a0mm o modelo de microplaca espec\u00edfico. Todos los modelos pueden utilizarse en incubadoras y c\u00e1maras frigor\u00edficas. El accionamiento exc\u00e9ntrico triple y el motor de CC sin escobillas y sin mantenimiento garantizan una agitaci\u00f3n estable, precisa y a largo plazo. Detecci\u00f3n integrada de sobrecarga y desequilibrio para proteger las muestras.<\/p>\n","protected":false},"excerpt":{"rendered":"<div class=\"col-sm-16\">\n<div class=\"model-section-header\"><strong>ESPECIFICACIONES<\/strong><\/div>\n<div>\n<div class=\"col-sm-16\">\n<table class=\"spec-table\">\n<tbody>\n<tr>\n<td><strong>Movimiento<\/strong><\/td>\n<td>Orbital, 3 mm<\/td>\n<\/tr>\n<tr>\n<td><strong>Capacidad<\/strong><\/td>\n<td>4 Microplacas o 2 Racks para Micro tubos<\/td>\n<\/tr>\n<tr>\n<td><strong>Rango de velocidad<\/strong><\/td>\n<td>100 rpm \u2013 1.200 rpm<\/td>\n<\/tr>\n<tr>\n<td><strong>Tama\u00f1o de la bandeja<\/strong><\/td>\n<td>280 mm x 197 mm (LxA)<\/td>\n<\/tr>\n<tr>\n<td><strong>Temporizador<\/strong><\/td>\n<td>1 minuto &#8211; 99 horas, 59 minutos<\/td>\n<\/tr>\n<tr>\n<td><strong>Control<\/strong><\/td>\n<td>Digital<\/td>\n<\/tr>\n<tr>\n<td><strong>Precisi\u00f3n de velocidad<\/strong><\/td>\n<td>\u00b12 rpm, por encima de las 100 rpm \u00b12% de la velocidad establecida<\/td>\n<\/tr>\n<tr>\n<td><strong>Sistema de accionamiento<\/strong><\/td>\n<td>Exc\u00e9ntrico triple;\u00a0 Motor de CC sin escobillas<\/td>\n<\/tr>\n<tr>\n<td><strong>Estructura de la bandeja<\/strong><\/td>\n<td>Aluminio<\/td>\n<\/tr>\n<tr>\n<td><strong>Dimensiones<\/strong><\/td>\n<td>420 mm x 119 mm x 262 mm (LxAxA)<\/td>\n<\/tr>\n<tr>\n<td><strong>\u00d3rbita<\/strong><\/td>\n<td>3 mm<\/td>\n<\/tr>\n<tr>\n<td><strong>Pantalla<\/strong><\/td>\n<td>LCD con luz de fondo personalizable<\/td>\n<\/tr>\n<tr>\n<td><strong>Entorno de trabajo<\/strong><\/td>\n<td>-10 \u00b0C \u2013 40 \u00b0C, 80 % de HR, sin condensaci\u00f3n<\/td>\n<\/tr>\n<tr>\n<td><strong>Intervalo de velocidad<\/strong><\/td>\n<td>100 rpm \u2013 1200 rpm<\/td>\n<\/tr>\n<tr>\n<td><strong>Peso neto<\/strong><\/td>\n<td>7,5 kg<\/td>\n<\/tr>\n<tr>\n<td><strong>Certificaci\u00f3n de seguridad<\/strong><\/td>\n<td>TUV<\/td>\n<\/tr>\n<tr>\n<td><strong>Alimentaci\u00f3n<\/strong><\/td>\n<td>24\u00a0\u00a0 V\u00a0\u00a0 CC, 1.25\u00a0\u00a0 A<\/td>\n<\/tr>\n<tr>\n<td><strong>Comunicaci\u00f3n<\/strong><\/td>\n<td>RS232<\/td>\n<\/tr>\n<tr>\n<td><strong>Ancho (env\u00edo)<\/strong><\/td>\n<td>40 cm<\/td>\n<\/tr>\n<tr>\n<td><strong>Altura (env\u00edo)<\/strong><\/td>\n<td>32 cm<\/td>\n<\/tr>\n<tr>\n<td><strong>Longitud (env\u00edo)<\/strong><\/td>\n<td>56 cm<\/td>\n<\/tr>\n<tr>\n<td><strong>Peso bruto (env\u00edo)<\/strong><\/td>\n<td>9,9 kg<\/td>\n<\/tr>\n<\/tbody>\n<\/table>\n<\/div>\n<\/div>\n<\/div>\n","protected":false},"featured_media":6488,"comment_status":"open","ping_status":"closed","template":"","meta":[],"product_brand":[],"product_cat":[265],"product_tag":[],"class_list":{"0":"post-6493","1":"product","2":"type-product","3":"status-publish","4":"has-post-thumbnail","6":"product_cat-agitador-para-uso-ligero-endeavor-5000","8":"first","9":"instock","10":"shipping-taxable","11":"product-type-simple"},"_links":{"self":[{"href":"https:\/\/balanzasybasculas.com.co\/index.php?rest_route=\/wp\/v2\/product\/6493","targetHints":{"allow":["GET"]}}],"collection":[{"href":"https:\/\/balanzasybasculas.com.co\/index.php?rest_route=\/wp\/v2\/product"}],"about":[{"href":"https:\/\/balanzasybasculas.com.co\/index.php?rest_route=\/wp\/v2\/types\/product"}],"replies":[{"embeddable":true,"href":"https:\/\/balanzasybasculas.com.co\/index.php?rest_route=%2Fwp%2Fv2%2Fcomments&post=6493"}],"wp:featuredmedia":[{"embeddable":true,"href":"https:\/\/balanzasybasculas.com.co\/index.php?rest_route=\/wp\/v2\/media\/6488"}],"wp:attachment":[{"href":"https:\/\/balanzasybasculas.com.co\/index.php?rest_route=%2Fwp%2Fv2%2Fmedia&parent=6493"}],"wp:term":[{"taxonomy":"product_brand","embeddable":true,"href":"https:\/\/balanzasybasculas.com.co\/index.php?rest_route=%2Fwp%2Fv2%2Fproduct_brand&post=6493"},{"taxonomy":"product_cat","embeddable":true,"href":"https:\/\/balanzasybasculas.com.co\/index.php?rest_route=%2Fwp%2Fv2%2Fproduct_cat&post=6493"},{"taxonomy":"product_tag","embeddable":true,"href":"https:\/\/balanzasybasculas.com.co\/index.php?rest_route=%2Fwp%2Fv2%2Fproduct_tag&post=6493"}],"curies":[{"name":"wp","href":"https:\/\/api.w.org\/{rel}","templated":true}]}}