{"id":7310,"date":"2024-07-03T15:27:37","date_gmt":"2024-07-03T20:27:37","guid":{"rendered":"https:\/\/balanzasybasculas.com.co\/?post_type=product&#038;p=7310"},"modified":"2024-07-03T15:30:13","modified_gmt":"2024-07-03T20:30:13","slug":"plataforma-ohaus-defender-serie-6000-d25k1r","status":"publish","type":"product","link":"https:\/\/balanzasybasculas.com.co\/?product=plataforma-ohaus-defender-serie-6000-d25k1r","title":{"rendered":"Plataforma Ohaus Defender Serie 6000 D25K1R"},"content":{"rendered":"<p>La base lavable extrema de la serie Defender 6000 est\u00e1 dise\u00f1ada espec\u00edficamente para aplicaciones alimentarias, qu\u00edmicas y farmac\u00e9uticas, incluidas la producci\u00f3n y el envasado. Defender 6000 se encarga de las aplicaciones m\u00e1s exigentes con una plataforma y un marco de acero inoxidable 316 y una c\u00e9lula de carga IP69K de acero inoxidable sellada herm\u00e9ticamente. Defender 6000 cumple con las homologaciones metrol\u00f3gicas, la lista NSF y los sistemas HACCP compatibles.<\/p>\n","protected":false},"excerpt":{"rendered":"<p><strong>ESPECIFICACIONES<br \/>\n<\/strong><\/p>\n<table width=\"953\">\n<tbody>\n<tr>\n<td width=\"443\">Capacidad m\u00e1xima<\/td>\n<td width=\"510\">25 kg<\/td>\n<\/tr>\n<tr>\n<td>Lectura m\u00ednima<\/td>\n<td>2 g<\/td>\n<\/tr>\n<tr>\n<td>Tama\u00f1o de plataforma<\/td>\n<td>300 mm x 300 mm<\/td>\n<\/tr>\n<tr>\n<td>Autorizada para comercio<\/td>\n<td>Certificado NTEP;\u00a0 Aprobado por Measurement Canada<\/td>\n<\/tr>\n<tr>\n<td>Clasificaci\u00f3n de protecci\u00f3n<\/td>\n<td>IP69k;\u00a0 IP68<\/td>\n<\/tr>\n<tr>\n<td>Dimensiones<\/td>\n<td>300 mm x 106 mm x 300 mm (LxAxA)<\/td>\n<\/tr>\n<tr>\n<td>Peso neto<\/td>\n<td>7 kg<\/td>\n<\/tr>\n<tr>\n<td>Construcci\u00f3n de la plataforma<\/td>\n<td>Acero Inoxidable<\/td>\n<\/tr>\n<\/tbody>\n<\/table>\n<p><strong>\u00a0<\/strong><\/p>\n","protected":false},"featured_media":7311,"comment_status":"open","ping_status":"closed","template":"","meta":[],"product_brand":[],"product_cat":[267,139],"product_tag":[],"class_list":{"0":"post-7310","1":"product","2":"type-product","3":"status-publish","4":"has-post-thumbnail","6":"product_cat-defender-6000-washdown-base","7":"product_cat-plataformas-ohaus","9":"first","10":"instock","11":"shipping-taxable","12":"product-type-simple"},"_links":{"self":[{"href":"https:\/\/balanzasybasculas.com.co\/index.php?rest_route=\/wp\/v2\/product\/7310","targetHints":{"allow":["GET"]}}],"collection":[{"href":"https:\/\/balanzasybasculas.com.co\/index.php?rest_route=\/wp\/v2\/product"}],"about":[{"href":"https:\/\/balanzasybasculas.com.co\/index.php?rest_route=\/wp\/v2\/types\/product"}],"replies":[{"embeddable":true,"href":"https:\/\/balanzasybasculas.com.co\/index.php?rest_route=%2Fwp%2Fv2%2Fcomments&post=7310"}],"wp:featuredmedia":[{"embeddable":true,"href":"https:\/\/balanzasybasculas.com.co\/index.php?rest_route=\/wp\/v2\/media\/7311"}],"wp:attachment":[{"href":"https:\/\/balanzasybasculas.com.co\/index.php?rest_route=%2Fwp%2Fv2%2Fmedia&parent=7310"}],"wp:term":[{"taxonomy":"product_brand","embeddable":true,"href":"https:\/\/balanzasybasculas.com.co\/index.php?rest_route=%2Fwp%2Fv2%2Fproduct_brand&post=7310"},{"taxonomy":"product_cat","embeddable":true,"href":"https:\/\/balanzasybasculas.com.co\/index.php?rest_route=%2Fwp%2Fv2%2Fproduct_cat&post=7310"},{"taxonomy":"product_tag","embeddable":true,"href":"https:\/\/balanzasybasculas.com.co\/index.php?rest_route=%2Fwp%2Fv2%2Fproduct_tag&post=7310"}],"curies":[{"name":"wp","href":"https:\/\/api.w.org\/{rel}","templated":true}]}}