{"id":7405,"date":"2024-07-25T08:06:54","date_gmt":"2024-07-25T13:06:54","guid":{"rendered":"https:\/\/balanzasybasculas.com.co\/?post_type=product&#038;p=7405"},"modified":"2024-07-25T08:08:38","modified_gmt":"2024-07-25T13:08:38","slug":"colorimetros-portatiles-ap50mm-f","status":"publish","type":"product","link":"https:\/\/balanzasybasculas.com.co\/?product=colorimetros-portatiles-ap50mm-f","title":{"rendered":"Color\u00edmetros Port\u00e1tiles &#8211; AP50MM-F"},"content":{"rendered":"<p>El fot\u00f3metro port\u00e1til multifunci\u00f3n AquaSearcher AP50MM est\u00e1 dise\u00f1ado de forma intuitiva para proporcionar mediciones de turbidez y colorim\u00e9tricas r\u00e1pidas y fiables. Su dise\u00f1o robusto permite tomarlo con una sola mano y lo hace perfecto para aplicaciones de campo; adem\u00e1s, el estuche de transporte contiene todos los accesorios de prueba. El AP50MM le permite al usuario programar previamente los par\u00e1metros de prueba para aumentar la eficiencia.<\/p>\n","protected":false},"excerpt":{"rendered":"<div class=\"col-sm-16\">\n<div class=\"model-section-header\"><strong>ESPECIFICACIONES<\/strong><\/div>\n<table width=\"953\">\n<tbody>\n<tr>\n<td width=\"443\">Longitud de onda fija<\/td>\n<td width=\"510\">365 nm;\u00a0 420 nm;\u00a0 455 nm;\u00a0 525 nm;\u00a0 560 nm;\u00a0 570 nm;\u00a0 630 nm<\/td>\n<\/tr>\n<tr>\n<td>Rango de medici\u00f3n fotom\u00e9trica<\/td>\n<td>0 Abs ~ 1 Abs<\/td>\n<\/tr>\n<tr>\n<td>Precisi\u00f3n fotom\u00e9trica<\/td>\n<td>\u00b1 0.005\u00a0\u00a0 Abs a 1,0\u00a0\u00a0 Abs nominal<\/td>\n<\/tr>\n<tr>\n<td>Turbidez del sistema \u00f3ptico<\/td>\n<td>Nefelometr\u00eda<\/td>\n<\/tr>\n<tr>\n<td>Almacenamiento de datos<\/td>\n<td>Grupo de 30\u00a0\u00a0 000 con fecha y hora<\/td>\n<\/tr>\n<tr>\n<td>Duraci\u00f3n de la bater\u00eda<\/td>\n<td>6 meses (t\u00edpico) a 25 lecturas por semana<\/td>\n<\/tr>\n<tr>\n<td>Dimensiones<\/td>\n<td>265 mm x 69 mm x 88 mm (LxAxA)<\/td>\n<\/tr>\n<tr>\n<td>Pantalla<\/td>\n<td>Pantalla LCD retroiluminada, 160 \u00d7 240\u00a0\u00a0 p\u00edxeles<\/td>\n<\/tr>\n<tr>\n<td>Peso neto<\/td>\n<td>0,6 kg<\/td>\n<\/tr>\n<tr>\n<td>Alimentaci\u00f3n<\/td>\n<td>4 bater\u00edas AA (LR6) (incluidas)<\/td>\n<\/tr>\n<tr>\n<td>Compatibilidad con viales de muestras<\/td>\n<td>Redondos de \u00d824\u00a0\u00a0 mm<\/td>\n<\/tr>\n<tr>\n<td>Fuente de luz<\/td>\n<td>Diodo emisor de luz (LED)<\/td>\n<\/tr>\n<tr>\n<td>Intervalo de temperatura de almacenamiento-:<\/td>\n<td>18 \u00b0C &#8211; 60 \u00b0C ~ 0 \u00b0F &#8211; 140 \u00b0F<\/td>\n<\/tr>\n<tr>\n<td>L\u00edmite de detecci\u00f3n de turbidez NTU<\/td>\n<td>1<\/td>\n<\/tr>\n<tr>\n<td>Longitud de onda de excitaci\u00f3n de turbidez<\/td>\n<td>LED IR;\u00a0 Blanco<\/td>\n<\/tr>\n<tr>\n<td>Rango de medici\u00f3n de turbidez NTU<\/td>\n<td>0 &#8211; 200<\/td>\n<\/tr>\n<tr>\n<td>Reproducibilidad de la turbidez<\/td>\n<td>1\u00a0\u00a0 NTU<\/td>\n<\/tr>\n<tr>\n<td>Exactitud de la longitud de onda<\/td>\n<td>\u00b11.0\u00a0\u00a0 nm<\/td>\n<\/tr>\n<tr>\n<td>Selecci\u00f3n de longitud de onda<\/td>\n<td>Autom\u00e1tico<\/td>\n<\/tr>\n<tr>\n<td>Altitud de trabajo<\/td>\n<td>Hasta 2000\u00a0\u00a0 m<\/td>\n<\/tr>\n<tr>\n<td>Entorno de trabajo<\/td>\n<td>4 ~ 41\u00a0\u00a0 \u00b0C, 85\u00a0\u00a0 % de HR, sin condensaci\u00f3n<\/td>\n<\/tr>\n<\/tbody>\n<\/table>\n<\/div>\n","protected":false},"featured_media":7406,"comment_status":"open","ping_status":"closed","template":"","meta":[],"product_brand":[],"product_cat":[269,163],"product_tag":[],"class_list":{"0":"post-7405","1":"product","2":"type-product","3":"status-publish","4":"has-post-thumbnail","6":"product_cat-colorimetros-portatiles","7":"product_cat-electroquimica-ohaus","9":"first","10":"instock","11":"shipping-taxable","12":"product-type-simple"},"_links":{"self":[{"href":"https:\/\/balanzasybasculas.com.co\/index.php?rest_route=\/wp\/v2\/product\/7405","targetHints":{"allow":["GET"]}}],"collection":[{"href":"https:\/\/balanzasybasculas.com.co\/index.php?rest_route=\/wp\/v2\/product"}],"about":[{"href":"https:\/\/balanzasybasculas.com.co\/index.php?rest_route=\/wp\/v2\/types\/product"}],"replies":[{"embeddable":true,"href":"https:\/\/balanzasybasculas.com.co\/index.php?rest_route=%2Fwp%2Fv2%2Fcomments&post=7405"}],"wp:featuredmedia":[{"embeddable":true,"href":"https:\/\/balanzasybasculas.com.co\/index.php?rest_route=\/wp\/v2\/media\/7406"}],"wp:attachment":[{"href":"https:\/\/balanzasybasculas.com.co\/index.php?rest_route=%2Fwp%2Fv2%2Fmedia&parent=7405"}],"wp:term":[{"taxonomy":"product_brand","embeddable":true,"href":"https:\/\/balanzasybasculas.com.co\/index.php?rest_route=%2Fwp%2Fv2%2Fproduct_brand&post=7405"},{"taxonomy":"product_cat","embeddable":true,"href":"https:\/\/balanzasybasculas.com.co\/index.php?rest_route=%2Fwp%2Fv2%2Fproduct_cat&post=7405"},{"taxonomy":"product_tag","embeddable":true,"href":"https:\/\/balanzasybasculas.com.co\/index.php?rest_route=%2Fwp%2Fv2%2Fproduct_tag&post=7405"}],"curies":[{"name":"wp","href":"https:\/\/api.w.org\/{rel}","templated":true}]}}