{"id":7432,"date":"2024-08-02T08:52:59","date_gmt":"2024-08-02T13:52:59","guid":{"rendered":"https:\/\/balanzasybasculas.com.co\/?post_type=product&#038;p=7432"},"modified":"2025-02-28T08:23:49","modified_gmt":"2025-02-28T13:23:49","slug":"centrifuga-ohaus-frontier-5000-multi-pro-fc5830r","status":"publish","type":"product","link":"https:\/\/balanzasybasculas.com.co\/?product=centrifuga-ohaus-frontier-5000-multi-pro-fc5830r","title":{"rendered":"Centrifuga Ohaus Frontier 5000 Multi-Pro FC5830R"},"content":{"rendered":"<p>Las centr\u00edfugas Frontier 5000 Multi-Pro est\u00e1n dise\u00f1adas para un uso universal en m\u00faltiples aplicaciones en laboratorios de investigaci\u00f3n, industriales y cl\u00ednicos, y se pueden combinar con nuestra gama de rotores y accesorios para un uso personalizado. Disponibles en 11 modelos con capacidades de 0,2 ml a 4 \u00d7 1000 ml, ofrecen un rendimiento de alta velocidad a un volumen m\u00e1ximo, identificaci\u00f3n autom\u00e1tica del rotor y funciones de seguridad..<\/p>\n","protected":false},"excerpt":{"rendered":"<div class=\"col-sm-16\">\n<div class=\"model-section-header\"><strong>ESPECIFICACIONES<\/strong><\/div>\n<\/div>\n<div class=\"col-sm-16\">\n<table width=\"953\">\n<tbody>\n<tr>\n<td width=\"443\">Rango de velocidad<\/td>\n<td width=\"510\">200 rpm \u2013 30.000 rpm<\/td>\n<\/tr>\n<tr>\n<td>Fuerza centr\u00edfuga relativa m\u00e1xima (xg)<\/td>\n<td>65.395 gramos<\/td>\n<\/tr>\n<tr>\n<td>Capacidad m\u00e1xima (rotor)<\/td>\n<td>6 x 250 ml<\/td>\n<\/tr>\n<tr>\n<td>Gama de refrigeraci\u00f3n<\/td>\n<td>-4 \u00b0F \u2013 104 \u00b0F (-20 \u00b0C \u2013 40 \u00b0C)<\/td>\n<\/tr>\n<tr>\n<td>Memorias de programas<\/td>\n<td>99<\/td>\n<\/tr>\n<tr>\n<td>Rotor en paquete<\/td>\n<td>No aplica<\/td>\n<\/tr>\n<tr>\n<td>Engranaje de aceleraci\u00f3n<\/td>\n<td>10<\/td>\n<\/tr>\n<tr>\n<td>Engranaje de desaceleraci\u00f3n<\/td>\n<td>10<\/td>\n<\/tr>\n<tr>\n<td>Dimensiones<\/td>\n<td>20,4 pulgadas x 16,3 pulgadas x 28,5 pulgadas (519 mm x 413 mm x 723 mm) (largo x alto x ancho)<\/td>\n<\/tr>\n<tr>\n<td>Mostrar<\/td>\n<td>LCD retroiluminado de 2 l\u00edneas<\/td>\n<\/tr>\n<tr>\n<td>Bloqueo de la tapa<\/td>\n<td>Conducido por motor<\/td>\n<\/tr>\n<tr>\n<td>Peso neto<\/td>\n<td>201 libras (91 kg)<\/td>\n<\/tr>\n<tr>\n<td>Nivel de ruido<\/td>\n<td>\u226460\u00b12 dB(A)<\/td>\n<\/tr>\n<tr>\n<td>Fuerza<\/td>\n<td>Adaptador de CA (incluido)<\/td>\n<\/tr>\n<tr>\n<td>El consumo de energ\u00eda<\/td>\n<td>1,6 kW<\/td>\n<\/tr>\n<tr>\n<td>Tiempo de pre-enfriamiento<\/td>\n<td>Desde temperatura ambiente hasta 4\u2103 \uff1c 10 min<\/td>\n<\/tr>\n<tr>\n<td>M\u00e9todo de reconocimiento de rotor<\/td>\n<td>Auto<\/td>\n<\/tr>\n<tr>\n<td>Tiempo de ejecuci\u00f3n<\/td>\n<td>10 segundos a 99 horas 59 minutos 59 segundos<\/td>\n<\/tr>\n<tr>\n<td>Certificaci\u00f3n de seguridad<\/td>\n<td>CE; FCC<\/td>\n<\/tr>\n<tr>\n<td>Ambiente de trabajo<\/td>\n<td>36 \u00b0F \u2013 95 \u00b0F, 80 % HR, sin condensaci\u00f3n (2 \u00b0C \u2013 35 \u00b0C, 80 % HR, sin condensaci\u00f3n)<\/td>\n<\/tr>\n<\/tbody>\n<\/table>\n<\/div>\n","protected":false},"featured_media":7433,"comment_status":"open","ping_status":"closed","template":"","meta":[],"product_brand":[],"product_cat":[272,176,175],"product_tag":[],"class_list":{"0":"post-7432","1":"product","2":"type-product","3":"status-publish","4":"has-post-thumbnail","6":"product_cat-centrifigas-multiproposito","7":"product_cat-centrifugas-ohaus","8":"product_cat-equipos-de-laboratorio-ohaus","10":"first","11":"instock","12":"shipping-taxable","13":"product-type-simple"},"_links":{"self":[{"href":"https:\/\/balanzasybasculas.com.co\/index.php?rest_route=\/wp\/v2\/product\/7432","targetHints":{"allow":["GET"]}}],"collection":[{"href":"https:\/\/balanzasybasculas.com.co\/index.php?rest_route=\/wp\/v2\/product"}],"about":[{"href":"https:\/\/balanzasybasculas.com.co\/index.php?rest_route=\/wp\/v2\/types\/product"}],"replies":[{"embeddable":true,"href":"https:\/\/balanzasybasculas.com.co\/index.php?rest_route=%2Fwp%2Fv2%2Fcomments&post=7432"}],"wp:featuredmedia":[{"embeddable":true,"href":"https:\/\/balanzasybasculas.com.co\/index.php?rest_route=\/wp\/v2\/media\/7433"}],"wp:attachment":[{"href":"https:\/\/balanzasybasculas.com.co\/index.php?rest_route=%2Fwp%2Fv2%2Fmedia&parent=7432"}],"wp:term":[{"taxonomy":"product_brand","embeddable":true,"href":"https:\/\/balanzasybasculas.com.co\/index.php?rest_route=%2Fwp%2Fv2%2Fproduct_brand&post=7432"},{"taxonomy":"product_cat","embeddable":true,"href":"https:\/\/balanzasybasculas.com.co\/index.php?rest_route=%2Fwp%2Fv2%2Fproduct_cat&post=7432"},{"taxonomy":"product_tag","embeddable":true,"href":"https:\/\/balanzasybasculas.com.co\/index.php?rest_route=%2Fwp%2Fv2%2Fproduct_tag&post=7432"}],"curies":[{"name":"wp","href":"https:\/\/api.w.org\/{rel}","templated":true}]}}