{"id":7517,"date":"2024-10-08T11:42:07","date_gmt":"2024-10-08T16:42:07","guid":{"rendered":"https:\/\/balanzasybasculas.com.co\/?post_type=product&#038;p=7517"},"modified":"2024-10-08T11:42:24","modified_gmt":"2024-10-08T16:42:24","slug":"analizador-de-humedad-ohaus-mb92","status":"publish","type":"product","link":"https:\/\/balanzasybasculas.com.co\/?product=analizador-de-humedad-ohaus-mb92","title":{"rendered":"Analizador de Humedad Ohaus MB92"},"content":{"rendered":"<p>El nuevo MB92 cuenta con una carcasa redise\u00f1ada, un innovador calentamiento de fibra de carbono y una celda de carga mejorada para mejorar la durabilidad y el rendimiento. Ideal para usuarios que exigen un mayor nivel de rendimiento tanto en el laboratorio como en la planta de producci\u00f3n, ya que ofrece una mayor seguridad e integridad de los datos con protecci\u00f3n por contrase\u00f1a.<\/p>\n","protected":false},"excerpt":{"rendered":"<div class=\"col-sm-16\">\n<div class=\"model-section-header\"><strong>ESPECIFICACIONES<\/strong><\/div>\n<div>\n<table class=\"spec-table\">\n<tbody>\n<tr>\n<td><strong>Capacidad m\u00e1xima<\/strong><\/td>\n<td>90 g<\/td>\n<\/tr>\n<tr>\n<td><strong>Contenido de lectura de humedad<\/strong><\/td>\n<td>1\u00a0\u00a0 mg\/0,01\u00a0\u00a0 %<\/td>\n<\/tr>\n<tr>\n<td><strong>Tama\u00f1o del plato<\/strong><\/td>\n<td>90 mm<\/td>\n<\/tr>\n<tr>\n<td><strong>Tipo de calefactor<\/strong><\/td>\n<td>Fibra de carbono<\/td>\n<\/tr>\n<tr>\n<td><strong>Comunicaci\u00f3n<\/strong><\/td>\n<td>Dispositivo USB;\u00a0 RS232;\u00a0 Host USB<\/td>\n<\/tr>\n<tr>\n<td><strong>Contenido de humedad recomendado MC%<\/strong><\/td>\n<td>0,5 % &#8211; 100 %<\/td>\n<\/tr>\n<tr>\n<td><strong>Ajuste<\/strong><\/td>\n<td>Ajuste de temperatura: mec\u00e1nico (100\u00a0\u00a0 \u00b0C, 160\u00a0\u00a0 \u00b0C);\u00a0 Ajuste de peso: externo (50\u00a0\u00a0 g)<\/td>\n<\/tr>\n<tr>\n<td><strong>Dimensiones<\/strong><\/td>\n<td>352 mm x 138 mm x 210 mm (LxAxA)<\/td>\n<\/tr>\n<tr>\n<td><strong>Pantalla<\/strong><\/td>\n<td>Pantalla t\u00e1ctil capacitiva de 4.3&#8243;<\/td>\n<\/tr>\n<tr>\n<td><strong>Resultados en pantalla<\/strong><\/td>\n<td>RG%;\u00a0 Temperatura;\u00a0 Curva de secado;\u00a0 DC%;\u00a0 Hora;\u00a0 Nombre del m\u00e9todo;\u00a0 Estad\u00edsticas;\u00a0 MC%;\u00a0 Peso<\/td>\n<\/tr>\n<tr>\n<td><strong>Perfiles de calefacci\u00f3n<\/strong><\/td>\n<td>Rampa;\u00a0 Est\u00e1ndar;\u00a0 Paso;\u00a0 R\u00e1pido<\/td>\n<\/tr>\n<tr>\n<td><strong>Manejo de ID<\/strong><\/td>\n<td>Nombre de la muestra;\u00a0 ID de la muestra;\u00a0 ID de lote<\/td>\n<\/tr>\n<tr>\n<td><strong>Funda de protecci\u00f3n<\/strong><\/td>\n<td>Incluido<\/td>\n<\/tr>\n<tr>\n<td><strong>Rango de humedad<\/strong><\/td>\n<td>0,01 % \u2013 100 %<\/td>\n<\/tr>\n<tr>\n<td><strong>Peso neto<\/strong><\/td>\n<td>4,3 kg<\/td>\n<\/tr>\n<tr>\n<td><strong>Intervalo de funcionamiento (temp.)<\/strong><\/td>\n<td>10 \u00b0C \u2013 40 \u00b0C<\/td>\n<\/tr>\n<tr>\n<td><strong>Instrucciones de funcionamiento<\/strong><\/td>\n<td>Curva de secado en vivo;\u00a0 Instrucciones en pantalla<\/td>\n<\/tr>\n<tr>\n<td><strong>Repetibilidad<\/strong><\/td>\n<td>0.08\u00a0\u00a0 % (muestra de 3\u00a0\u00a0 g);\u00a0 0.015\u00a0\u00a0 % (muestra de 10\u00a0\u00a0 g)<\/td>\n<\/tr>\n<tr>\n<td><strong>Tipos de apagado<\/strong><\/td>\n<td>Temporizado;\u00a0 5 autom\u00e1ticos;\u00a0 Manual;\u00a0 Personalizado: el usuario ajusta p\u00e9rdida de peso\/tiempo<\/td>\n<\/tr>\n<tr>\n<td><strong>Indicador de estado<\/strong><\/td>\n<td>Indicador de estado multicolor<\/td>\n<\/tr>\n<tr>\n<td><strong>Resultados guardados<\/strong><\/td>\n<td>200<\/td>\n<\/tr>\n<tr>\n<td><strong>Rango de temperatura<\/strong><\/td>\n<td>40 \u00b0C \u2013 200 \u00b0C<\/td>\n<\/tr>\n<tr>\n<td><strong>Biblioteca de pruebas<\/strong><\/td>\n<td>20<\/td>\n<\/tr>\n<\/tbody>\n<\/table>\n<\/div>\n<\/div>\n","protected":false},"featured_media":7515,"comment_status":"open","ping_status":"closed","template":"","meta":[],"product_brand":[],"product_cat":[161],"product_tag":[],"class_list":{"0":"post-7517","1":"product","2":"type-product","3":"status-publish","4":"has-post-thumbnail","6":"product_cat-analizadores-de-humedad-ohaus","8":"first","9":"instock","10":"shipping-taxable","11":"product-type-simple"},"_links":{"self":[{"href":"https:\/\/balanzasybasculas.com.co\/index.php?rest_route=\/wp\/v2\/product\/7517","targetHints":{"allow":["GET"]}}],"collection":[{"href":"https:\/\/balanzasybasculas.com.co\/index.php?rest_route=\/wp\/v2\/product"}],"about":[{"href":"https:\/\/balanzasybasculas.com.co\/index.php?rest_route=\/wp\/v2\/types\/product"}],"replies":[{"embeddable":true,"href":"https:\/\/balanzasybasculas.com.co\/index.php?rest_route=%2Fwp%2Fv2%2Fcomments&post=7517"}],"wp:featuredmedia":[{"embeddable":true,"href":"https:\/\/balanzasybasculas.com.co\/index.php?rest_route=\/wp\/v2\/media\/7515"}],"wp:attachment":[{"href":"https:\/\/balanzasybasculas.com.co\/index.php?rest_route=%2Fwp%2Fv2%2Fmedia&parent=7517"}],"wp:term":[{"taxonomy":"product_brand","embeddable":true,"href":"https:\/\/balanzasybasculas.com.co\/index.php?rest_route=%2Fwp%2Fv2%2Fproduct_brand&post=7517"},{"taxonomy":"product_cat","embeddable":true,"href":"https:\/\/balanzasybasculas.com.co\/index.php?rest_route=%2Fwp%2Fv2%2Fproduct_cat&post=7517"},{"taxonomy":"product_tag","embeddable":true,"href":"https:\/\/balanzasybasculas.com.co\/index.php?rest_route=%2Fwp%2Fv2%2Fproduct_tag&post=7517"}],"curies":[{"name":"wp","href":"https:\/\/api.w.org\/{rel}","templated":true}]}}