{"id":7719,"date":"2025-02-04T16:32:16","date_gmt":"2025-02-04T21:32:16","guid":{"rendered":"https:\/\/balanzasybasculas.com.co\/?post_type=product&#038;p=7719"},"modified":"2025-02-04T16:45:55","modified_gmt":"2025-02-04T21:45:55","slug":"plancha-de-calentamiento-guardian-5000-e-g52hs07c","status":"publish","type":"product","link":"https:\/\/balanzasybasculas.com.co\/?product=plancha-de-calentamiento-guardian-5000-e-g52hs07c","title":{"rendered":"Plancha de calentamiento y agitaci\u00f3n Guardian 5000 e-G52HS07C"},"content":{"rendered":"<p>Los agitadores de placa calefactora Guardian 5000TM de \u00faltima generaci\u00f3n est\u00e1n dise\u00f1ados para brindar seguridad y versatilidad en entornos de investigaci\u00f3n, acad\u00e9micos e industriales. Ofrecen un calentamiento y una mezcla potentes, con hardware y software de primera calidad para ayudar a diversos usuarios de forma segura y fiable. Los modelos de calentamiento alcanzan hasta 550\u00a0\u00b0C y cuentan con 3 modos de control de temperatura para un calentamiento r\u00e1pido o preciso sin sobrecalentamiento. Elija entre 5 modelos con 3 tama\u00f1os de placa.<\/p>\n","protected":false},"excerpt":{"rendered":"<div class=\"col-sm-16\">\n<div class=\"model-section-header\"><strong>ESPECIFICACIONES<\/strong><\/div>\n<div>\n<div id=\"model-specifications\" class=\"model-specifications grey-section\">\n<table width=\"1125\">\n<tbody>\n<tr>\n<td width=\"487\"><strong>Funci\u00f3n<\/strong><\/td>\n<td width=\"638\">Calentamiento y agitaci\u00f3n<\/td>\n<\/tr>\n<tr>\n<td width=\"487\"><strong>Capacidad<\/strong><\/td>\n<td width=\"638\">20 L<\/td>\n<\/tr>\n<tr>\n<td width=\"487\"><strong>Construcci\u00f3n de la placa<\/strong><\/td>\n<td width=\"638\">Cer\u00e1mica<\/td>\n<\/tr>\n<tr>\n<td width=\"487\"><strong>Tama\u00f1o de la placa<\/strong><\/td>\n<td width=\"638\">18 cm x 18 cm<\/td>\n<\/tr>\n<tr>\n<td width=\"487\"><strong>Rango de temp.<\/strong><\/td>\n<td width=\"638\">Ambiente +5\u00a0\u00a0 \u00b0C \u2013550\u00a0\u00a0 \u00b0C<\/td>\n<\/tr>\n<tr>\n<td width=\"487\"><strong>Rango de velocidad<\/strong><\/td>\n<td width=\"638\">50 rpm \u2013 1.800 rpm<\/td>\n<\/tr>\n<tr>\n<td width=\"487\"><strong>Calibraci\u00f3n<\/strong><\/td>\n<td width=\"638\">Calibraci\u00f3n de temperatura de 3 placas\/3 sondas<\/td>\n<\/tr>\n<tr>\n<td width=\"487\"><strong>Control<\/strong><\/td>\n<td width=\"638\">Digital<\/td>\n<\/tr>\n<tr>\n<td width=\"487\"><strong>Dimensiones<\/strong><\/td>\n<td width=\"638\">329 mm x 116 mm x 221 mm (LxAxA)<\/td>\n<\/tr>\n<tr>\n<td width=\"487\"><strong>Pantalla<\/strong><\/td>\n<td width=\"638\">Pantalla LCD brillante de alto contraste<\/td>\n<\/tr>\n<tr>\n<td width=\"487\"><strong>Peso neto<\/strong><\/td>\n<td width=\"638\">4,6 kg<\/td>\n<\/tr>\n<tr>\n<td width=\"487\"><strong>Alimentaci\u00f3n<\/strong><\/td>\n<td width=\"638\">100\u00a0\u00a0 V-120\u00a0\u00a0 V~ 15\u00a0\u00a0 A 50\/60\u00a0\u00a0 Hz<\/td>\n<\/tr>\n<tr>\n<td width=\"487\"><strong>Certificaci\u00f3n de seguridad<\/strong><\/td>\n<td width=\"638\">CE;\u00a0 TUV<\/td>\n<\/tr>\n<tr>\n<td width=\"487\"><strong>Sonda de temperatura<\/strong><\/td>\n<td width=\"638\">Pt100;\u00a0 Pt1000;\u00a0 Disponible como accesorio<\/td>\n<\/tr>\n<tr>\n<td width=\"487\"><strong>Estabilidad de temp.<\/strong><\/td>\n<td width=\"638\">Placa de +\/-1\u00a0\u00a0 %, debajo de 100\u00a0\u00a0 \u00b0C +\/-1\u00a0\u00a0 \u00b0C y sonda de +\/-0.5\u00a0\u00a0 %, debajo de 100\u00a0\u00a0 \u00b0C +\/-0.5\u00a0\u00a0 \u00b0C<\/td>\n<\/tr>\n<tr>\n<td width=\"487\"><strong>Temporizador<\/strong><\/td>\n<td width=\"638\">1 minuto &#8211; 99 horas, 59 minutos<\/td>\n<\/tr>\n<tr>\n<td width=\"487\"><strong>Entorno de trabajo<\/strong><\/td>\n<td width=\"638\">5\u00b0C \u2013 40\u00b0C, 80% de HR, sin condensaci\u00f3n<\/td>\n<\/tr>\n<\/tbody>\n<\/table>\n<\/div>\n<\/div>\n<\/div>\n","protected":false},"featured_media":7720,"comment_status":"open","ping_status":"closed","template":"","meta":[],"product_brand":[],"product_cat":[234,199],"product_tag":[],"class_list":{"0":"post-7719","1":"product","2":"type-product","3":"status-publish","4":"has-post-thumbnail","6":"product_cat-plancha-calentadora-y-agitadora-guardian-5000-ohaus","7":"product_cat-planchas-de-calentamiento-ohaus","9":"first","10":"instock","11":"shipping-taxable","12":"product-type-simple"},"_links":{"self":[{"href":"https:\/\/balanzasybasculas.com.co\/index.php?rest_route=\/wp\/v2\/product\/7719","targetHints":{"allow":["GET"]}}],"collection":[{"href":"https:\/\/balanzasybasculas.com.co\/index.php?rest_route=\/wp\/v2\/product"}],"about":[{"href":"https:\/\/balanzasybasculas.com.co\/index.php?rest_route=\/wp\/v2\/types\/product"}],"replies":[{"embeddable":true,"href":"https:\/\/balanzasybasculas.com.co\/index.php?rest_route=%2Fwp%2Fv2%2Fcomments&post=7719"}],"wp:featuredmedia":[{"embeddable":true,"href":"https:\/\/balanzasybasculas.com.co\/index.php?rest_route=\/wp\/v2\/media\/7720"}],"wp:attachment":[{"href":"https:\/\/balanzasybasculas.com.co\/index.php?rest_route=%2Fwp%2Fv2%2Fmedia&parent=7719"}],"wp:term":[{"taxonomy":"product_brand","embeddable":true,"href":"https:\/\/balanzasybasculas.com.co\/index.php?rest_route=%2Fwp%2Fv2%2Fproduct_brand&post=7719"},{"taxonomy":"product_cat","embeddable":true,"href":"https:\/\/balanzasybasculas.com.co\/index.php?rest_route=%2Fwp%2Fv2%2Fproduct_cat&post=7719"},{"taxonomy":"product_tag","embeddable":true,"href":"https:\/\/balanzasybasculas.com.co\/index.php?rest_route=%2Fwp%2Fv2%2Fproduct_tag&post=7719"}],"curies":[{"name":"wp","href":"https:\/\/api.w.org\/{rel}","templated":true}]}}