{"id":7748,"date":"2025-02-28T08:32:51","date_gmt":"2025-02-28T13:32:51","guid":{"rendered":"https:\/\/balanzasybasculas.com.co\/?post_type=product&#038;p=7748"},"modified":"2025-02-28T08:35:07","modified_gmt":"2025-02-28T13:35:07","slug":"centrifuga-ohaus-frontier-5000-multi-pro-fc5917rf-short","status":"publish","type":"product","link":"https:\/\/balanzasybasculas.com.co\/?product=centrifuga-ohaus-frontier-5000-multi-pro-fc5917rf-short","title":{"rendered":"Centrifuga Ohaus Frontier 5000 Multi-Pro FC5917RF SHORT"},"content":{"rendered":"<p>Las centr\u00edfugas Frontier 5000 Multi-Pro est\u00e1n dise\u00f1adas para uso universal en aplicaciones m\u00faltiples en laboratorios de investigaci\u00f3n, industriales y cl\u00ednicos y se pueden combinar con nuestra gama de rotores y accesorios para uso personalizado. Disponibles en 11 modelos con capacidades de 0.2 ml a 4 \u00d7 1000 ml, y presentan un rendimiento de alta velocidad al volumen m\u00e1ximo, identificaci\u00f3n autom\u00e1tica del rotor y caracter\u00edsticas de seguridad.<\/p>\n","protected":false},"excerpt":{"rendered":"<div class=\"col-sm-16\">\n<div class=\"model-section-header\"><strong>ESPECIFICACIONES<\/strong><\/div>\n<table width=\"1127\">\n<tbody>\n<tr>\n<td width=\"489\"><strong>Rango de velocidad<\/strong><\/td>\n<td width=\"638\">200 rpm \u2013 16.010 rpm<\/td>\n<\/tr>\n<tr>\n<td width=\"489\"><strong>Fuerza centr\u00edfuga m\u00e1xima relativa<\/strong><\/td>\n<td width=\"638\">26.361 g<\/td>\n<\/tr>\n<tr>\n<td width=\"489\"><strong>Capacidad m\u00e1xima (rotor)<\/strong><\/td>\n<td width=\"638\">4 x 1000 ml<\/td>\n<\/tr>\n<tr>\n<td width=\"489\"><strong>Intervalo de refrigeraci\u00f3n<\/strong><\/td>\n<td width=\"638\">-20 \u00b0C \u2013 40 \u00b0C<\/td>\n<\/tr>\n<tr>\n<td width=\"489\"><strong>Memorias de programa<\/strong><\/td>\n<td width=\"638\">99<\/td>\n<\/tr>\n<tr>\n<td width=\"489\"><strong>Rotor en paquete<\/strong><\/td>\n<td width=\"638\">No aplica<\/td>\n<\/tr>\n<tr>\n<td width=\"489\"><strong>Velocidad de aceleraci\u00f3n<\/strong><\/td>\n<td width=\"638\">10<\/td>\n<\/tr>\n<tr>\n<td width=\"489\"><strong>Velocidad de desaceleraci\u00f3n<\/strong><\/td>\n<td width=\"638\">10<\/td>\n<\/tr>\n<tr>\n<td width=\"489\"><strong>Dimensiones<\/strong><\/td>\n<td width=\"638\">620 mm x 700 mm x 690 mm (LxAxA)<\/td>\n<\/tr>\n<tr>\n<td width=\"489\"><strong>Pantalla<\/strong><\/td>\n<td width=\"638\">Pantalla LCD con retroiluminaci\u00f3n<\/td>\n<\/tr>\n<tr>\n<td width=\"489\"><strong>Bloqueo de tapa<\/strong><\/td>\n<td width=\"638\">Impulso por motor<\/td>\n<\/tr>\n<tr>\n<td width=\"489\"><strong>Peso neto<\/strong><\/td>\n<td width=\"638\">157 kg<\/td>\n<\/tr>\n<tr>\n<td width=\"489\"><strong>Nivel de ruido<\/strong><\/td>\n<td width=\"638\">\u226463\u00b12 dB(A)<\/td>\n<\/tr>\n<tr>\n<td width=\"489\"><strong>Alimentaci\u00f3n<\/strong><\/td>\n<td width=\"638\">Corriente AC (incluida)<\/td>\n<\/tr>\n<tr>\n<td width=\"489\"><strong>Consumo de energ\u00eda<\/strong><\/td>\n<td width=\"638\">2,3 kW<\/td>\n<\/tr>\n<tr>\n<td width=\"489\"><strong>Tiempo de preenfriamiento<\/strong><\/td>\n<td width=\"638\">No determinado<\/td>\n<\/tr>\n<tr>\n<td width=\"489\"><strong>Compatibilidad del rotor<\/strong><\/td>\n<td width=\"638\">\u00c1ngulo 4 x 85ml RB ID Hie 4 x 85ml RB ID Hi;\u00a0 \u00c1ngulo de 6 x 250 ml FB DI;\u00a0 \u00c1ngulo 10 x 50 ml FA ID;\u00a0 Rotore Swing out 4x1000ml ID Sealable;\u00a0 Oscilante, 4\u00a0\u00a0 x\u00a0\u00a0 750\u00a0\u00a0 ml, ID, sellable;\u00a0 Rotor de \u00e1ngulo 4\u00a0\u00a0 x\u00a0\u00a0 500\u00a0\u00a0 ml, ID<\/td>\n<\/tr>\n<tr>\n<td width=\"489\"><strong>M\u00e9todo de reconocimiento de rotor<\/strong><\/td>\n<td width=\"638\">Autom\u00e1tico<\/td>\n<\/tr>\n<tr>\n<td width=\"489\"><strong>Tiempo de funcionamiento<\/strong><\/td>\n<td width=\"638\">10 seg a 99 h 59 min 59 seg<\/td>\n<\/tr>\n<tr>\n<td width=\"489\"><strong>Certificaci\u00f3n de seguridad<\/strong><\/td>\n<td width=\"638\">CE;\u00a0 FCC<\/td>\n<\/tr>\n<tr>\n<td width=\"489\"><strong>Entorno de trabajo<\/strong><\/td>\n<td width=\"638\">2\u00b0C \u2013 35\u00b0C, 80%RH, sin condensaci\u00f3n<\/td>\n<\/tr>\n<\/tbody>\n<\/table>\n<\/div>\n","protected":false},"featured_media":7747,"comment_status":"open","ping_status":"closed","template":"","meta":[],"product_brand":[],"product_cat":[272,176,175],"product_tag":[],"class_list":{"0":"post-7748","1":"product","2":"type-product","3":"status-publish","4":"has-post-thumbnail","6":"product_cat-centrifigas-multiproposito","7":"product_cat-centrifugas-ohaus","8":"product_cat-equipos-de-laboratorio-ohaus","10":"first","11":"instock","12":"shipping-taxable","13":"product-type-simple"},"_links":{"self":[{"href":"https:\/\/balanzasybasculas.com.co\/index.php?rest_route=\/wp\/v2\/product\/7748","targetHints":{"allow":["GET"]}}],"collection":[{"href":"https:\/\/balanzasybasculas.com.co\/index.php?rest_route=\/wp\/v2\/product"}],"about":[{"href":"https:\/\/balanzasybasculas.com.co\/index.php?rest_route=\/wp\/v2\/types\/product"}],"replies":[{"embeddable":true,"href":"https:\/\/balanzasybasculas.com.co\/index.php?rest_route=%2Fwp%2Fv2%2Fcomments&post=7748"}],"wp:featuredmedia":[{"embeddable":true,"href":"https:\/\/balanzasybasculas.com.co\/index.php?rest_route=\/wp\/v2\/media\/7747"}],"wp:attachment":[{"href":"https:\/\/balanzasybasculas.com.co\/index.php?rest_route=%2Fwp%2Fv2%2Fmedia&parent=7748"}],"wp:term":[{"taxonomy":"product_brand","embeddable":true,"href":"https:\/\/balanzasybasculas.com.co\/index.php?rest_route=%2Fwp%2Fv2%2Fproduct_brand&post=7748"},{"taxonomy":"product_cat","embeddable":true,"href":"https:\/\/balanzasybasculas.com.co\/index.php?rest_route=%2Fwp%2Fv2%2Fproduct_cat&post=7748"},{"taxonomy":"product_tag","embeddable":true,"href":"https:\/\/balanzasybasculas.com.co\/index.php?rest_route=%2Fwp%2Fv2%2Fproduct_tag&post=7748"}],"curies":[{"name":"wp","href":"https:\/\/api.w.org\/{rel}","templated":true}]}}