{"id":7767,"date":"2025-02-28T11:51:41","date_gmt":"2025-02-28T16:51:41","guid":{"rendered":"https:\/\/balanzasybasculas.com.co\/?post_type=product&#038;p=7767"},"modified":"2025-02-28T11:56:18","modified_gmt":"2025-02-28T16:56:18","slug":"electrodo-ohaus-para-conductividad-serie-starter-stcon8c","status":"publish","type":"product","link":"https:\/\/balanzasybasculas.com.co\/?product=electrodo-ohaus-para-conductividad-serie-starter-stcon8c","title":{"rendered":"Electrodo Ohaus para Conductividad Serie Starter STCON8C"},"content":{"rendered":"<p>Con el respaldo de nuestro compromiso con la medici\u00f3n exacta y precisa, la serie de electrodos Starter de OHAUS est\u00e1 dise\u00f1ada para brindar resultados exactos una y otra vez. La serie Starter incluye electrodos para pH, referencia, potencial redox, conductividad, ox\u00edgeno disuelto (OD) y temperatura para utilizar junto con los medidores de mesa y port\u00e1tiles Starter.<\/p>\n","protected":false},"excerpt":{"rendered":"<div class=\"col-sm-16\">\n<div class=\"model-section-header\"><strong>ESPECIFICACIONES<\/strong><\/div>\n<\/div>\n<table width=\"1127\">\n<tbody>\n<tr>\n<td width=\"489\"><strong>Intervalo de medici\u00f3n<\/strong><\/td>\n<td width=\"638\">0.055 &#8211; 300 \u00b5S\/cm<\/td>\n<\/tr>\n<tr>\n<td width=\"489\"><strong>Tipo de electrodo<\/strong><\/td>\n<td width=\"638\">Conductividad<\/td>\n<\/tr>\n<tr>\n<td width=\"489\"><strong>Cable<\/strong><\/td>\n<td width=\"638\">1 m<\/td>\n<\/tr>\n<tr>\n<td width=\"489\"><strong>Material del eje<\/strong><\/td>\n<td width=\"638\">Vidrio<\/td>\n<\/tr>\n<tr>\n<td width=\"489\"><strong>Dimensiones<\/strong><\/td>\n<td width=\"638\">155 mm x 120 mm (Lx\u00d8)<\/td>\n<\/tr>\n<tr>\n<td width=\"489\"><strong>Sensor de temperatura<\/strong><\/td>\n<td width=\"638\">NTC 30 K\u03a9<\/td>\n<\/tr>\n<\/tbody>\n<\/table>\n","protected":false},"featured_media":7768,"comment_status":"open","ping_status":"closed","template":"","meta":[],"product_brand":[],"product_cat":[167,163,168],"product_tag":[],"class_list":{"0":"post-7767","1":"product","2":"type-product","3":"status-publish","4":"has-post-thumbnail","6":"product_cat-electrodos-ohaus","7":"product_cat-electroquimica-ohaus","8":"product_cat-ph-ohaus","10":"first","11":"instock","12":"shipping-taxable","13":"product-type-simple"},"_links":{"self":[{"href":"https:\/\/balanzasybasculas.com.co\/index.php?rest_route=\/wp\/v2\/product\/7767","targetHints":{"allow":["GET"]}}],"collection":[{"href":"https:\/\/balanzasybasculas.com.co\/index.php?rest_route=\/wp\/v2\/product"}],"about":[{"href":"https:\/\/balanzasybasculas.com.co\/index.php?rest_route=\/wp\/v2\/types\/product"}],"replies":[{"embeddable":true,"href":"https:\/\/balanzasybasculas.com.co\/index.php?rest_route=%2Fwp%2Fv2%2Fcomments&post=7767"}],"wp:featuredmedia":[{"embeddable":true,"href":"https:\/\/balanzasybasculas.com.co\/index.php?rest_route=\/wp\/v2\/media\/7768"}],"wp:attachment":[{"href":"https:\/\/balanzasybasculas.com.co\/index.php?rest_route=%2Fwp%2Fv2%2Fmedia&parent=7767"}],"wp:term":[{"taxonomy":"product_brand","embeddable":true,"href":"https:\/\/balanzasybasculas.com.co\/index.php?rest_route=%2Fwp%2Fv2%2Fproduct_brand&post=7767"},{"taxonomy":"product_cat","embeddable":true,"href":"https:\/\/balanzasybasculas.com.co\/index.php?rest_route=%2Fwp%2Fv2%2Fproduct_cat&post=7767"},{"taxonomy":"product_tag","embeddable":true,"href":"https:\/\/balanzasybasculas.com.co\/index.php?rest_route=%2Fwp%2Fv2%2Fproduct_tag&post=7767"}],"curies":[{"name":"wp","href":"https:\/\/api.w.org\/{rel}","templated":true}]}}