{"id":7843,"date":"2025-05-07T10:42:39","date_gmt":"2025-05-07T15:42:39","guid":{"rendered":"https:\/\/balanzasybasculas.com.co\/?post_type=product&#038;p=7843"},"modified":"2025-05-07T10:47:51","modified_gmt":"2025-05-07T15:47:51","slug":"la-inspeccion-por-rayos-x","status":"publish","type":"product","link":"https:\/\/balanzasybasculas.com.co\/?product=la-inspeccion-por-rayos-x","title":{"rendered":"La inspecci\u00f3n por rayos X"},"content":{"rendered":"<p>Impulse su negocio con la controladora de peso intermedia de A&amp;D. Pese hasta 65 piezas por minuto con capacidades de hasta 45 kg, todo en un espacio reducido y con diversas opciones de rechazo. Perfecta para productos como transportadores de cajas y aplicaciones en la industria alimentaria y de bebidas, incluyendo pan.<\/p>\n","protected":false},"excerpt":{"rendered":"<table width=\"1420\">\n<tbody>\n<tr>\n<td width=\"353\"><\/td>\n<td width=\"274\"><strong>AD-4991-2510<\/strong><\/td>\n<td width=\"257\"><strong>AD-4991-2515<\/strong><\/td>\n<td width=\"257\"><strong>AD-4991-3530<\/strong><\/td>\n<td width=\"279\"><strong>AD-4991-4530<\/strong><\/td>\n<\/tr>\n<tr>\n<td width=\"353\"><strong>Salida de rayos X<\/strong><\/td>\n<td width=\"274\">100 W (50 kV_2 mA)<\/td>\n<td width=\"257\">150 W (50 kV_3 mA)<\/td>\n<td width=\"257\">300 W (75 kV_4 mA)<\/td>\n<td width=\"279\">300 W\u00a0\u00a0\u00a0(75 kV_4 mA)<\/td>\n<\/tr>\n<tr>\n<td width=\"353\"><strong>Ancho del transportador<\/strong><\/td>\n<td width=\"274\">250 mm (9,84 pulgadas)<\/td>\n<td width=\"257\">250 mm (9,84 pulgadas)<\/td>\n<td width=\"257\">350 mm (13,78 pulgadas)<\/td>\n<td width=\"279\">450 mm (17,72 pulgadas)<\/td>\n<\/tr>\n<tr>\n<td width=\"353\"><strong>Velocidad m\u00e1xima de transporte<\/strong><\/td>\n<td width=\"274\">45 m\/min (147 pies por minuto)<\/td>\n<td width=\"257\">70 m\/min (229 pies por minuto)<\/td>\n<td width=\"257\">45 m\/min (147 pies por minuto)<\/td>\n<td width=\"279\">10-40 m\/min (33-131 pies por minuto)<\/td>\n<\/tr>\n<tr>\n<td width=\"353\"><strong>Longitud del sistema<\/strong><\/td>\n<td width=\"274\">800 mm (31,5 pulgadas)<\/td>\n<td width=\"257\">800 mm (31,5 pulgadas)<\/td>\n<td width=\"257\">800 mm (31,5 pulgadas)<\/td>\n<td width=\"279\">1000 mm (39,37 pulgadas)<\/td>\n<\/tr>\n<tr>\n<td width=\"353\"><strong>Altura del transportador<\/strong><\/td>\n<td width=\"274\">720-860 mil\u00edmetros<\/td>\n<td width=\"257\">720-860 mil\u00edmetros<\/td>\n<td width=\"257\">720-860 mil\u00edmetros<\/td>\n<td width=\"279\">720-860 mil\u00edmetros<\/td>\n<\/tr>\n<tr>\n<td width=\"353\"><strong>Carga m\u00e1xima de transporte<\/strong><\/td>\n<td width=\"274\">5 kg (11 libras)<\/td>\n<td width=\"257\">5 kg (11 libras)<\/td>\n<td width=\"257\">5 kg (11 libras)<\/td>\n<td width=\"279\">10 kg (22 libras)<\/td>\n<\/tr>\n<tr>\n<td width=\"353\"><strong>Clasificaci\u00f3n IP<\/strong><\/td>\n<td width=\"274\">IP65<\/td>\n<td width=\"257\">IP65<\/td>\n<td width=\"257\">IP65<\/td>\n<td width=\"279\">IP65<\/td>\n<\/tr>\n<tr>\n<td width=\"353\"><strong>Diagrama de vigas<\/strong><\/td>\n<td><img decoding=\"async\" src=\"https:\/\/inspection.andonline.com\/sites\/default\/files\/2023-07\/scale%20diagram_2510.png\" alt=\"Diagrama de vigas\" \/><\/td>\n<td><img decoding=\"async\" src=\"https:\/\/inspection.andonline.com\/sites\/default\/files\/2023-07\/scale%20diagram_2515.png\" alt=\"Diagrama de vigas\" \/><\/td>\n<td><img decoding=\"async\" src=\"https:\/\/inspection.andonline.com\/sites\/default\/files\/2023-07\/scale%20diagram_3530.png\" alt=\"Diagrama de vigas\" \/><\/td>\n<td><img decoding=\"async\" src=\"https:\/\/inspection.andonline.com\/sites\/default\/files\/2023-07\/scale%20diagram_4530.png\" alt=\"Diagrama de vigas\" \/><\/td>\n<\/tr>\n<tr>\n<td width=\"353\"><strong>Seguridad de rayos X<\/strong><\/td>\n<td width=\"274\">Cumple con los est\u00e1ndares de radiaci\u00f3n de la FDA 21 CFR Subcap\u00edtulo J<\/td>\n<td width=\"257\">Cumple con los est\u00e1ndares de radiaci\u00f3n de la FDA 21 CFR Subcap\u00edtulo J<\/td>\n<td width=\"257\">Cumple con los est\u00e1ndares de radiaci\u00f3n de la FDA 21 CFR Subcap\u00edtulo J<\/td>\n<td width=\"279\">Cumple con los est\u00e1ndares de radiaci\u00f3n de la FDA 21 CFR Subcap\u00edtulo J<\/td>\n<\/tr>\n<\/tbody>\n<\/table>\n","protected":false},"featured_media":7842,"comment_status":"open","ping_status":"closed","template":"","meta":[],"product_brand":[],"product_cat":[275,277],"product_tag":[],"class_list":{"0":"post-7843","1":"product","2":"type-product","3":"status-publish","4":"has-post-thumbnail","6":"product_cat-chequeador","7":"product_cat-la-inspeccion-por-rayos-x","9":"first","10":"instock","11":"shipping-taxable","12":"product-type-simple"},"_links":{"self":[{"href":"https:\/\/balanzasybasculas.com.co\/index.php?rest_route=\/wp\/v2\/product\/7843","targetHints":{"allow":["GET"]}}],"collection":[{"href":"https:\/\/balanzasybasculas.com.co\/index.php?rest_route=\/wp\/v2\/product"}],"about":[{"href":"https:\/\/balanzasybasculas.com.co\/index.php?rest_route=\/wp\/v2\/types\/product"}],"replies":[{"embeddable":true,"href":"https:\/\/balanzasybasculas.com.co\/index.php?rest_route=%2Fwp%2Fv2%2Fcomments&post=7843"}],"wp:featuredmedia":[{"embeddable":true,"href":"https:\/\/balanzasybasculas.com.co\/index.php?rest_route=\/wp\/v2\/media\/7842"}],"wp:attachment":[{"href":"https:\/\/balanzasybasculas.com.co\/index.php?rest_route=%2Fwp%2Fv2%2Fmedia&parent=7843"}],"wp:term":[{"taxonomy":"product_brand","embeddable":true,"href":"https:\/\/balanzasybasculas.com.co\/index.php?rest_route=%2Fwp%2Fv2%2Fproduct_brand&post=7843"},{"taxonomy":"product_cat","embeddable":true,"href":"https:\/\/balanzasybasculas.com.co\/index.php?rest_route=%2Fwp%2Fv2%2Fproduct_cat&post=7843"},{"taxonomy":"product_tag","embeddable":true,"href":"https:\/\/balanzasybasculas.com.co\/index.php?rest_route=%2Fwp%2Fv2%2Fproduct_tag&post=7843"}],"curies":[{"name":"wp","href":"https:\/\/api.w.org\/{rel}","templated":true}]}}